{"id":31901,"date":"2019-02-21T21:01:59","date_gmt":"2019-02-21T20:01:59","guid":{"rendered":"https:\/\/caminoignaciano.org\/pasado\/"},"modified":"2024-02-27T18:53:19","modified_gmt":"2024-02-27T17:53:19","slug":"pasado","status":"publish","type":"page","link":"https:\/\/caminoignaciano.org\/pt-pt\/pasado\/","title":{"rendered":"pasado"},"content":{"rendered":"\t\t<div data-elementor-type=\"wp-post\" data-elementor-id=\"31901\" class=\"elementor elementor-31901 elementor-6557 elementor-bc-flex-widget\" data-elementor-post-type=\"page\">\n\t\t\t\t\t\t<section class=\"elementor-section elementor-top-section elementor-element elementor-element-1c1811ee elementor-section-height-min-height elementor-section-content-middle elementor-section-full_width elementor-section-height-default elementor-section-items-middle\" data-id=\"1c1811ee\" data-element_type=\"section\" data-e-type=\"section\" data-settings=\"{&quot;background_background&quot;:&quot;classic&quot;}\">\n\t\t\t\t\t\t\t<div class=\"elementor-background-overlay\"><\/div>\n\t\t\t\t\t\t\t<div class=\"elementor-container elementor-column-gap-no\">\n\t\t\t\t\t<div class=\"elementor-column elementor-col-100 elementor-top-column elementor-element elementor-element-6dc66bad\" data-id=\"6dc66bad\" data-element_type=\"column\" data-e-type=\"column\">\n\t\t\t<div class=\"elementor-widget-wrap elementor-element-populated\">\n\t\t\t\t\t\t<div class=\"elementor-element elementor-element-c76d5c elementor-headline--style-highlight elementor-widget elementor-widget-animated-headline\" data-id=\"c76d5c\" data-element_type=\"widget\" data-e-type=\"widget\" data-settings=\"{&quot;highlighted_text&quot;:&quot;Peregrinando pelo passado&quot;,&quot;headline_style&quot;:&quot;highlight&quot;,&quot;marker&quot;:&quot;circle&quot;,&quot;loop&quot;:&quot;yes&quot;,&quot;highlight_animation_duration&quot;:1200,&quot;highlight_iteration_delay&quot;:8000}\" data-widget_type=\"animated-headline.default\">\n\t\t\t\t<div class=\"elementor-widget-container\">\n\t\t\t\t\t\t\t<h2 class=\"elementor-headline\">\n\t\t\t\t<span class=\"elementor-headline-dynamic-wrapper elementor-headline-text-wrapper\">\n\t\t\t\t\t<span class=\"elementor-headline-dynamic-text elementor-headline-text-active\">Peregrinando pelo passado<\/span>\n\t\t\t\t<\/span>\n\t\t\t\t<\/h2>\n\t\t\t\t\t\t<\/div>\n\t\t\t\t<\/div>\n\t\t\t\t\t<\/div>\n\t\t<\/div>\n\t\t\t\t\t<\/div>\n\t\t<\/section>\n\t\t\t\t<section class=\"elementor-section elementor-top-section elementor-element elementor-element-2d25a21a elementor-section-full_width elementor-section-height-default elementor-section-height-default\" data-id=\"2d25a21a\" data-element_type=\"section\" data-e-type=\"section\" data-settings=\"{&quot;background_background&quot;:&quot;classic&quot;}\">\n\t\t\t\t\t\t\t<div class=\"elementor-background-overlay\"><\/div>\n\t\t\t\t\t\t\t<div class=\"elementor-container elementor-column-gap-default\">\n\t\t\t\t\t<div class=\"elementor-column elementor-col-100 elementor-top-column elementor-element elementor-element-2e5f829\" data-id=\"2e5f829\" data-element_type=\"column\" data-e-type=\"column\">\n\t\t\t<div class=\"elementor-widget-wrap elementor-element-populated\">\n\t\t\t\t\t\t<section class=\"elementor-section elementor-inner-section elementor-element elementor-element-123e26a6 elementor-section-full_width elementor-section-height-default elementor-section-height-default\" data-id=\"123e26a6\" data-element_type=\"section\" data-e-type=\"section\">\n\t\t\t\t\t\t<div class=\"elementor-container elementor-column-gap-default\">\n\t\t\t\t\t<div class=\"elementor-column elementor-col-50 elementor-inner-column elementor-element elementor-element-2dee2c94\" data-id=\"2dee2c94\" data-element_type=\"column\" data-e-type=\"column\" data-settings=\"{&quot;background_background&quot;:&quot;classic&quot;}\">\n\t\t\t<div class=\"elementor-widget-wrap elementor-element-populated\">\n\t\t\t\t\t<div class=\"elementor-background-overlay\"><\/div>\n\t\t\t\t\t\t<div class=\"elementor-element elementor-element-66b8a5c9 elementor-widget elementor-widget-heading\" data-id=\"66b8a5c9\" data-element_type=\"widget\" data-e-type=\"widget\" data-widget_type=\"heading.default\">\n\t\t\t\t<div class=\"elementor-widget-container\">\n\t\t\t\t\t<h2 class=\"elementor-heading-title elementor-size-default\">Algumas pistas cronol\u00f3gicas da vida de In\u00e1cio<\/h2>\t\t\t\t<\/div>\n\t\t\t\t<\/div>\n\t\t\t\t\t<\/div>\n\t\t<\/div>\n\t\t\t\t<div class=\"elementor-column elementor-col-50 elementor-inner-column elementor-element elementor-element-50e21344\" data-id=\"50e21344\" data-element_type=\"column\" data-e-type=\"column\" id=\"programa tu camino\" data-settings=\"{&quot;background_background&quot;:&quot;classic&quot;}\">\n\t\t\t<div class=\"elementor-widget-wrap elementor-element-populated\">\n\t\t\t\t\t<div class=\"elementor-background-overlay\"><\/div>\n\t\t\t\t\t\t<div class=\"elementor-element elementor-element-6670e3a1 elementor-widget elementor-widget-text-editor\" data-id=\"6670e3a1\" data-element_type=\"widget\" data-e-type=\"widget\" data-widget_type=\"text-editor.default\">\n\t\t\t\t<div class=\"elementor-widget-container\">\n\t\t\t\t\t\t\t\t\t<p>1491: Nasce em Loyola (Pa\u00eds Basco).<\/p><p>1521, maio: Ferido na batalha de Pamplona. Recupera\u00e7\u00e3o e convalescen\u00e7a na sua casa em Azpeitia. Convers\u00e3o.\u00a0<\/p><p>1522: In\u00e1cio permanece em Manresa.<\/p><p>1523: In\u00e1cio permanece em Jerusal\u00e9m.<\/p><p>1524-1527: Estudos em Barcelona, Salamanca e Alcal\u00e1.<\/p><p>1528-1535: Estadia em Paris. Primeiros companheiros.<\/p><p>1537, junho: Ordenado sacerdote em Veneza.<\/p><p>1540: Reconhecimento da Companhia de Jesus por Paulo III.<\/p><p>1548: O Papa Paulo III aprova os Exerc\u00edcios Espirituais.<\/p><p>1553-1555: Relata sua vida ao seu secret\u00e1rio. A autobiografia \u00e9 escrita.<\/p><p>1556, 31 de julho: In\u00e1cio de Loyola morre em Roma<\/p>\t\t\t\t\t\t\t\t<\/div>\n\t\t\t\t<\/div>\n\t\t\t\t\t<\/div>\n\t\t<\/div>\n\t\t\t\t\t<\/div>\n\t\t<\/section>\n\t\t\t\t<section class=\"elementor-section elementor-inner-section elementor-element elementor-element-a68532c elementor-section-full_width elementor-section-height-default elementor-section-height-default\" data-id=\"a68532c\" data-element_type=\"section\" data-e-type=\"section\">\n\t\t\t\t\t\t<div class=\"elementor-container elementor-column-gap-default\">\n\t\t\t\t\t<div class=\"elementor-column elementor-col-50 elementor-inner-column elementor-element elementor-element-c173cbf\" data-id=\"c173cbf\" data-element_type=\"column\" data-e-type=\"column\" data-settings=\"{&quot;background_background&quot;:&quot;classic&quot;}\">\n\t\t\t<div class=\"elementor-widget-wrap elementor-element-populated\">\n\t\t\t\t\t<div class=\"elementor-background-overlay\"><\/div>\n\t\t\t\t\t\t<div class=\"elementor-element elementor-element-8277ca5 elementor-widget elementor-widget-text-editor\" data-id=\"8277ca5\" data-element_type=\"widget\" data-e-type=\"widget\" data-widget_type=\"text-editor.default\">\n\t\t\t\t<div class=\"elementor-widget-container\">\n\t\t\t\t\t\t\t\t\t<p>In\u00e1cio nasceu em Loyola, provavelmente em 1491, numa fam\u00edlia nobre no Pa\u00eds Basco. Ele era o mais novo de treze irm\u00e3os. Em 1521 foi ferido durante a defesa de Pamplona contra as tropas francesas. Durante o per\u00edodo de recupera\u00e7\u00e3o e convalescen\u00e7a no lar da fam\u00edlia, sofreu uma profunda transforma\u00e7\u00e3o espiritual, aquilo a que chamou a sua convers\u00e3o, e que o levou a abandonar o que tinha sido a sua vida at\u00e9 ent\u00e3o, e a dedicar-se a partir desse momento \u00e0 procura da vontade de Deus.\u00a0<\/p><p>Decidiu tornar-se um peregrino e ir \u00e0 Terra Santa. A primeira fase desta peregrina\u00e7\u00e3o levou-o para o Santu\u00e1rio de Nossa Senhora de Montserrat. Come\u00e7ou em 1522, no final de janeiro ou in\u00edcio de fevereiro, e chegou a Montserrat no dia 21 de mar\u00e7o. Como narra na sua Autobiografia, o conhecido epis\u00f3dio do seu encontro com um mu\u00e7ulmano com quem conversa e discute assuntos religiosos tem lugar durante esta viagem. Neste &#8220;di\u00e1logo inter-religioso&#8221;, que mostra um fervor ainda muito imaturo mas j\u00e1 muito intenso, \u00e9 not\u00e1vel o facto de In\u00e1cio duvidar se deva ou n\u00e3o matar o mu\u00e7ulmano por ter ofendido Maria ao negar a sua virgindade.\u00a0<\/p><p>In\u00e1cio permanece na cidade de Manresa durante mais de dez meses. A\u00ed continuou a sua ora\u00e7\u00e3o e penit\u00eancia, e escreveu as suas profundas experi\u00eancias espirituais num caderno que levava consigo. Assim, em Manresa, nasceram os &#8220;Exerc\u00edcios Espirituais&#8221;, que desde ent\u00e3o t\u00eam sido praticados por milh\u00f5es de crist\u00e3os at\u00e9 aos dias de hoje como uma forma segura de procurar e encontrar a vontade de Deus.\u00a0<\/p><p>N\u00e3o \u00e9 exagero dizer que foi em Manresa que In\u00e1cio viveu a fase mais importante da sua evolu\u00e7\u00e3o espiritual. Como ele pr\u00f3prio explica na sua Autobiografia, <i>&#8220;de modo que ao longo de toda a sua vida, mesmo depois de sessenta e dois anos, reunindo toda a ajuda que tinha de Deus, e todas as coisas que ele sabia, mesmo que as juntasse todas numa s\u00f3, n\u00e3o lhe parecia ter conseguido tanto como com aquela \u00fanica vez&#8221;.<\/i><\/p>\t\t\t\t\t\t\t\t<\/div>\n\t\t\t\t<\/div>\n\t\t\t\t\t<\/div>\n\t\t<\/div>\n\t\t\t\t<div class=\"elementor-column elementor-col-50 elementor-inner-column elementor-element elementor-element-b6ed8b4\" data-id=\"b6ed8b4\" data-element_type=\"column\" data-e-type=\"column\" data-settings=\"{&quot;background_background&quot;:&quot;classic&quot;}\">\n\t\t\t<div class=\"elementor-widget-wrap elementor-element-populated\">\n\t\t\t\t\t<div class=\"elementor-background-overlay\"><\/div>\n\t\t\t\t\t\t<div class=\"elementor-element elementor-element-641cd4e elementor-widget elementor-widget-heading\" data-id=\"641cd4e\" data-element_type=\"widget\" data-e-type=\"widget\" data-widget_type=\"heading.default\">\n\t\t\t\t<div class=\"elementor-widget-container\">\n\t\t\t\t\t<h2 class=\"elementor-heading-title elementor-size-default\">Contexto hist\u00f3rico: In\u00e1cio de Loyola e a sua peregrina\u00e7\u00e3o em 1522<\/h2>\t\t\t\t<\/div>\n\t\t\t\t<\/div>\n\t\t\t\t\t<\/div>\n\t\t<\/div>\n\t\t\t\t\t<\/div>\n\t\t<\/section>\n\t\t\t\t<section class=\"elementor-section elementor-inner-section elementor-element elementor-element-fc5427a elementor-section-full_width elementor-section-height-default elementor-section-height-default\" data-id=\"fc5427a\" data-element_type=\"section\" data-e-type=\"section\">\n\t\t\t\t\t\t<div class=\"elementor-container elementor-column-gap-default\">\n\t\t\t\t\t<div class=\"elementor-column elementor-col-50 elementor-inner-column elementor-element elementor-element-354c680\" data-id=\"354c680\" data-element_type=\"column\" data-e-type=\"column\" data-settings=\"{&quot;background_background&quot;:&quot;classic&quot;}\">\n\t\t\t<div class=\"elementor-widget-wrap elementor-element-populated\">\n\t\t\t\t\t<div class=\"elementor-background-overlay\"><\/div>\n\t\t\t\t\t\t<div class=\"elementor-element elementor-element-34a2bbf elementor-widget elementor-widget-heading\" data-id=\"34a2bbf\" data-element_type=\"widget\" data-e-type=\"widget\" data-widget_type=\"heading.default\">\n\t\t\t\t<div class=\"elementor-widget-container\">\n\t\t\t\t\t<h2 class=\"elementor-heading-title elementor-size-default\">Entrar na experi\u00eancia de In\u00e1cio<\/h2>\t\t\t\t<\/div>\n\t\t\t\t<\/div>\n\t\t\t\t\t<\/div>\n\t\t<\/div>\n\t\t\t\t<div class=\"elementor-column elementor-col-50 elementor-inner-column elementor-element elementor-element-8aaff91\" data-id=\"8aaff91\" data-element_type=\"column\" data-e-type=\"column\" data-settings=\"{&quot;background_background&quot;:&quot;classic&quot;}\">\n\t\t\t<div class=\"elementor-widget-wrap elementor-element-populated\">\n\t\t\t\t\t<div class=\"elementor-background-overlay\"><\/div>\n\t\t\t\t\t\t<div class=\"elementor-element elementor-element-96456a5 elementor-widget elementor-widget-text-editor\" data-id=\"96456a5\" data-element_type=\"widget\" data-e-type=\"widget\" data-widget_type=\"text-editor.default\">\n\t\t\t\t<div class=\"elementor-widget-container\">\n\t\t\t\t\t\t\t\t\t<p>In\u00e1cio era um peregrino religioso numa sociedade religiosa. \u00c9 bastante prov\u00e1vel que, no seu caminho, tenha visitado a maioria dos locais e igrejas constru\u00eddas antes do s\u00e9culo XVI. Em pequenas cidades com apenas duas ou tr\u00eas igrejas, In\u00e1cio visitaria todas elas para assistir \u00e0 missa, para orar diante dos seus altares, ou para ouvir os frades a cantar a Liturgia das Horas.\u00a0<\/p><p>In\u00e1cio pararia na pra\u00e7a principal da cidade para comprar provis\u00f5es, para confirmar a dist\u00e2ncia at\u00e9 \u00e0 pr\u00f3xima aldeia, ou simplesmente para conversar com os seus habitantes.\u00a0<\/p><p>Certamente, o peregrino de hoje n\u00e3o viver\u00e1 a experi\u00eancia espiritual de In\u00e1cio de Loyola em toda a sua intensidade. N\u00e3o encontrar\u00e1 em Logro\u00f1o, Sarago\u00e7a, Tudela ou Lleida uma placa a dizer &#8220;In\u00e1cio de Loyola dormiu aqui&#8221;. E no entanto, em centenas de lugares pelo caminho pode ter a certeza de que In\u00e1cio rezou nesta igreja, fez compras neste mercado, ou caminhou por este rio, subiu esta colina at\u00e9 aquele santu\u00e1rio ou mosteiro, ou olhou maravilhado para esta mesma paisagem.\u00a0<\/p><p>Os locais de peregrina\u00e7\u00e3o para destinos considerados sagrados tinham proliferado ao longo da Idade M\u00e9dia. Os peregrinos deixavam as suas casas e partiam para o caminho em busca do favor divino, curando as suas doen\u00e7as, ou perdoando os seus pecados. Era algo comum na vida medieval. Muitos fizeram pequenas peregrina\u00e7\u00f5es a santu\u00e1rios pr\u00f3ximos. Outros tiveram o privil\u00e9gio de poder fazer, uma vez na vida, a sua grande peregrina\u00e7\u00e3o a Santiago de Compostela, a Roma, ou \u00e0 Terra Santa.\u00a0<\/p><p>Os peregrinos do s\u00e9culo XXI ter\u00e3o de fazer um esfor\u00e7o imaginativo para compreender o peregrino do tempo de In\u00e1cio. Mas estar\u00e1 ao teu alcance compreender o valor e significado, mesmo para o homem de hoje, desta pr\u00e1tica de peregrina\u00e7\u00e3o, como algo importante para a tua pr\u00f3pria vida e para o teu pr\u00f3prio crescimento espiritual. Vale a pena tentar! N\u00e3o percas esta oportunidade na tua peregrina\u00e7\u00e3o!\u00a0<\/p>\t\t\t\t\t\t\t\t<\/div>\n\t\t\t\t<\/div>\n\t\t\t\t\t<\/div>\n\t\t<\/div>\n\t\t\t\t\t<\/div>\n\t\t<\/section>\n\t\t\t\t<section class=\"elementor-section elementor-inner-section elementor-element elementor-element-3585be04 elementor-section-boxed elementor-section-height-default elementor-section-height-default\" data-id=\"3585be04\" data-element_type=\"section\" data-e-type=\"section\">\n\t\t\t\t\t\t<div class=\"elementor-container elementor-column-gap-default\">\n\t\t\t\t\t<div class=\"elementor-column elementor-col-25 elementor-inner-column elementor-element elementor-element-ef8f650\" data-id=\"ef8f650\" data-element_type=\"column\" data-e-type=\"column\" data-settings=\"{&quot;background_background&quot;:&quot;classic&quot;}\">\n\t\t\t<div class=\"elementor-widget-wrap elementor-element-populated\">\n\t\t\t\t\t<div class=\"elementor-background-overlay\"><\/div>\n\t\t\t\t\t\t<div class=\"elementor-element elementor-element-e0f5f5e elementor-align-center elementor-widget elementor-widget-button\" data-id=\"e0f5f5e\" data-element_type=\"widget\" data-e-type=\"widget\" data-widget_type=\"button.default\">\n\t\t\t\t<div class=\"elementor-widget-container\">\n\t\t\t\t\t\t\t\t\t<div class=\"elementor-button-wrapper\">\n\t\t\t\t\t<a class=\"elementor-button elementor-button-link elementor-size-md\" href=\"https:\/\/caminoignaciano.org\/pt-pt\/o-caminho-inaciano\/\">\n\t\t\t\t\t\t<span class=\"elementor-button-content-wrapper\">\n\t\t\t\t\t\t\t\t\t<span class=\"elementor-button-text\">O CAMINHO<\/span>\n\t\t\t\t\t<\/span>\n\t\t\t\t\t<\/a>\n\t\t\t\t<\/div>\n\t\t\t\t\t\t\t\t<\/div>\n\t\t\t\t<\/div>\n\t\t\t\t\t<\/div>\n\t\t<\/div>\n\t\t\t\t<div class=\"elementor-column elementor-col-25 elementor-inner-column elementor-element elementor-element-54f82c40\" data-id=\"54f82c40\" data-element_type=\"column\" data-e-type=\"column\" data-settings=\"{&quot;background_background&quot;:&quot;classic&quot;}\">\n\t\t\t<div class=\"elementor-widget-wrap elementor-element-populated\">\n\t\t\t\t\t<div class=\"elementor-background-overlay\"><\/div>\n\t\t\t\t\t\t<div class=\"elementor-element elementor-element-375aac2c elementor-align-center elementor-widget elementor-widget-button\" data-id=\"375aac2c\" data-element_type=\"widget\" data-e-type=\"widget\" data-widget_type=\"button.default\">\n\t\t\t\t<div class=\"elementor-widget-container\">\n\t\t\t\t\t\t\t\t\t<div class=\"elementor-button-wrapper\">\n\t\t\t\t\t<a class=\"elementor-button elementor-button-link elementor-size-md\" href=\"https:\/\/caminoignaciano.org\/pt-pt\/historia\/\">\n\t\t\t\t\t\t<span class=\"elementor-button-content-wrapper\">\n\t\t\t\t\t\t\t\t\t<span class=\"elementor-button-text\">HIST\u00d3RIA<\/span>\n\t\t\t\t\t<\/span>\n\t\t\t\t\t<\/a>\n\t\t\t\t<\/div>\n\t\t\t\t\t\t\t\t<\/div>\n\t\t\t\t<\/div>\n\t\t\t\t\t<\/div>\n\t\t<\/div>\n\t\t\t\t<div class=\"elementor-column elementor-col-25 elementor-inner-column elementor-element elementor-element-72435e86\" data-id=\"72435e86\" data-element_type=\"column\" data-e-type=\"column\" data-settings=\"{&quot;background_background&quot;:&quot;classic&quot;}\">\n\t\t\t<div class=\"elementor-widget-wrap elementor-element-populated\">\n\t\t\t\t\t<div class=\"elementor-background-overlay\"><\/div>\n\t\t\t\t\t\t<div class=\"elementor-element elementor-element-ace54ce elementor-align-center elementor-widget elementor-widget-button\" data-id=\"ace54ce\" data-element_type=\"widget\" data-e-type=\"widget\" data-widget_type=\"button.default\">\n\t\t\t\t<div class=\"elementor-widget-container\">\n\t\t\t\t\t\t\t\t\t<div class=\"elementor-button-wrapper\">\n\t\t\t\t\t<a class=\"elementor-button elementor-button-link elementor-size-md\" href=\"https:\/\/caminoignaciano.org\/pt-pt\/ignaciana\/\">\n\t\t\t\t\t\t<span class=\"elementor-button-content-wrapper\">\n\t\t\t\t\t\t\t\t\t<span class=\"elementor-button-text\">A ESPANH\u00c3 INACIANA<\/span>\n\t\t\t\t\t<\/span>\n\t\t\t\t\t<\/a>\n\t\t\t\t<\/div>\n\t\t\t\t\t\t\t\t<\/div>\n\t\t\t\t<\/div>\n\t\t\t\t\t<\/div>\n\t\t<\/div>\n\t\t\t\t<div class=\"elementor-column elementor-col-25 elementor-inner-column elementor-element elementor-element-533417d9\" data-id=\"533417d9\" data-element_type=\"column\" data-e-type=\"column\" data-settings=\"{&quot;background_background&quot;:&quot;classic&quot;}\">\n\t\t\t<div class=\"elementor-widget-wrap elementor-element-populated\">\n\t\t\t\t\t<div class=\"elementor-background-overlay\"><\/div>\n\t\t\t\t\t\t<div class=\"elementor-element elementor-element-12e11c52 elementor-align-center elementor-widget elementor-widget-button\" data-id=\"12e11c52\" data-element_type=\"widget\" data-e-type=\"widget\" data-widget_type=\"button.default\">\n\t\t\t\t<div class=\"elementor-widget-container\">\n\t\t\t\t\t\t\t\t\t<div class=\"elementor-button-wrapper\">\n\t\t\t\t\t<a class=\"elementor-button elementor-button-link elementor-size-md\" href=\"https:\/\/caminoignaciano.org\/pt-pt\/agradecimentos\/\">\n\t\t\t\t\t\t<span class=\"elementor-button-content-wrapper\">\n\t\t\t\t\t\t\t\t\t<span class=\"elementor-button-text\">AGRADECIMENTOS<\/span>\n\t\t\t\t\t<\/span>\n\t\t\t\t\t<\/a>\n\t\t\t\t<\/div>\n\t\t\t\t\t\t\t\t<\/div>\n\t\t\t\t<\/div>\n\t\t\t\t\t<\/div>\n\t\t<\/div>\n\t\t\t\t\t<\/div>\n\t\t<\/section>\n\t\t\t\t\t<\/div>\n\t\t<\/div>\n\t\t\t\t\t<\/div>\n\t\t<\/section>\n\t\t\t\t<section class=\"elementor-section elementor-top-section elementor-element elementor-element-1721299d elementor-section-content-middle elementor-section-boxed elementor-section-height-default elementor-section-height-default\" data-id=\"1721299d\" data-element_type=\"section\" data-e-type=\"section\">\n\t\t\t\t\t\t<div class=\"elementor-container elementor-column-gap-no\">\n\t\t\t\t\t<div class=\"elementor-column elementor-col-33 elementor-top-column elementor-element elementor-element-569e312d\" data-id=\"569e312d\" data-element_type=\"column\" data-e-type=\"column\">\n\t\t\t<div class=\"elementor-widget-wrap elementor-element-populated\">\n\t\t\t\t\t\t<div class=\"elementor-element elementor-element-22f20d21 elementor-widget elementor-widget-heading\" data-id=\"22f20d21\" data-element_type=\"widget\" data-e-type=\"widget\" data-widget_type=\"heading.default\">\n\t\t\t\t<div class=\"elementor-widget-container\">\n\t\t\t\t\t<h4 class=\"elementor-heading-title elementor-size-default\">Conselhos para o Caminho<\/h4>\t\t\t\t<\/div>\n\t\t\t\t<\/div>\n\t\t\t\t<div class=\"elementor-element elementor-element-36eff78f elementor-widget elementor-widget-text-editor\" data-id=\"36eff78f\" data-element_type=\"widget\" data-e-type=\"widget\" data-widget_type=\"text-editor.default\">\n\t\t\t\t<div class=\"elementor-widget-container\">\n\t\t\t\t\t\t\t\t\t<p>Aspetos pr\u00e1ticos, credenciais, certificados, meios de transporte, alojamento&#8230;<\/p>\n\t\t\t\t\t\t\t\t<\/div>\n\t\t\t\t<\/div>\n\t\t\t\t<div class=\"elementor-element elementor-element-27de58ef elementor-align-center elementor-widget elementor-widget-button\" data-id=\"27de58ef\" data-element_type=\"widget\" data-e-type=\"widget\" data-widget_type=\"button.default\">\n\t\t\t\t<div class=\"elementor-widget-container\">\n\t\t\t\t\t\t\t\t\t<div class=\"elementor-button-wrapper\">\n\t\t\t\t\t<a class=\"elementor-button elementor-button-link elementor-size-sm elementor-animation-grow\" href=\"https:\/\/caminoignaciano.org\/pt-pt\/conselhos-praticos\/\">\n\t\t\t\t\t\t<span class=\"elementor-button-content-wrapper\">\n\t\t\t\t\t\t\t\t\t<span class=\"elementor-button-text\">PREPARA-TE<\/span>\n\t\t\t\t\t<\/span>\n\t\t\t\t\t<\/a>\n\t\t\t\t<\/div>\n\t\t\t\t\t\t\t\t<\/div>\n\t\t\t\t<\/div>\n\t\t\t\t\t<\/div>\n\t\t<\/div>\n\t\t\t\t<div class=\"elementor-column elementor-col-33 elementor-top-column elementor-element elementor-element-11349b41\" data-id=\"11349b41\" data-element_type=\"column\" data-e-type=\"column\">\n\t\t\t<div class=\"elementor-widget-wrap elementor-element-populated\">\n\t\t\t\t\t\t<div class=\"elementor-element elementor-element-3d4c4cb1 elementor-widget elementor-widget-heading\" data-id=\"3d4c4cb1\" data-element_type=\"widget\" data-e-type=\"widget\" data-widget_type=\"heading.default\">\n\t\t\t\t<div class=\"elementor-widget-container\">\n\t\t\t\t\t<h4 class=\"elementor-heading-title elementor-size-default\">Peregrinando na nossa vida<\/h4>\t\t\t\t<\/div>\n\t\t\t\t<\/div>\n\t\t\t\t<div class=\"elementor-element elementor-element-5aef95c0 elementor-widget elementor-widget-text-editor\" data-id=\"5aef95c0\" data-element_type=\"widget\" data-e-type=\"widget\" data-widget_type=\"text-editor.default\">\n\t\t\t\t<div class=\"elementor-widget-container\">\n\t\t\t\t\t\t\t\t\t<p>Os Exerc\u00edcios Espirituais e a peregrina\u00e7\u00e3o no Caminho Inaciano, a op\u00e7\u00e3o de quatro semanas, um guia para o Caminho, respirar o Caminho, ora\u00e7\u00e3o introdut\u00f3ria, o Caminho espiritual&#8230;<\/p>\n\t\t\t\t\t\t\t\t<\/div>\n\t\t\t\t<\/div>\n\t\t\t\t<div class=\"elementor-element elementor-element-6962749d elementor-align-center elementor-widget elementor-widget-button\" data-id=\"6962749d\" data-element_type=\"widget\" data-e-type=\"widget\" data-widget_type=\"button.default\">\n\t\t\t\t<div class=\"elementor-widget-container\">\n\t\t\t\t\t\t\t\t\t<div class=\"elementor-button-wrapper\">\n\t\t\t\t\t<a class=\"elementor-button elementor-button-link elementor-size-sm elementor-animation-grow\" href=\"https:\/\/caminoignaciano.org\/pt-pt\/peregrinando\/\">\n\t\t\t\t\t\t<span class=\"elementor-button-content-wrapper\">\n\t\t\t\t\t\t\t\t\t<span class=\"elementor-button-text\">EXPERIMENTA-OS<\/span>\n\t\t\t\t\t<\/span>\n\t\t\t\t\t<\/a>\n\t\t\t\t<\/div>\n\t\t\t\t\t\t\t\t<\/div>\n\t\t\t\t<\/div>\n\t\t\t\t\t<\/div>\n\t\t<\/div>\n\t\t\t\t<div class=\"elementor-column elementor-col-33 elementor-top-column elementor-element elementor-element-6b2a297\" data-id=\"6b2a297\" data-element_type=\"column\" data-e-type=\"column\">\n\t\t\t<div class=\"elementor-widget-wrap elementor-element-populated\">\n\t\t\t\t\t\t<div class=\"elementor-element elementor-element-16dccfb5 elementor-widget elementor-widget-heading\" data-id=\"16dccfb5\" data-element_type=\"widget\" data-e-type=\"widget\" data-widget_type=\"heading.default\">\n\t\t\t\t<div class=\"elementor-widget-container\">\n\t\t\t\t\t<h4 class=\"elementor-heading-title elementor-size-default\">O Gabinete do Peregrino<\/h4>\t\t\t\t<\/div>\n\t\t\t\t<\/div>\n\t\t\t\t<div class=\"elementor-element elementor-element-1232048c elementor-widget elementor-widget-text-editor\" data-id=\"1232048c\" data-element_type=\"widget\" data-e-type=\"widget\" data-widget_type=\"text-editor.default\">\n\t\t\t\t<div class=\"elementor-widget-container\">\n\t\t\t\t\t\t\t\t\t<p>Experi\u00eancias, atividades, ag\u00eancias, credenciais, associa\u00e7\u00f5es, caminho de respeito&#8230;<\/p>\n\t\t\t\t\t\t\t\t<\/div>\n\t\t\t\t<\/div>\n\t\t\t\t<div class=\"elementor-element elementor-element-11e78f2e elementor-align-center elementor-widget elementor-widget-button\" data-id=\"11e78f2e\" data-element_type=\"widget\" data-e-type=\"widget\" data-widget_type=\"button.default\">\n\t\t\t\t<div class=\"elementor-widget-container\">\n\t\t\t\t\t\t\t\t\t<div class=\"elementor-button-wrapper\">\n\t\t\t\t\t<a class=\"elementor-button elementor-button-link elementor-size-sm elementor-animation-grow\" href=\"https:\/\/caminoignaciano.org\/pt-pt\/gabinete\/\">\n\t\t\t\t\t\t<span class=\"elementor-button-content-wrapper\">\n\t\t\t\t\t\t\t\t\t<span class=\"elementor-button-text\">AJUDAMOS-TE<\/span>\n\t\t\t\t\t<\/span>\n\t\t\t\t\t<\/a>\n\t\t\t\t<\/div>\n\t\t\t\t\t\t\t\t<\/div>\n\t\t\t\t<\/div>\n\t\t\t\t\t<\/div>\n\t\t<\/div>\n\t\t\t\t\t<\/div>\n\t\t<\/section>\n\t\t\t\t<\/div>\n\t\t","protected":false},"excerpt":{"rendered":"<p>Peregrinando pelo passado Algumas pistas cronol\u00f3gicas da vida de In\u00e1cio 1491: Nasce em Loyola (Pa\u00eds Basco). 1521, maio: Ferido na batalha de Pamplona. Recupera\u00e7\u00e3o e convalescen\u00e7a na sua casa em Azpeitia. Convers\u00e3o.\u00a0 1522: In\u00e1cio permanece em Manresa. 1523: In\u00e1cio permanece em Jerusal\u00e9m. 1524-1527: Estudos em Barcelona, Salamanca e Alcal\u00e1. 1528-1535: Estadia em Paris. Primeiros companheiros. [&hellip;]<\/p>\n","protected":false},"author":1,"featured_media":0,"parent":0,"menu_order":0,"comment_status":"closed","ping_status":"closed","template":"","meta":{"_acf_changed":false,"footnotes":""},"class_list":["post-31901","page","type-page","status-publish","hentry"],"acf":[],"_links":{"self":[{"href":"https:\/\/caminoignaciano.org\/pt-pt\/wp-json\/wp\/v2\/pages\/31901","targetHints":{"allow":["GET"]}}],"collection":[{"href":"https:\/\/caminoignaciano.org\/pt-pt\/wp-json\/wp\/v2\/pages"}],"about":[{"href":"https:\/\/caminoignaciano.org\/pt-pt\/wp-json\/wp\/v2\/types\/page"}],"author":[{"embeddable":true,"href":"https:\/\/caminoignaciano.org\/pt-pt\/wp-json\/wp\/v2\/users\/1"}],"replies":[{"embeddable":true,"href":"https:\/\/caminoignaciano.org\/pt-pt\/wp-json\/wp\/v2\/comments?post=31901"}],"version-history":[{"count":0,"href":"https:\/\/caminoignaciano.org\/pt-pt\/wp-json\/wp\/v2\/pages\/31901\/revisions"}],"wp:attachment":[{"href":"https:\/\/caminoignaciano.org\/pt-pt\/wp-json\/wp\/v2\/media?parent=31901"}],"curies":[{"name":"wp","href":"https:\/\/api.w.org\/{rel}","templated":true}]}}