{"id":31798,"date":"2019-02-22T13:02:06","date_gmt":"2019-02-22T12:02:06","guid":{"rendered":"https:\/\/caminoignaciano.org\/guia\/"},"modified":"2024-02-27T18:18:08","modified_gmt":"2024-02-27T17:18:08","slug":"guia","status":"publish","type":"page","link":"https:\/\/caminoignaciano.org\/pt-pt\/guia\/","title":{"rendered":"guia"},"content":{"rendered":"\t\t<div data-elementor-type=\"wp-post\" data-elementor-id=\"31798\" class=\"elementor elementor-31798 elementor-6834 elementor-bc-flex-widget\" data-elementor-post-type=\"page\">\n\t\t\t\t\t\t<section class=\"elementor-section elementor-top-section elementor-element elementor-element-572cd1d2 elementor-section-height-min-height elementor-section-content-middle elementor-section-full_width elementor-section-height-default elementor-section-items-middle\" data-id=\"572cd1d2\" data-element_type=\"section\" data-e-type=\"section\" data-settings=\"{&quot;background_background&quot;:&quot;classic&quot;}\">\n\t\t\t\t\t\t\t<div class=\"elementor-background-overlay\"><\/div>\n\t\t\t\t\t\t\t<div class=\"elementor-container elementor-column-gap-no\">\n\t\t\t\t\t<div class=\"elementor-column elementor-col-100 elementor-top-column elementor-element elementor-element-3d9cb7e4\" data-id=\"3d9cb7e4\" data-element_type=\"column\" data-e-type=\"column\">\n\t\t\t<div class=\"elementor-widget-wrap elementor-element-populated\">\n\t\t\t\t\t\t<div class=\"elementor-element elementor-element-34edc03c elementor-headline--style-highlight elementor-widget elementor-widget-animated-headline\" data-id=\"34edc03c\" data-element_type=\"widget\" data-e-type=\"widget\" data-settings=\"{&quot;highlighted_text&quot;:&quot;Guia para o Caminho&quot;,&quot;headline_style&quot;:&quot;highlight&quot;,&quot;marker&quot;:&quot;circle&quot;,&quot;loop&quot;:&quot;yes&quot;,&quot;highlight_animation_duration&quot;:1200,&quot;highlight_iteration_delay&quot;:8000}\" data-widget_type=\"animated-headline.default\">\n\t\t\t\t<div class=\"elementor-widget-container\">\n\t\t\t\t\t\t\t<h2 class=\"elementor-headline\">\n\t\t\t\t<span class=\"elementor-headline-dynamic-wrapper elementor-headline-text-wrapper\">\n\t\t\t\t\t<span class=\"elementor-headline-dynamic-text elementor-headline-text-active\">Guia para o Caminho<\/span>\n\t\t\t\t<\/span>\n\t\t\t\t<\/h2>\n\t\t\t\t\t\t<\/div>\n\t\t\t\t<\/div>\n\t\t\t\t\t<\/div>\n\t\t<\/div>\n\t\t\t\t\t<\/div>\n\t\t<\/section>\n\t\t\t\t<section class=\"elementor-section elementor-top-section elementor-element elementor-element-e1195aa elementor-section-full_width elementor-section-height-default elementor-section-height-default\" data-id=\"e1195aa\" data-element_type=\"section\" data-e-type=\"section\" data-settings=\"{&quot;background_background&quot;:&quot;classic&quot;}\">\n\t\t\t\t\t\t\t<div class=\"elementor-background-overlay\"><\/div>\n\t\t\t\t\t\t\t<div class=\"elementor-container elementor-column-gap-default\">\n\t\t\t\t\t<div class=\"elementor-column elementor-col-100 elementor-top-column elementor-element elementor-element-2a4b60a9\" data-id=\"2a4b60a9\" data-element_type=\"column\" data-e-type=\"column\">\n\t\t\t<div class=\"elementor-widget-wrap elementor-element-populated\">\n\t\t\t\t\t\t<section class=\"elementor-section elementor-inner-section elementor-element elementor-element-28d2d3e3 elementor-section-full_width elementor-section-height-default elementor-section-height-default\" data-id=\"28d2d3e3\" data-element_type=\"section\" data-e-type=\"section\">\n\t\t\t\t\t\t<div class=\"elementor-container elementor-column-gap-default\">\n\t\t\t\t\t<div class=\"elementor-column elementor-col-50 elementor-inner-column elementor-element elementor-element-4e4066ae\" data-id=\"4e4066ae\" data-element_type=\"column\" data-e-type=\"column\" data-settings=\"{&quot;background_background&quot;:&quot;classic&quot;}\">\n\t\t\t<div class=\"elementor-widget-wrap elementor-element-populated\">\n\t\t\t\t\t<div class=\"elementor-background-overlay\"><\/div>\n\t\t\t\t\t\t<div class=\"elementor-element elementor-element-6393f10d elementor-widget elementor-widget-heading\" data-id=\"6393f10d\" data-element_type=\"widget\" data-e-type=\"widget\" data-widget_type=\"heading.default\">\n\t\t\t\t<div class=\"elementor-widget-container\">\n\t\t\t\t\t<h2 class=\"elementor-heading-title elementor-size-default\">Como come\u00e7ar a medita\u00e7\u00e3o?<\/h2>\t\t\t\t<\/div>\n\t\t\t\t<\/div>\n\t\t\t\t\t<\/div>\n\t\t<\/div>\n\t\t\t\t<div class=\"elementor-column elementor-col-50 elementor-inner-column elementor-element elementor-element-4548ed2\" data-id=\"4548ed2\" data-element_type=\"column\" data-e-type=\"column\" id=\"programa tu camino\" data-settings=\"{&quot;background_background&quot;:&quot;classic&quot;}\">\n\t\t\t<div class=\"elementor-widget-wrap elementor-element-populated\">\n\t\t\t\t\t<div class=\"elementor-background-overlay\"><\/div>\n\t\t\t\t\t\t<div class=\"elementor-element elementor-element-1f984a7a elementor-widget elementor-widget-text-editor\" data-id=\"1f984a7a\" data-element_type=\"widget\" data-e-type=\"widget\" data-widget_type=\"text-editor.default\">\n\t\t\t\t<div class=\"elementor-widget-container\">\n\t\t\t\t\t\t\t\t\t<p>1. Inicia a medita\u00e7\u00e3o, tirando alguns minutos para te colocares <b>na presen\u00e7a de Deus.<\/b> Ou seja, liberta-te de quaisquer ansiedades ou distra\u00e7\u00f5es que te incomodem, tais como pensar no que tens planeado para o almo\u00e7o. Um trecho de uma m\u00fasica espiritual favorita pode ajudar-te a p\u00f4r-te de bom humor para a ora\u00e7\u00e3o, mas depois desligua o leitor de m\u00fasica para te concentrares melhor no teu Caminho. Podes passar alguns minutos apenas concentrando-se no ritmo natural da sua respira\u00e7\u00e3o, nos teus passos, ou nos p\u00e1ssaros. Usa a nota de respira\u00e7\u00e3o. Repete uma breve ora\u00e7\u00e3o que te concentre na presen\u00e7a de Deus ou na tua presen\u00e7a orante com Deus.\u00a0<\/p><p>2. Considera a <b>ora\u00e7\u00e3o introdut\u00f3ria <\/b>dos Exerc\u00edcios Espirituais (\u00e9 o objetivo principal de toda a experi\u00eancia) e a peti\u00e7\u00e3o do dia. V\u00ea a sua import\u00e2ncia no anexo.\u00a0<\/p><p>3. L\u00ea o <b>texto introdut\u00f3rio<\/b> que enquadra os temas-chave para a medita\u00e7\u00e3o do dia.\u00a0<\/p><p>4.<b> L\u00ea a passagem b\u00edblica do dia<\/b>, lentamente, depois uma segunda ou mesmo uma terceira vez em v\u00e1rios pontos do dia, se te sentires atra\u00eddo por eles.\u00a0<\/p><p>N\u00e3o &#8220;hiper-racionalizes&#8221; a tua ora\u00e7\u00e3o. Muitas pessoas s\u00e3o tentadas a fazer listas com muitas ideias, unindo algumas ideias noutras, e assim por diante. Em vez disso, v\u00ea se podes permitir que Deus te fale, deixando-o vir at\u00e9 n\u00f3s atrav\u00e9s da ora\u00e7\u00e3o. \u00c9 importante seres paciente contigo mesmo e com Deus, disposto a caminhar calmamente at\u00e9 que as imagens, ideias ou pensamentos comecem a ser filtrados. In\u00e1cio diz para &#8220;pausar onde a fruta \u00e9 encontrada&#8221;, e este \u00e9 um pensamento muito \u00fatil. Podes sentir-te atra\u00eddo ou empenhado em pensar durante algum tempo com uma frase de uma passagem da Escritura ou de uma ideia. Fica l\u00e1 a sabore\u00e1-la, durante o tempo que parecer apropriado. Distra\u00e7\u00f5es surgir\u00e3o inevitavelmente &#8211; &#8220;Pergunto-me o que estar\u00e3o os meus amigos a fazer neste momento&#8221; &#8211; deixe-as passar, sem se tornarem importantes, sem as prender na tua mente.\u00a0<\/p><p>Ajudar\u00e1 se mantiveres um tempo regular de ora\u00e7\u00e3o. Por exemplo, a primeira hora de cada dia de caminhada. Ou meia hora de manh\u00e3 e meia hora \u00e0 tarde. Ser fiel ao tempo escolhido. Fora dos tempos de ora\u00e7\u00e3o formal, outras ideias relevantes surgir\u00e3o; d\u00eaem-lhes as boas-vindas. Nos longos tro\u00e7os paralelos aos canais do rio Ebro, pode haver momentos em que te sintas a flutuar espiritualmente com a corrente. Desfruta destes momentos de proximidade com a natureza e com Deus que nos fala atrav\u00e9s dela.\u00a0<\/p><p>Mas n\u00e3o fiques obcecados! Especialmente se estiveres a meditar sobre algo doloroso ou dif\u00edcil, uma ideia dolorosa pode fazer entrar num c\u00edrculo vicioso mental: evita esta armadilha que nos esgota e nos afasta do caminho certo. O mesmo, por vezes, temos de o fazer com ideias &#8220;piedosas&#8221;: In\u00e1cio avisou-nos que por vezes podemos ser tentados a abandonar o nosso caminho, sob a apar\u00eancia de termos encontrado uma boa ideia: por outras palavras, podemos pensar em algo que parece bom, mas na realidade s\u00f3 nos desgasta ou nos afasta do caminho e do fim da etapa que t\u00ednhamos proposto.\u00a0<\/p><p>5. Termina cada per\u00edodo de ora\u00e7\u00e3o com a mesma f\u00f3rmula. Antes de mais nada, <b>o mais importante \u00e9 estar grato.<\/b> Obrigado pelo tempo de ora\u00e7\u00e3o que acab\u00e1mos de partilhar. Obrigado por qualquer comunica\u00e7\u00e3o que tenha havido. Gra\u00e7as a Deus pelo tempo gasto, por outras b\u00ean\u00e7\u00e3os do dia, e pelos dons da peregrina\u00e7\u00e3o: ter tempo, recursos financeiros, sa\u00fade, e o desejo de viajar como peregrino, por exemplo. Terminar com um Pai Nosso.\u00a0<\/p>\t\t\t\t\t\t\t\t<\/div>\n\t\t\t\t<\/div>\n\t\t\t\t\t<\/div>\n\t\t<\/div>\n\t\t\t\t\t<\/div>\n\t\t<\/section>\n\t\t\t\t<section class=\"elementor-section elementor-inner-section elementor-element elementor-element-29d975a elementor-section-full_width elementor-section-height-default elementor-section-height-default\" data-id=\"29d975a\" data-element_type=\"section\" data-e-type=\"section\">\n\t\t\t\t\t\t<div class=\"elementor-container elementor-column-gap-default\">\n\t\t\t\t\t<div class=\"elementor-column elementor-col-100 elementor-inner-column elementor-element elementor-element-51fce780\" data-id=\"51fce780\" data-element_type=\"column\" data-e-type=\"column\" data-settings=\"{&quot;background_background&quot;:&quot;classic&quot;}\">\n\t\t\t<div class=\"elementor-widget-wrap elementor-element-populated\">\n\t\t\t\t\t<div class=\"elementor-background-overlay\"><\/div>\n\t\t\t\t\t\t<div class=\"elementor-element elementor-element-649dec5e elementor-widget elementor-widget-text-editor\" data-id=\"649dec5e\" data-element_type=\"widget\" data-e-type=\"widget\" data-widget_type=\"text-editor.default\">\n\t\t\t\t<div class=\"elementor-widget-container\">\n\t\t\t\t\t\t\t\t\t<p><strong>Escrever um di\u00e1rio.<\/strong> No final de cada dia, ou mesmo ap\u00f3s cada per\u00edodo de ora\u00e7\u00e3o, se te sentires inclinado, escreve pensamentos ou ideias chave que te afetaram, imagens chave da escritura, e assim por diante. Un di\u00e1rio espiritual ajudar-te-\u00e1 a recolher a tua experi\u00eancia, quer no final de toda o caminho Inaciano, j\u00e1 em Manresa, quer se o fizeres por etapas e desejares continuar no ano seguinte.\u00a0<\/p><p>Se estiveres em peregrina\u00e7\u00e3o com um pequeno grupo, podes desejar partilhar presentes ou ideias que te tenham surpreendido, etc., mas n\u00e3o \u00e9 aconselh\u00e1vel faz\u00ea-lo todos os dias, e a participa\u00e7\u00e3o n\u00e3o significa debate ou &#8220;intromiss\u00e3o&#8221;: deve ser <b>um tempo para partilhar e ouvir respeitosamente<\/b> o que Deus tem feito na vida do outro, n\u00e3o um tempo para &#8220;brincar a Deus na vida de algu\u00e9m&#8221;. A forma dos Exerc\u00edcios \u00e9 fundamentalmente pessoal, algo entre &#8220;o Criador e a sua criatura&#8221;.\u00a0<\/p>\t\t\t\t\t\t\t\t<\/div>\n\t\t\t\t<\/div>\n\t\t\t\t\t<\/div>\n\t\t<\/div>\n\t\t\t\t\t<\/div>\n\t\t<\/section>\n\t\t\t\t<section class=\"elementor-section elementor-inner-section elementor-element elementor-element-35a4e23 elementor-section-full_width elementor-section-height-default elementor-section-height-default\" data-id=\"35a4e23\" data-element_type=\"section\" data-e-type=\"section\">\n\t\t\t\t\t\t<div class=\"elementor-container elementor-column-gap-default\">\n\t\t\t\t\t<div class=\"elementor-column elementor-col-20 elementor-inner-column elementor-element elementor-element-650fb93\" data-id=\"650fb93\" data-element_type=\"column\" data-e-type=\"column\" data-settings=\"{&quot;background_background&quot;:&quot;classic&quot;}\">\n\t\t\t<div class=\"elementor-widget-wrap elementor-element-populated\">\n\t\t\t\t\t<div class=\"elementor-background-overlay\"><\/div>\n\t\t\t\t\t\t<div class=\"elementor-element elementor-element-1511131 elementor-align-center elementor-widget elementor-widget-button\" data-id=\"1511131\" data-element_type=\"widget\" data-e-type=\"widget\" data-widget_type=\"button.default\">\n\t\t\t\t<div class=\"elementor-widget-container\">\n\t\t\t\t\t\t\t\t\t<div class=\"elementor-button-wrapper\">\n\t\t\t\t\t<a class=\"elementor-button elementor-button-link elementor-size-md\" href=\"https:\/\/caminoignaciano.org\/pt-pt\/peregrinando\/\">\n\t\t\t\t\t\t<span class=\"elementor-button-content-wrapper\">\n\t\t\t\t\t\t\t\t\t<span class=\"elementor-button-text\">COM IGN\u00c1CIO<\/span>\n\t\t\t\t\t<\/span>\n\t\t\t\t\t<\/a>\n\t\t\t\t<\/div>\n\t\t\t\t\t\t\t\t<\/div>\n\t\t\t\t<\/div>\n\t\t\t\t\t<\/div>\n\t\t<\/div>\n\t\t\t\t<div class=\"elementor-column elementor-col-20 elementor-inner-column elementor-element elementor-element-3cbc8d08\" data-id=\"3cbc8d08\" data-element_type=\"column\" data-e-type=\"column\" data-settings=\"{&quot;background_background&quot;:&quot;classic&quot;}\">\n\t\t\t<div class=\"elementor-widget-wrap elementor-element-populated\">\n\t\t\t\t\t<div class=\"elementor-background-overlay\"><\/div>\n\t\t\t\t\t\t<div class=\"elementor-element elementor-element-10ca04ab elementor-align-center elementor-widget elementor-widget-button\" data-id=\"10ca04ab\" data-element_type=\"widget\" data-e-type=\"widget\" data-widget_type=\"button.default\">\n\t\t\t\t<div class=\"elementor-widget-container\">\n\t\t\t\t\t\t\t\t\t<div class=\"elementor-button-wrapper\">\n\t\t\t\t\t<a class=\"elementor-button elementor-button-link elementor-size-md\" href=\"https:\/\/caminoignaciano.org\/pt-pt\/quatro\/\">\n\t\t\t\t\t\t<span class=\"elementor-button-content-wrapper\">\n\t\t\t\t\t\t\t\t\t<span class=\"elementor-button-text\">QUATRO SEMANAS<\/span>\n\t\t\t\t\t<\/span>\n\t\t\t\t\t<\/a>\n\t\t\t\t<\/div>\n\t\t\t\t\t\t\t\t<\/div>\n\t\t\t\t<\/div>\n\t\t\t\t\t<\/div>\n\t\t<\/div>\n\t\t\t\t<div class=\"elementor-column elementor-col-20 elementor-inner-column elementor-element elementor-element-3b886782\" data-id=\"3b886782\" data-element_type=\"column\" data-e-type=\"column\" data-settings=\"{&quot;background_background&quot;:&quot;classic&quot;}\">\n\t\t\t<div class=\"elementor-widget-wrap elementor-element-populated\">\n\t\t\t\t\t<div class=\"elementor-background-overlay\"><\/div>\n\t\t\t\t\t\t<div class=\"elementor-element elementor-element-43f6dd0e elementor-align-center elementor-widget elementor-widget-button\" data-id=\"43f6dd0e\" data-element_type=\"widget\" data-e-type=\"widget\" data-widget_type=\"button.default\">\n\t\t\t\t<div class=\"elementor-widget-container\">\n\t\t\t\t\t\t\t\t\t<div class=\"elementor-button-wrapper\">\n\t\t\t\t\t<a class=\"elementor-button elementor-button-link elementor-size-md\" href=\"https:\/\/caminoignaciano.org\/pt-pt\/respirando\/\">\n\t\t\t\t\t\t<span class=\"elementor-button-content-wrapper\">\n\t\t\t\t\t\t\t\t\t<span class=\"elementor-button-text\">RESPIRANDO<\/span>\n\t\t\t\t\t<\/span>\n\t\t\t\t\t<\/a>\n\t\t\t\t<\/div>\n\t\t\t\t\t\t\t\t<\/div>\n\t\t\t\t<\/div>\n\t\t\t\t\t<\/div>\n\t\t<\/div>\n\t\t\t\t<div class=\"elementor-column elementor-col-20 elementor-inner-column elementor-element elementor-element-7228261c\" data-id=\"7228261c\" data-element_type=\"column\" data-e-type=\"column\" data-settings=\"{&quot;background_background&quot;:&quot;classic&quot;}\">\n\t\t\t<div class=\"elementor-widget-wrap elementor-element-populated\">\n\t\t\t\t\t<div class=\"elementor-background-overlay\"><\/div>\n\t\t\t\t\t\t<div class=\"elementor-element elementor-element-4bac987a elementor-align-center elementor-widget elementor-widget-button\" data-id=\"4bac987a\" data-element_type=\"widget\" data-e-type=\"widget\" data-widget_type=\"button.default\">\n\t\t\t\t<div class=\"elementor-widget-container\">\n\t\t\t\t\t\t\t\t\t<div class=\"elementor-button-wrapper\">\n\t\t\t\t\t<a class=\"elementor-button elementor-button-link elementor-size-md\" href=\"https:\/\/caminoignaciano.org\/pt-pt\/oracion-introductoria\/\">\n\t\t\t\t\t\t<span class=\"elementor-button-content-wrapper\">\n\t\t\t\t\t\t\t\t\t<span class=\"elementor-button-text\">ORA\u00c7\u00c3O INTRODUT\u00d3RIA<\/span>\n\t\t\t\t\t<\/span>\n\t\t\t\t\t<\/a>\n\t\t\t\t<\/div>\n\t\t\t\t\t\t\t\t<\/div>\n\t\t\t\t<\/div>\n\t\t\t\t\t<\/div>\n\t\t<\/div>\n\t\t\t\t<div class=\"elementor-column elementor-col-20 elementor-inner-column elementor-element elementor-element-56cae917\" data-id=\"56cae917\" data-element_type=\"column\" data-e-type=\"column\" data-settings=\"{&quot;background_background&quot;:&quot;classic&quot;}\">\n\t\t\t<div class=\"elementor-widget-wrap elementor-element-populated\">\n\t\t\t\t\t<div class=\"elementor-background-overlay\"><\/div>\n\t\t\t\t\t\t<div class=\"elementor-element elementor-element-606b2272 elementor-align-center elementor-widget elementor-widget-button\" data-id=\"606b2272\" data-element_type=\"widget\" data-e-type=\"widget\" data-widget_type=\"button.default\">\n\t\t\t\t<div class=\"elementor-widget-container\">\n\t\t\t\t\t\t\t\t\t<div class=\"elementor-button-wrapper\">\n\t\t\t\t\t<a class=\"elementor-button elementor-button-link elementor-size-md\" href=\"https:\/\/caminoignaciano.org\/pt-pt\/bencao\/\">\n\t\t\t\t\t\t<span class=\"elementor-button-content-wrapper\">\n\t\t\t\t\t\t\t\t\t<span class=\"elementor-button-text\">Ben\u00e7\u00e3o do Peregrino<\/span>\n\t\t\t\t\t<\/span>\n\t\t\t\t\t<\/a>\n\t\t\t\t<\/div>\n\t\t\t\t\t\t\t\t<\/div>\n\t\t\t\t<\/div>\n\t\t\t\t\t<\/div>\n\t\t<\/div>\n\t\t\t\t\t<\/div>\n\t\t<\/section>\n\t\t\t\t\t<\/div>\n\t\t<\/div>\n\t\t\t\t\t<\/div>\n\t\t<\/section>\n\t\t\t\t<section class=\"elementor-section elementor-top-section elementor-element elementor-element-78bbb13a elementor-section-content-middle elementor-section-boxed elementor-section-height-default elementor-section-height-default\" data-id=\"78bbb13a\" data-element_type=\"section\" data-e-type=\"section\">\n\t\t\t\t\t\t<div class=\"elementor-container elementor-column-gap-no\">\n\t\t\t\t\t<div class=\"elementor-column elementor-col-33 elementor-top-column elementor-element elementor-element-599a3ac8\" data-id=\"599a3ac8\" data-element_type=\"column\" data-e-type=\"column\">\n\t\t\t<div class=\"elementor-widget-wrap elementor-element-populated\">\n\t\t\t\t\t\t<div class=\"elementor-element elementor-element-3c120cd elementor-widget elementor-widget-heading\" data-id=\"3c120cd\" data-element_type=\"widget\" data-e-type=\"widget\" data-widget_type=\"heading.default\">\n\t\t\t\t<div class=\"elementor-widget-container\">\n\t\t\t\t\t<h4 class=\"elementor-heading-title elementor-size-default\">Conselhos para o Caminho\n<\/h4>\t\t\t\t<\/div>\n\t\t\t\t<\/div>\n\t\t\t\t<div class=\"elementor-element elementor-element-27cd957a elementor-widget elementor-widget-text-editor\" data-id=\"27cd957a\" data-element_type=\"widget\" data-e-type=\"widget\" data-widget_type=\"text-editor.default\">\n\t\t\t\t<div class=\"elementor-widget-container\">\n\t\t\t\t\t\t\t\t\t<p>Aspetos pr\u00e1ticos, credenciais, certificados, meios de transporte, alojamento&#8230;<\/p>\n\t\t\t\t\t\t\t\t<\/div>\n\t\t\t\t<\/div>\n\t\t\t\t<div class=\"elementor-element elementor-element-16a0fea3 elementor-align-center elementor-widget elementor-widget-button\" data-id=\"16a0fea3\" data-element_type=\"widget\" data-e-type=\"widget\" data-widget_type=\"button.default\">\n\t\t\t\t<div class=\"elementor-widget-container\">\n\t\t\t\t\t\t\t\t\t<div class=\"elementor-button-wrapper\">\n\t\t\t\t\t<a class=\"elementor-button elementor-button-link elementor-size-sm elementor-animation-grow\" href=\"https:\/\/caminoignaciano.org\/pt-pt\/conselhos-praticos\/\">\n\t\t\t\t\t\t<span class=\"elementor-button-content-wrapper\">\n\t\t\t\t\t\t\t\t\t<span class=\"elementor-button-text\">PREPARA-TE<\/span>\n\t\t\t\t\t<\/span>\n\t\t\t\t\t<\/a>\n\t\t\t\t<\/div>\n\t\t\t\t\t\t\t\t<\/div>\n\t\t\t\t<\/div>\n\t\t\t\t\t<\/div>\n\t\t<\/div>\n\t\t\t\t<div class=\"elementor-column elementor-col-33 elementor-top-column elementor-element elementor-element-dd0fe77\" data-id=\"dd0fe77\" data-element_type=\"column\" data-e-type=\"column\">\n\t\t\t<div class=\"elementor-widget-wrap elementor-element-populated\">\n\t\t\t\t\t\t<div class=\"elementor-element elementor-element-1a0170c3 elementor-widget elementor-widget-heading\" data-id=\"1a0170c3\" data-element_type=\"widget\" data-e-type=\"widget\" data-widget_type=\"heading.default\">\n\t\t\t\t<div class=\"elementor-widget-container\">\n\t\t\t\t\t<h4 class=\"elementor-heading-title elementor-size-default\">O Caminho Inaciano<\/h4>\t\t\t\t<\/div>\n\t\t\t\t<\/div>\n\t\t\t\t<div class=\"elementor-element elementor-element-1388aa32 elementor-widget elementor-widget-text-editor\" data-id=\"1388aa32\" data-element_type=\"widget\" data-e-type=\"widget\" data-widget_type=\"text-editor.default\">\n\t\t\t\t<div class=\"elementor-widget-container\">\n\t\t\t\t\t\t\t\t\t<p>A sua hist\u00f3ria, peregrina\u00e7\u00e3o pelo passado, pela Espanh\u00e3 inaciana, gra\u00e7as&#8230;<\/p>\n\t\t\t\t\t\t\t\t<\/div>\n\t\t\t\t<\/div>\n\t\t\t\t<div class=\"elementor-element elementor-element-68218d8d elementor-align-center elementor-widget elementor-widget-button\" data-id=\"68218d8d\" data-element_type=\"widget\" data-e-type=\"widget\" data-widget_type=\"button.default\">\n\t\t\t\t<div class=\"elementor-widget-container\">\n\t\t\t\t\t\t\t\t\t<div class=\"elementor-button-wrapper\">\n\t\t\t\t\t<a class=\"elementor-button elementor-button-link elementor-size-sm elementor-animation-grow\" href=\"https:\/\/caminoignaciano.org\/pt-pt\/o-caminho-inaciano\/\">\n\t\t\t\t\t\t<span class=\"elementor-button-content-wrapper\">\n\t\t\t\t\t\t\t\t\t<span class=\"elementor-button-text\">DESCUBRA<\/span>\n\t\t\t\t\t<\/span>\n\t\t\t\t\t<\/a>\n\t\t\t\t<\/div>\n\t\t\t\t\t\t\t\t<\/div>\n\t\t\t\t<\/div>\n\t\t\t\t\t<\/div>\n\t\t<\/div>\n\t\t\t\t<div class=\"elementor-column elementor-col-33 elementor-top-column elementor-element elementor-element-2ac6bf14\" data-id=\"2ac6bf14\" data-element_type=\"column\" data-e-type=\"column\">\n\t\t\t<div class=\"elementor-widget-wrap elementor-element-populated\">\n\t\t\t\t\t\t<div class=\"elementor-element elementor-element-794f3790 elementor-widget elementor-widget-heading\" data-id=\"794f3790\" data-element_type=\"widget\" data-e-type=\"widget\" data-widget_type=\"heading.default\">\n\t\t\t\t<div class=\"elementor-widget-container\">\n\t\t\t\t\t<h4 class=\"elementor-heading-title elementor-size-default\">O Gabinete do Peregrino<\/h4>\t\t\t\t<\/div>\n\t\t\t\t<\/div>\n\t\t\t\t<div class=\"elementor-element elementor-element-525fd5f3 elementor-widget elementor-widget-text-editor\" data-id=\"525fd5f3\" data-element_type=\"widget\" data-e-type=\"widget\" data-widget_type=\"text-editor.default\">\n\t\t\t\t<div class=\"elementor-widget-container\">\n\t\t\t\t\t\t\t\t\t<p>Experi\u00eancias, atividades, ag\u00eancias, credenciais, associa\u00e7\u00f5es, caminho de respeito&#8230;<\/p>\n\t\t\t\t\t\t\t\t<\/div>\n\t\t\t\t<\/div>\n\t\t\t\t<div class=\"elementor-element elementor-element-726fd317 elementor-align-center elementor-widget elementor-widget-button\" data-id=\"726fd317\" data-element_type=\"widget\" data-e-type=\"widget\" data-widget_type=\"button.default\">\n\t\t\t\t<div class=\"elementor-widget-container\">\n\t\t\t\t\t\t\t\t\t<div class=\"elementor-button-wrapper\">\n\t\t\t\t\t<a class=\"elementor-button elementor-button-link elementor-size-sm elementor-animation-grow\" href=\"https:\/\/caminoignaciano.org\/pt-pt\/gabinete\/\">\n\t\t\t\t\t\t<span class=\"elementor-button-content-wrapper\">\n\t\t\t\t\t\t\t\t\t<span class=\"elementor-button-text\">AJUDAMOS-TE<\/span>\n\t\t\t\t\t<\/span>\n\t\t\t\t\t<\/a>\n\t\t\t\t<\/div>\n\t\t\t\t\t\t\t\t<\/div>\n\t\t\t\t<\/div>\n\t\t\t\t\t<\/div>\n\t\t<\/div>\n\t\t\t\t\t<\/div>\n\t\t<\/section>\n\t\t\t\t<\/div>\n\t\t","protected":false},"excerpt":{"rendered":"<p>Guia para o Caminho Como come\u00e7ar a medita\u00e7\u00e3o? 1. Inicia a medita\u00e7\u00e3o, tirando alguns minutos para te colocares na presen\u00e7a de Deus. Ou seja, liberta-te de quaisquer ansiedades ou distra\u00e7\u00f5es que te incomodem, tais como pensar no que tens planeado para o almo\u00e7o. Um trecho de uma m\u00fasica espiritual favorita pode ajudar-te a p\u00f4r-te de [&hellip;]<\/p>\n","protected":false},"author":1,"featured_media":0,"parent":0,"menu_order":0,"comment_status":"closed","ping_status":"closed","template":"","meta":{"_acf_changed":false,"footnotes":""},"class_list":["post-31798","page","type-page","status-publish","hentry"],"acf":[],"_links":{"self":[{"href":"https:\/\/caminoignaciano.org\/pt-pt\/wp-json\/wp\/v2\/pages\/31798","targetHints":{"allow":["GET"]}}],"collection":[{"href":"https:\/\/caminoignaciano.org\/pt-pt\/wp-json\/wp\/v2\/pages"}],"about":[{"href":"https:\/\/caminoignaciano.org\/pt-pt\/wp-json\/wp\/v2\/types\/page"}],"author":[{"embeddable":true,"href":"https:\/\/caminoignaciano.org\/pt-pt\/wp-json\/wp\/v2\/users\/1"}],"replies":[{"embeddable":true,"href":"https:\/\/caminoignaciano.org\/pt-pt\/wp-json\/wp\/v2\/comments?post=31798"}],"version-history":[{"count":0,"href":"https:\/\/caminoignaciano.org\/pt-pt\/wp-json\/wp\/v2\/pages\/31798\/revisions"}],"wp:attachment":[{"href":"https:\/\/caminoignaciano.org\/pt-pt\/wp-json\/wp\/v2\/media?parent=31798"}],"curies":[{"name":"wp","href":"https:\/\/api.w.org\/{rel}","templated":true}]}}