{"id":8319,"date":"2019-02-22T13:02:06","date_gmt":"2019-02-22T12:02:06","guid":{"rendered":"http:\/\/caminoignaciano.sjdigitaldemo.ovh\/guia\/"},"modified":"2019-03-06T08:39:50","modified_gmt":"2019-03-06T07:39:50","slug":"guia","status":"publish","type":"page","link":"https:\/\/caminoignaciano.org\/fr\/guia\/","title":{"rendered":"gu\u00eda"},"content":{"rendered":"\t\t<div data-elementor-type=\"wp-post\" data-elementor-id=\"8319\" class=\"elementor elementor-8319 elementor-6834 elementor-bc-flex-widget\" data-elementor-post-type=\"page\">\n\t\t\t\t\t\t<section class=\"elementor-section elementor-top-section elementor-element elementor-element-572cd1d2 elementor-section-height-min-height elementor-section-content-middle elementor-section-full_width elementor-section-height-default elementor-section-items-middle\" data-id=\"572cd1d2\" data-element_type=\"section\" data-e-type=\"section\" data-settings=\"{&quot;background_background&quot;:&quot;classic&quot;}\">\n\t\t\t\t\t\t\t<div class=\"elementor-background-overlay\"><\/div>\n\t\t\t\t\t\t\t<div class=\"elementor-container elementor-column-gap-no\">\n\t\t\t\t\t<div class=\"elementor-column elementor-col-100 elementor-top-column elementor-element elementor-element-3d9cb7e4\" data-id=\"3d9cb7e4\" data-element_type=\"column\" data-e-type=\"column\">\n\t\t\t<div class=\"elementor-widget-wrap elementor-element-populated\">\n\t\t\t\t\t\t<div class=\"elementor-element elementor-element-34edc03c elementor-headline--style-highlight elementor-widget elementor-widget-animated-headline\" data-id=\"34edc03c\" data-element_type=\"widget\" data-e-type=\"widget\" data-settings=\"{&quot;highlighted_text&quot;:&quot;Guide de pri\\u00e8re pour le Chemin Ignacien&quot;,&quot;headline_style&quot;:&quot;highlight&quot;,&quot;marker&quot;:&quot;circle&quot;,&quot;loop&quot;:&quot;yes&quot;,&quot;highlight_animation_duration&quot;:1200,&quot;highlight_iteration_delay&quot;:8000}\" data-widget_type=\"animated-headline.default\">\n\t\t\t\t<div class=\"elementor-widget-container\">\n\t\t\t\t\t\t\t<h2 class=\"elementor-headline\">\n\t\t\t\t<span class=\"elementor-headline-dynamic-wrapper elementor-headline-text-wrapper\">\n\t\t\t\t\t<span class=\"elementor-headline-dynamic-text elementor-headline-text-active\">Guide de pri\u00e8re pour le Chemin Ignacien<\/span>\n\t\t\t\t<\/span>\n\t\t\t\t<\/h2>\n\t\t\t\t\t\t<\/div>\n\t\t\t\t<\/div>\n\t\t\t\t\t<\/div>\n\t\t<\/div>\n\t\t\t\t\t<\/div>\n\t\t<\/section>\n\t\t\t\t<section class=\"elementor-section elementor-top-section elementor-element elementor-element-e1195aa elementor-section-full_width elementor-section-height-default elementor-section-height-default\" data-id=\"e1195aa\" data-element_type=\"section\" data-e-type=\"section\" data-settings=\"{&quot;background_background&quot;:&quot;classic&quot;}\">\n\t\t\t\t\t\t\t<div class=\"elementor-background-overlay\"><\/div>\n\t\t\t\t\t\t\t<div class=\"elementor-container elementor-column-gap-default\">\n\t\t\t\t\t<div class=\"elementor-column elementor-col-100 elementor-top-column elementor-element elementor-element-2a4b60a9\" data-id=\"2a4b60a9\" data-element_type=\"column\" data-e-type=\"column\">\n\t\t\t<div class=\"elementor-widget-wrap elementor-element-populated\">\n\t\t\t\t\t\t<section class=\"elementor-section elementor-inner-section elementor-element elementor-element-28d2d3e3 elementor-section-full_width elementor-section-height-default elementor-section-height-default\" data-id=\"28d2d3e3\" data-element_type=\"section\" data-e-type=\"section\">\n\t\t\t\t\t\t<div class=\"elementor-container elementor-column-gap-default\">\n\t\t\t\t\t<div class=\"elementor-column elementor-col-50 elementor-inner-column elementor-element elementor-element-4e4066ae\" data-id=\"4e4066ae\" data-element_type=\"column\" data-e-type=\"column\" data-settings=\"{&quot;background_background&quot;:&quot;classic&quot;}\">\n\t\t\t<div class=\"elementor-widget-wrap elementor-element-populated\">\n\t\t\t\t\t<div class=\"elementor-background-overlay\"><\/div>\n\t\t\t\t\t\t<div class=\"elementor-element elementor-element-6393f10d elementor-widget elementor-widget-heading\" data-id=\"6393f10d\" data-element_type=\"widget\" data-e-type=\"widget\" data-widget_type=\"heading.default\">\n\t\t\t\t<div class=\"elementor-widget-container\">\n\t\t\t\t\t<h2 class=\"elementor-heading-title elementor-size-default\">Comment commencer la m\u00e9ditation?<\/h2>\t\t\t\t<\/div>\n\t\t\t\t<\/div>\n\t\t\t\t\t<\/div>\n\t\t<\/div>\n\t\t\t\t<div class=\"elementor-column elementor-col-50 elementor-inner-column elementor-element elementor-element-4548ed2\" data-id=\"4548ed2\" data-element_type=\"column\" data-e-type=\"column\" id=\"programa tu camino\" data-settings=\"{&quot;background_background&quot;:&quot;classic&quot;}\">\n\t\t\t<div class=\"elementor-widget-wrap elementor-element-populated\">\n\t\t\t\t\t<div class=\"elementor-background-overlay\"><\/div>\n\t\t\t\t\t\t<div class=\"elementor-element elementor-element-1f984a7a elementor-widget elementor-widget-text-editor\" data-id=\"1f984a7a\" data-element_type=\"widget\" data-e-type=\"widget\" data-widget_type=\"text-editor.default\">\n\t\t\t\t<div class=\"elementor-widget-container\">\n\t\t\t\t\t\t\t\t\t<p>1.- Il faut commencer la m\u00e9ditation en prenant quelques minutes pour se mettre en pr\u00e9sence de Dieu. Autrement dit, lib\u00e9rez-vous de toute anxi\u00e9t\u00e9 ou d\u2019autres distractions qui peuvent vous d\u00e9ranger, comme penser \u00e0 ce que vous avez pr\u00e9vu pour le d\u00eener. Une musique spirituelle pr\u00e9f\u00e9r\u00e9e peut vous aider \u00e0 rentrer dans un \u00e9tat d\u2019esprit favorable pour la pri\u00e8re, puis \u00e9teignez le lecteur de musique pour mieux vous concentrer sur votre Chemin. Vous pouvez passer quelques minutes seulement \u00e0 vous concentrer sur le rythme naturel de votre respiration, vos pas, ou les oiseaux. Utilisez les conseils sur la respiration. R\u00e9p\u00e9tez une courte pri\u00e8re que vous connaissez et qui permet de vous concentrer sur la pr\u00e9sence de Dieu ou sur votre pr\u00e9sence en priant avec Dieu.<\/p>\n<p>2.- Prenez en consid\u00e9ration la pri\u00e8re introductive des Exercices Spirituels (tel est le principal objectif de toute l&rsquo;exp\u00e9rience) et la demande que l\u2019on fait ce jour-l\u00e0. Voir son importance dans le document ci-joint.<\/p>\n<p>3.- Lisez le texte d&rsquo;introduction qui encadre les questions cl\u00e9s de la m\u00e9ditation du jour.<\/p>\n<p>4.- Lisez le passage de l&rsquo;\u00c9criture du jour, lentement, puis une deuxi\u00e8me fois, voire une troisi\u00e8me \u00e0 diff\u00e9rents moments de la journ\u00e9e si vous vous sentez attir\u00e9 par eux.<\/p>\n<p>Surtout ne surchargez pas votre pri\u00e8re. Beaucoup de gens sont tent\u00e9s de faire des listes pleines d&rsquo;id\u00e9es, qui se compl\u00e8tent les unes les autres, et ainsi de suite. Au lieu de cela, essayez de permettre \u00e0 Dieu de vous parler, de Le laisser venir \u00e0 vous par la pri\u00e8re. Il est important d&rsquo;\u00eatre patient avec vous-m\u00eame et avec Dieu, d\u2019\u00eatre pr\u00eat ou pr\u00eate \u00e0 marcher paisiblement jusqu&rsquo;\u00e0 ce que des images, des id\u00e9es ou des pens\u00e9es commencent \u00e0 venir. Ignace dit de faire une \u00abpause au moment o\u00f9 l\u2019on trouve les fruits\u00bb, et c&rsquo;est un conseil tr\u00e8s utile. Vous pouvez vous sentir attir\u00e9 ou prendre un temps de r\u00e9flexion sur une phrase d&rsquo;un passage de l&rsquo;\u00c9criture ou une id\u00e9e. Restez-y et savourez-la tout le temps qui vous semble n\u00e9cessaire. Les distractions vont arriver in\u00e9vitablement \u2013 \u00ab\u00a0Je me demande ce que font en ce moment mes amis\u00a0\u00bb \u2013 : vous devez les laisser passer, sans leur donner de l&rsquo;importance, ni les garder \u00e0 l&rsquo;esprit.<\/p>\n<p>Ce qui aidera sera de maintenir un horaire fixe pour la pri\u00e8re. Par exemple, la premi\u00e8re heure de la marche de chaque jour. Ou une demi-heure le matin et une autre demi-heure dans l&rsquo;apr\u00e8s-midi. Nous devons \u00eatre fid\u00e8les \u00e0 l&rsquo;horaire choisi. En dehors des heures de pri\u00e8re formelle, d&rsquo;autres id\u00e9es pertinentes appara\u00eetront: il faut les accueillir. Dans les longues distances en parall\u00e8le avec les canaux de l&rsquo;\u00c8bre, il peut y avoir des moments o\u00f9 vous vous sentirez spirituellement flotter sur les eaux en aval. Profitez de ces moments de proximit\u00e9 avec la nature et avec Dieu qui parle en elle.<\/p>\n<p>Mais ne vous obs\u00e9dez pas! Surtout si vous m\u00e9ditez sur quelque chose de p\u00e9nible ou difficile, une id\u00e9e douloureuse peut vous faire entrer dans un cercle vicieux mental: \u00e9viter ce pi\u00e8ge qui nous \u00e9puise et s&rsquo;\u00e9carte du droit chemin. Parfois, vous devez faire la m\u00eame chose avec des id\u00e9es \u00ab\u00a0pieuses\u00a0\u00bb : Ignace nous a avertis que quelquefois nous pouvons nous sentir tent\u00e9s de quitter notre chemin, en pensant que c\u2019est une bonne id\u00e9e. En d&rsquo;autres termes, nous pouvons penser \u00e0 quelque chose qui semble une bonne id\u00e9e, mais qui nous fait seulement du tort ou nous transporte loin du chemin et de la fin de l\u2019\u00e9tape que nous nous \u00e9tions propos\u00e9.<\/p>\n<p>5.-\u00a0 Terminez chaque temps de pri\u00e8re avec la m\u00eame formule. Tout d&rsquo;abord, et c\u2019est le plus important, vous devez \u00eatre reconnaissant ou reconnaissante. Merci pour le temps de la pri\u00e8re que vous avez partag\u00e9. Merci pour ce que vous avez eu comme communication. Merci \u00e0 Dieu pour le temps pass\u00e9 ensemble, pour d&rsquo;autres b\u00e9n\u00e9dictions de la journ\u00e9e, et par les dons du p\u00e8lerinage : avoir du temps, les ressources financi\u00e8res, la sant\u00e9 et le d\u00e9sir de voyager comme un p\u00e8lerin, par exemple. Terminer avec un \u00ab Notre P\u00e8re \u00bb.<\/p>\n\t\t\t\t\t\t\t\t<\/div>\n\t\t\t\t<\/div>\n\t\t\t\t\t<\/div>\n\t\t<\/div>\n\t\t\t\t\t<\/div>\n\t\t<\/section>\n\t\t\t\t<section class=\"elementor-section elementor-inner-section elementor-element elementor-element-29d975a elementor-section-full_width elementor-section-height-default elementor-section-height-default\" data-id=\"29d975a\" data-element_type=\"section\" data-e-type=\"section\">\n\t\t\t\t\t\t<div class=\"elementor-container elementor-column-gap-default\">\n\t\t\t\t\t<div class=\"elementor-column elementor-col-100 elementor-inner-column elementor-element elementor-element-51fce780\" data-id=\"51fce780\" data-element_type=\"column\" data-e-type=\"column\" data-settings=\"{&quot;background_background&quot;:&quot;classic&quot;}\">\n\t\t\t<div class=\"elementor-widget-wrap elementor-element-populated\">\n\t\t\t\t\t<div class=\"elementor-background-overlay\"><\/div>\n\t\t\t\t\t\t<div class=\"elementor-element elementor-element-649dec5e elementor-widget elementor-widget-text-editor\" data-id=\"649dec5e\" data-element_type=\"widget\" data-e-type=\"widget\" data-widget_type=\"text-editor.default\">\n\t\t\t\t<div class=\"elementor-widget-container\">\n\t\t\t\t\t\t\t\t\t<p>\u00c9crivez un journal. A la fin de chaque journ\u00e9e ou m\u00eame apr\u00e8s chaque p\u00e9riode de pri\u00e8re, si vous vous sentez dispos\u00e9s \u00e0 cela, notez les pens\u00e9es cl\u00e9s ou les id\u00e9es qui vous ont frapp\u00e9, les images importantes de votre \u00e9criture, et ainsi de suite. Un journal spirituel vous aidera \u00e0 recueillir votre exp\u00e9rience, que ce soit \u00e0 la fin de tout le Chemin Ignacien, que ce soit \u00e0 Manresa, ou si vous faites le Chemin dans plusieurs ann\u00e9es et que vous voulez les revoir d&rsquo;ann\u00e9e en ann\u00e9e.<\/p>\n<p>Si vous \u00eates en chemin avec un petit groupe, vous pouvez partager des dons ou des id\u00e9es qui vous ont surpris, etc. Mais il n&rsquo;est pas recommand\u00e9 de le faire tous les jours, et la participation ne signifie pas la discussion ou \u00abing\u00e9rence\u00bb: cela devrait \u00eatre un moment de partage, consistant \u00e0 \u00e9couter respectueusement ce que Dieu a fait dans la vie d&rsquo;un autre, et pas du tout un temps pour \u00abjouer \u00e0 \u00eatre Dieu dans la vie de quelqu&rsquo;un\u00bb. Le chemin des Exercices est essentiellement personnel, quelque chose qui se passe entre \u00able Cr\u00e9ateur et sa cr\u00e9ature.\u00bb<\/p>\n\t\t\t\t\t\t\t\t<\/div>\n\t\t\t\t<\/div>\n\t\t\t\t\t<\/div>\n\t\t<\/div>\n\t\t\t\t\t<\/div>\n\t\t<\/section>\n\t\t\t\t<section class=\"elementor-section elementor-inner-section elementor-element elementor-element-35a4e23 elementor-section-full_width elementor-section-height-default elementor-section-height-default\" data-id=\"35a4e23\" data-element_type=\"section\" data-e-type=\"section\">\n\t\t\t\t\t\t<div class=\"elementor-container elementor-column-gap-default\">\n\t\t\t\t\t<div class=\"elementor-column elementor-col-20 elementor-inner-column elementor-element elementor-element-650fb93\" data-id=\"650fb93\" data-element_type=\"column\" data-e-type=\"column\" data-settings=\"{&quot;background_background&quot;:&quot;classic&quot;}\">\n\t\t\t<div class=\"elementor-widget-wrap elementor-element-populated\">\n\t\t\t\t\t<div class=\"elementor-background-overlay\"><\/div>\n\t\t\t\t\t\t<div class=\"elementor-element elementor-element-1511131 elementor-align-center elementor-widget elementor-widget-button\" data-id=\"1511131\" data-element_type=\"widget\" data-e-type=\"widget\" data-widget_type=\"button.default\">\n\t\t\t\t<div class=\"elementor-widget-container\">\n\t\t\t\t\t\t\t\t\t<div class=\"elementor-button-wrapper\">\n\t\t\t\t\t<a class=\"elementor-button elementor-button-link elementor-size-md\" href=\"\/fr\/peregrinando\/\">\n\t\t\t\t\t\t<span class=\"elementor-button-content-wrapper\">\n\t\t\t\t\t\t\t\t\t<span class=\"elementor-button-text\">AVEC IGNACE<\/span>\n\t\t\t\t\t<\/span>\n\t\t\t\t\t<\/a>\n\t\t\t\t<\/div>\n\t\t\t\t\t\t\t\t<\/div>\n\t\t\t\t<\/div>\n\t\t\t\t\t<\/div>\n\t\t<\/div>\n\t\t\t\t<div class=\"elementor-column elementor-col-20 elementor-inner-column elementor-element elementor-element-3cbc8d08\" data-id=\"3cbc8d08\" data-element_type=\"column\" data-e-type=\"column\" data-settings=\"{&quot;background_background&quot;:&quot;classic&quot;}\">\n\t\t\t<div class=\"elementor-widget-wrap elementor-element-populated\">\n\t\t\t\t\t<div class=\"elementor-background-overlay\"><\/div>\n\t\t\t\t\t\t<div class=\"elementor-element elementor-element-10ca04ab elementor-align-center elementor-widget elementor-widget-button\" data-id=\"10ca04ab\" data-element_type=\"widget\" data-e-type=\"widget\" data-widget_type=\"button.default\">\n\t\t\t\t<div class=\"elementor-widget-container\">\n\t\t\t\t\t\t\t\t\t<div class=\"elementor-button-wrapper\">\n\t\t\t\t\t<a class=\"elementor-button elementor-button-link elementor-size-md\" href=\"\/fr\/cuatro\/\">\n\t\t\t\t\t\t<span class=\"elementor-button-content-wrapper\">\n\t\t\t\t\t\t\t\t\t<span class=\"elementor-button-text\">QUATRE<\/span>\n\t\t\t\t\t<\/span>\n\t\t\t\t\t<\/a>\n\t\t\t\t<\/div>\n\t\t\t\t\t\t\t\t<\/div>\n\t\t\t\t<\/div>\n\t\t\t\t\t<\/div>\n\t\t<\/div>\n\t\t\t\t<div class=\"elementor-column elementor-col-20 elementor-inner-column elementor-element elementor-element-3b886782\" data-id=\"3b886782\" data-element_type=\"column\" data-e-type=\"column\" data-settings=\"{&quot;background_background&quot;:&quot;classic&quot;}\">\n\t\t\t<div class=\"elementor-widget-wrap elementor-element-populated\">\n\t\t\t\t\t<div class=\"elementor-background-overlay\"><\/div>\n\t\t\t\t\t\t<div class=\"elementor-element elementor-element-43f6dd0e elementor-align-center elementor-widget elementor-widget-button\" data-id=\"43f6dd0e\" data-element_type=\"widget\" data-e-type=\"widget\" data-widget_type=\"button.default\">\n\t\t\t\t<div class=\"elementor-widget-container\">\n\t\t\t\t\t\t\t\t\t<div class=\"elementor-button-wrapper\">\n\t\t\t\t\t<a class=\"elementor-button elementor-button-link elementor-size-md\" href=\"\/fr\/respirando\/\">\n\t\t\t\t\t\t<span class=\"elementor-button-content-wrapper\">\n\t\t\t\t\t\t\t\t\t<span class=\"elementor-button-text\">RESPIRER<\/span>\n\t\t\t\t\t<\/span>\n\t\t\t\t\t<\/a>\n\t\t\t\t<\/div>\n\t\t\t\t\t\t\t\t<\/div>\n\t\t\t\t<\/div>\n\t\t\t\t\t<\/div>\n\t\t<\/div>\n\t\t\t\t<div class=\"elementor-column elementor-col-20 elementor-inner-column elementor-element elementor-element-7228261c\" data-id=\"7228261c\" data-element_type=\"column\" data-e-type=\"column\" data-settings=\"{&quot;background_background&quot;:&quot;classic&quot;}\">\n\t\t\t<div class=\"elementor-widget-wrap elementor-element-populated\">\n\t\t\t\t\t<div class=\"elementor-background-overlay\"><\/div>\n\t\t\t\t\t\t<div class=\"elementor-element elementor-element-4bac987a elementor-align-center elementor-widget elementor-widget-button\" data-id=\"4bac987a\" data-element_type=\"widget\" data-e-type=\"widget\" data-widget_type=\"button.default\">\n\t\t\t\t<div class=\"elementor-widget-container\">\n\t\t\t\t\t\t\t\t\t<div class=\"elementor-button-wrapper\">\n\t\t\t\t\t<a class=\"elementor-button elementor-button-link elementor-size-md\" href=\"\/fr\/oracion-introductoria\/\">\n\t\t\t\t\t\t<span class=\"elementor-button-content-wrapper\">\n\t\t\t\t\t\t\t\t\t<span class=\"elementor-button-text\">PRI\u00c8RE<\/span>\n\t\t\t\t\t<\/span>\n\t\t\t\t\t<\/a>\n\t\t\t\t<\/div>\n\t\t\t\t\t\t\t\t<\/div>\n\t\t\t\t<\/div>\n\t\t\t\t\t<\/div>\n\t\t<\/div>\n\t\t\t\t<div class=\"elementor-column elementor-col-20 elementor-inner-column elementor-element elementor-element-56cae917\" data-id=\"56cae917\" data-element_type=\"column\" data-e-type=\"column\" data-settings=\"{&quot;background_background&quot;:&quot;classic&quot;}\">\n\t\t\t<div class=\"elementor-widget-wrap elementor-element-populated\">\n\t\t\t\t\t<div class=\"elementor-background-overlay\"><\/div>\n\t\t\t\t\t\t<div class=\"elementor-element elementor-element-606b2272 elementor-align-center elementor-widget elementor-widget-button\" data-id=\"606b2272\" data-element_type=\"widget\" data-e-type=\"widget\" data-widget_type=\"button.default\">\n\t\t\t\t<div class=\"elementor-widget-container\">\n\t\t\t\t\t\t\t\t\t<div class=\"elementor-button-wrapper\">\n\t\t\t\t\t<a class=\"elementor-button elementor-button-link elementor-size-md\" href=\"\/fr\/bendicion\/\">\n\t\t\t\t\t\t<span class=\"elementor-button-content-wrapper\">\n\t\t\t\t\t\t\t\t\t<span class=\"elementor-button-text\">B\u00c9N\u00c9DICTION<\/span>\n\t\t\t\t\t<\/span>\n\t\t\t\t\t<\/a>\n\t\t\t\t<\/div>\n\t\t\t\t\t\t\t\t<\/div>\n\t\t\t\t<\/div>\n\t\t\t\t\t<\/div>\n\t\t<\/div>\n\t\t\t\t\t<\/div>\n\t\t<\/section>\n\t\t\t\t\t<\/div>\n\t\t<\/div>\n\t\t\t\t\t<\/div>\n\t\t<\/section>\n\t\t\t\t<section class=\"elementor-section elementor-top-section elementor-element elementor-element-78bbb13a elementor-section-content-middle elementor-section-boxed elementor-section-height-default elementor-section-height-default\" data-id=\"78bbb13a\" data-element_type=\"section\" data-e-type=\"section\">\n\t\t\t\t\t\t<div class=\"elementor-container elementor-column-gap-no\">\n\t\t\t\t\t<div class=\"elementor-column elementor-col-33 elementor-top-column elementor-element elementor-element-599a3ac8\" data-id=\"599a3ac8\" data-element_type=\"column\" data-e-type=\"column\">\n\t\t\t<div class=\"elementor-widget-wrap elementor-element-populated\">\n\t\t\t\t\t\t<div class=\"elementor-element elementor-element-3c120cd elementor-widget elementor-widget-heading\" data-id=\"3c120cd\" data-element_type=\"widget\" data-e-type=\"widget\" data-widget_type=\"heading.default\">\n\t\t\t\t<div class=\"elementor-widget-container\">\n\t\t\t\t\t<h4 class=\"elementor-heading-title elementor-size-default\">Conseils pour le chemin<\/h4>\t\t\t\t<\/div>\n\t\t\t\t<\/div>\n\t\t\t\t<div class=\"elementor-element elementor-element-27cd957a elementor-widget elementor-widget-text-editor\" data-id=\"27cd957a\" data-element_type=\"widget\" data-e-type=\"widget\" data-widget_type=\"text-editor.default\">\n\t\t\t\t<div class=\"elementor-widget-container\">\n\t\t\t\t\t\t\t\t\t<p>Aspects pratiques, r\u00e9f\u00e9rences, certificats, moyens de transport, logement&#8230;<\/p>\n\t\t\t\t\t\t\t\t<\/div>\n\t\t\t\t<\/div>\n\t\t\t\t<div class=\"elementor-element elementor-element-16a0fea3 elementor-align-center elementor-widget elementor-widget-button\" data-id=\"16a0fea3\" data-element_type=\"widget\" data-e-type=\"widget\" data-widget_type=\"button.default\">\n\t\t\t\t<div class=\"elementor-widget-container\">\n\t\t\t\t\t\t\t\t\t<div class=\"elementor-button-wrapper\">\n\t\t\t\t\t<a class=\"elementor-button elementor-button-link elementor-size-sm elementor-animation-grow\" href=\"\/fr\/conseils-pour-les-pelerins\/\">\n\t\t\t\t\t\t<span class=\"elementor-button-content-wrapper\">\n\t\t\t\t\t\t\t\t\t<span class=\"elementor-button-text\">LISEZ-VOUS<\/span>\n\t\t\t\t\t<\/span>\n\t\t\t\t\t<\/a>\n\t\t\t\t<\/div>\n\t\t\t\t\t\t\t\t<\/div>\n\t\t\t\t<\/div>\n\t\t\t\t\t<\/div>\n\t\t<\/div>\n\t\t\t\t<div class=\"elementor-column elementor-col-33 elementor-top-column elementor-element elementor-element-dd0fe77\" data-id=\"dd0fe77\" data-element_type=\"column\" data-e-type=\"column\">\n\t\t\t<div class=\"elementor-widget-wrap elementor-element-populated\">\n\t\t\t\t\t\t<div class=\"elementor-element elementor-element-1a0170c3 elementor-widget elementor-widget-heading\" data-id=\"1a0170c3\" data-element_type=\"widget\" data-e-type=\"widget\" data-widget_type=\"heading.default\">\n\t\t\t\t<div class=\"elementor-widget-container\">\n\t\t\t\t\t<h4 class=\"elementor-heading-title elementor-size-default\">Le Chemin Ignatien<\/h4>\t\t\t\t<\/div>\n\t\t\t\t<\/div>\n\t\t\t\t<div class=\"elementor-element elementor-element-1388aa32 elementor-widget elementor-widget-text-editor\" data-id=\"1388aa32\" data-element_type=\"widget\" data-e-type=\"widget\" data-widget_type=\"text-editor.default\">\n\t\t\t\t<div class=\"elementor-widget-container\">\n\t\t\t\t\t\t\t\t\t<p>Sa histoire, p\u00e8lerinage \u00e0 travers le pass\u00e9, \u00e0 travers l&rsquo;Espagne ignatienne, remerciements&#8230;<\/p>\n\t\t\t\t\t\t\t\t<\/div>\n\t\t\t\t<\/div>\n\t\t\t\t<div class=\"elementor-element elementor-element-68218d8d elementor-align-center elementor-widget elementor-widget-button\" data-id=\"68218d8d\" data-element_type=\"widget\" data-e-type=\"widget\" data-widget_type=\"button.default\">\n\t\t\t\t<div class=\"elementor-widget-container\">\n\t\t\t\t\t\t\t\t\t<div class=\"elementor-button-wrapper\">\n\t\t\t\t\t<a class=\"elementor-button elementor-button-link elementor-size-sm elementor-animation-grow\" href=\"\/fr\/le-chemin-ignatien\/\">\n\t\t\t\t\t\t<span class=\"elementor-button-content-wrapper\">\n\t\t\t\t\t\t\t\t\t<span class=\"elementor-button-text\">D\u00c9COUVREZ-LE<\/span>\n\t\t\t\t\t<\/span>\n\t\t\t\t\t<\/a>\n\t\t\t\t<\/div>\n\t\t\t\t\t\t\t\t<\/div>\n\t\t\t\t<\/div>\n\t\t\t\t\t<\/div>\n\t\t<\/div>\n\t\t\t\t<div class=\"elementor-column elementor-col-33 elementor-top-column elementor-element elementor-element-2ac6bf14\" data-id=\"2ac6bf14\" data-element_type=\"column\" data-e-type=\"column\">\n\t\t\t<div class=\"elementor-widget-wrap elementor-element-populated\">\n\t\t\t\t\t\t<div class=\"elementor-element elementor-element-794f3790 elementor-widget elementor-widget-heading\" data-id=\"794f3790\" data-element_type=\"widget\" data-e-type=\"widget\" data-widget_type=\"heading.default\">\n\t\t\t\t<div class=\"elementor-widget-container\">\n\t\t\t\t\t<h4 class=\"elementor-heading-title elementor-size-default\">Le Bureau du p\u00e8lerin<\/h4>\t\t\t\t<\/div>\n\t\t\t\t<\/div>\n\t\t\t\t<div class=\"elementor-element elementor-element-525fd5f3 elementor-widget elementor-widget-text-editor\" data-id=\"525fd5f3\" data-element_type=\"widget\" data-e-type=\"widget\" data-widget_type=\"text-editor.default\">\n\t\t\t\t<div class=\"elementor-widget-container\">\n\t\t\t\t\t\t\t\t\t<p>Exp\u00e9riences, activit\u00e9s, agences, cr\u00e9ances, associations, chemin du respect&#8230;<\/p>\n\t\t\t\t\t\t\t\t<\/div>\n\t\t\t\t<\/div>\n\t\t\t\t<div class=\"elementor-element elementor-element-726fd317 elementor-align-center elementor-widget elementor-widget-button\" data-id=\"726fd317\" data-element_type=\"widget\" data-e-type=\"widget\" data-widget_type=\"button.default\">\n\t\t\t\t<div class=\"elementor-widget-container\">\n\t\t\t\t\t\t\t\t\t<div class=\"elementor-button-wrapper\">\n\t\t\t\t\t<a class=\"elementor-button elementor-button-link elementor-size-sm elementor-animation-grow\" href=\"\/fr\/bureau\/\">\n\t\t\t\t\t\t<span class=\"elementor-button-content-wrapper\">\n\t\t\t\t\t\t\t\t\t<span class=\"elementor-button-text\">nous vous aidons<\/span>\n\t\t\t\t\t<\/span>\n\t\t\t\t\t<\/a>\n\t\t\t\t<\/div>\n\t\t\t\t\t\t\t\t<\/div>\n\t\t\t\t<\/div>\n\t\t\t\t\t<\/div>\n\t\t<\/div>\n\t\t\t\t\t<\/div>\n\t\t<\/section>\n\t\t\t\t<\/div>\n\t\t","protected":false},"excerpt":{"rendered":"<p>Comment commencer la m\u00e9ditation? 1.- Il faut commencer la m\u00e9ditation en prenant quelques minutes pour se mettre en pr\u00e9sence de Dieu. Autrement dit, lib\u00e9rez-vous de toute anxi\u00e9t\u00e9 ou d\u2019autres distractions qui peuvent vous d\u00e9ranger, comme penser \u00e0 ce que vous avez pr\u00e9vu pour le d\u00eener. Une musique spirituelle pr\u00e9f\u00e9r\u00e9e peut vous aider \u00e0 rentrer dans [&hellip;]<\/p>\n","protected":false},"author":1,"featured_media":0,"parent":0,"menu_order":0,"comment_status":"closed","ping_status":"closed","template":"","meta":{"_acf_changed":false,"footnotes":""},"class_list":["post-8319","page","type-page","status-publish","hentry"],"acf":[],"_links":{"self":[{"href":"https:\/\/caminoignaciano.org\/fr\/wp-json\/wp\/v2\/pages\/8319","targetHints":{"allow":["GET"]}}],"collection":[{"href":"https:\/\/caminoignaciano.org\/fr\/wp-json\/wp\/v2\/pages"}],"about":[{"href":"https:\/\/caminoignaciano.org\/fr\/wp-json\/wp\/v2\/types\/page"}],"author":[{"embeddable":true,"href":"https:\/\/caminoignaciano.org\/fr\/wp-json\/wp\/v2\/users\/1"}],"replies":[{"embeddable":true,"href":"https:\/\/caminoignaciano.org\/fr\/wp-json\/wp\/v2\/comments?post=8319"}],"version-history":[{"count":0,"href":"https:\/\/caminoignaciano.org\/fr\/wp-json\/wp\/v2\/pages\/8319\/revisions"}],"wp:attachment":[{"href":"https:\/\/caminoignaciano.org\/fr\/wp-json\/wp\/v2\/media?parent=8319"}],"curies":[{"name":"wp","href":"https:\/\/api.w.org\/{rel}","templated":true}]}}