{"id":8214,"date":"2019-02-21T07:35:32","date_gmt":"2019-02-21T06:35:32","guid":{"rendered":"http:\/\/caminoignaciano.sjdigitaldemo.ovh\/peregrinando\/"},"modified":"2019-03-06T08:36:30","modified_gmt":"2019-03-06T07:36:30","slug":"peregrinando","status":"publish","type":"page","link":"https:\/\/caminoignaciano.org\/fr\/peregrinando\/","title":{"rendered":"En cheminant dans le pass\u00e9"},"content":{"rendered":"\t\t<div data-elementor-type=\"wp-post\" data-elementor-id=\"8214\" class=\"elementor elementor-8214 elementor-5929 elementor-bc-flex-widget\" data-elementor-post-type=\"page\">\n\t\t\t\t\t\t<section class=\"elementor-section elementor-top-section elementor-element elementor-element-623e77d9 elementor-section-height-min-height elementor-section-content-middle elementor-section-full_width elementor-section-height-default elementor-section-items-middle\" data-id=\"623e77d9\" data-element_type=\"section\" data-e-type=\"section\" data-settings=\"{&quot;background_background&quot;:&quot;classic&quot;}\">\n\t\t\t\t\t\t\t<div class=\"elementor-background-overlay\"><\/div>\n\t\t\t\t\t\t\t<div class=\"elementor-container elementor-column-gap-no\">\n\t\t\t\t\t<div class=\"elementor-column elementor-col-100 elementor-top-column elementor-element elementor-element-126789b\" data-id=\"126789b\" data-element_type=\"column\" data-e-type=\"column\">\n\t\t\t<div class=\"elementor-widget-wrap elementor-element-populated\">\n\t\t\t\t\t\t<div class=\"elementor-element elementor-element-572060e elementor-headline--style-highlight elementor-widget elementor-widget-animated-headline\" data-id=\"572060e\" data-element_type=\"widget\" data-e-type=\"widget\" data-settings=\"{&quot;highlighted_text&quot;:&quot;P\\u00e8lerinage avec Ignace&quot;,&quot;headline_style&quot;:&quot;highlight&quot;,&quot;marker&quot;:&quot;circle&quot;,&quot;loop&quot;:&quot;yes&quot;,&quot;highlight_animation_duration&quot;:1200,&quot;highlight_iteration_delay&quot;:8000}\" data-widget_type=\"animated-headline.default\">\n\t\t\t\t<div class=\"elementor-widget-container\">\n\t\t\t\t\t\t\t<h2 class=\"elementor-headline\">\n\t\t\t\t<span class=\"elementor-headline-dynamic-wrapper elementor-headline-text-wrapper\">\n\t\t\t\t\t<span class=\"elementor-headline-dynamic-text elementor-headline-text-active\">P\u00e8lerinage avec Ignace<\/span>\n\t\t\t\t<\/span>\n\t\t\t\t<\/h2>\n\t\t\t\t\t\t<\/div>\n\t\t\t\t<\/div>\n\t\t\t\t\t<\/div>\n\t\t<\/div>\n\t\t\t\t\t<\/div>\n\t\t<\/section>\n\t\t\t\t<section class=\"elementor-section elementor-top-section elementor-element elementor-element-53b7860c elementor-section-full_width elementor-section-height-default elementor-section-height-default\" data-id=\"53b7860c\" data-element_type=\"section\" data-e-type=\"section\" data-settings=\"{&quot;background_background&quot;:&quot;classic&quot;}\">\n\t\t\t\t\t\t\t<div class=\"elementor-background-overlay\"><\/div>\n\t\t\t\t\t\t\t<div class=\"elementor-container elementor-column-gap-default\">\n\t\t\t\t\t<div class=\"elementor-column elementor-col-100 elementor-top-column elementor-element elementor-element-64d85549\" data-id=\"64d85549\" data-element_type=\"column\" data-e-type=\"column\">\n\t\t\t<div class=\"elementor-widget-wrap elementor-element-populated\">\n\t\t\t\t\t\t<section class=\"elementor-section elementor-inner-section elementor-element elementor-element-4b17440e elementor-section-full_width elementor-section-height-default elementor-section-height-default\" data-id=\"4b17440e\" data-element_type=\"section\" data-e-type=\"section\">\n\t\t\t\t\t\t<div class=\"elementor-container elementor-column-gap-default\">\n\t\t\t\t\t<div class=\"elementor-column elementor-col-50 elementor-inner-column elementor-element elementor-element-145f9503\" data-id=\"145f9503\" data-element_type=\"column\" data-e-type=\"column\" data-settings=\"{&quot;background_background&quot;:&quot;classic&quot;}\">\n\t\t\t<div class=\"elementor-widget-wrap elementor-element-populated\">\n\t\t\t\t\t<div class=\"elementor-background-overlay\"><\/div>\n\t\t\t\t\t\t<div class=\"elementor-element elementor-element-106dbfcb elementor-widget elementor-widget-heading\" data-id=\"106dbfcb\" data-element_type=\"widget\" data-e-type=\"widget\" data-widget_type=\"heading.default\">\n\t\t\t\t<div class=\"elementor-widget-container\">\n\t\t\t\t\t<h2 class=\"elementor-heading-title elementor-size-default\">P\u00e8lerinage dans notre vie<\/h2>\t\t\t\t<\/div>\n\t\t\t\t<\/div>\n\t\t\t\t\t<\/div>\n\t\t<\/div>\n\t\t\t\t<div class=\"elementor-column elementor-col-50 elementor-inner-column elementor-element elementor-element-26acd445\" data-id=\"26acd445\" data-element_type=\"column\" data-e-type=\"column\" id=\"programa tu camino\" data-settings=\"{&quot;background_background&quot;:&quot;classic&quot;}\">\n\t\t\t<div class=\"elementor-widget-wrap elementor-element-populated\">\n\t\t\t\t\t<div class=\"elementor-background-overlay\"><\/div>\n\t\t\t\t\t\t<div class=\"elementor-element elementor-element-4ea6517b elementor-widget elementor-widget-text-editor\" data-id=\"4ea6517b\" data-element_type=\"widget\" data-e-type=\"widget\" data-widget_type=\"text-editor.default\">\n\t\t\t\t<div class=\"elementor-widget-container\">\n\t\t\t\t\t\t\t\t\t<p><strong>Les Exercices Spirituels et le p\u00e8lerinage sur le Chemin Ignacien<\/strong><\/p>\n<p>&nbsp;<\/p>\n<p>Saint Ignace de Loyola a laiss\u00e9 un h\u00e9ritage spirituel de grande valeur sous forme d\u2019\u00ab Exercices Spirituels \u00bb (retraite spirituelle). Le terme \u00abExercices\u00bb signifie qu\u2019il faut \u00ab\u00a0s\u2019exercer\u00a0\u00bb pour arriver \u00e0 une bonne \u00ab\u00a0forme spirituelle\u00a0\u00bb. Le Chemin Ignacien nous permet plus que largement de travailler la forme physique. Mais notre int\u00e9r\u00eat est d&rsquo;aller plus loin et d\u2019offrir de bons \u00abexercices\u00bb pour que le p\u00e8lerin puisse faire son chemin int\u00e9rieur tout en cheminant par les routes et les sentiers de la p\u00e9ninsule ib\u00e9rique Comme Saint Ignace nous le dit dans la premi\u00e8re note du livre,\u00a0<em>\u00abpar ce nom, exercices spirituels, nous comprenons tous les moyens d&rsquo;examiner la conscience, de m\u00e9diter, de contempler, de prier oralement et mentalement, ainsi que d&rsquo;autres actions spirituelles, comme on le verra plus loin. De la m\u00eame mani\u00e8re que se promener, marcher et courir sont des exercices corporels, tous les moyens visant \u00e0 pr\u00e9parer et \u00e0 disposer l&rsquo;\u00e2me \u00e0 se d\u00e9barrasser de toutes les affections qui provoquent le d\u00e9sordre sont appel\u00e9s exercices spirituels. Ceux-ci comprennent aussi l\u2019art de chercher et de trouver la volont\u00e9 di vine dans la vie : cet art, qui se pratique une fois que le d\u00e9sordre a \u00e9t\u00e9 \u00e9limin\u00e9, vise au salut de l&rsquo;\u00e2me\u00bb.<\/em><\/p>\n<p>Acceptant \u00abTOUS LES MOYENS\u00bb dont parle Ignace, nous pensons qu\u2019il est dans notre int\u00e9r\u00eat d&rsquo;offrir un guide spirituel \u00abparall\u00e8le\u00bb aux Exercices Spirituels de Saint Ignace. C\u2019est pourquoi, nous proposons des \u00abexercices\u00bb comprenant une \u00abgr\u00e2ce\u00bb \u00e0 prier chaque jour, ainsi qu\u2019une petite r\u00e9flexion et un texte \u00e0 lire (aussi ne faut-il pas oublier d&rsquo;apporter une Bible avec vous!). L&rsquo;ordre des m\u00e9ditations suit le format des Exercices Spirituels. Par cons\u00e9quent, toute personne qui r\u00e9alise cette route ignacienne que nous proposons, peut\u00a0 vivre les Exercices Spirituels de fa\u00e7on autonome.<\/p>\n\t\t\t\t\t\t\t\t<\/div>\n\t\t\t\t<\/div>\n\t\t\t\t\t<\/div>\n\t\t<\/div>\n\t\t\t\t\t<\/div>\n\t\t<\/section>\n\t\t\t\t<section class=\"elementor-section elementor-inner-section elementor-element elementor-element-961b137 elementor-section-full_width elementor-section-height-default elementor-section-height-default\" data-id=\"961b137\" data-element_type=\"section\" data-e-type=\"section\">\n\t\t\t\t\t\t<div class=\"elementor-container elementor-column-gap-default\">\n\t\t\t\t\t<div class=\"elementor-column elementor-col-50 elementor-inner-column elementor-element elementor-element-cffb770\" data-id=\"cffb770\" data-element_type=\"column\" data-e-type=\"column\" data-settings=\"{&quot;background_background&quot;:&quot;classic&quot;}\">\n\t\t\t<div class=\"elementor-widget-wrap elementor-element-populated\">\n\t\t\t\t\t<div class=\"elementor-background-overlay\"><\/div>\n\t\t\t\t\t\t<div class=\"elementor-element elementor-element-7d79373 elementor-widget elementor-widget-text-editor\" data-id=\"7d79373\" data-element_type=\"widget\" data-e-type=\"widget\" data-widget_type=\"text-editor.default\">\n\t\t\t\t<div class=\"elementor-widget-container\">\n\t\t\t\t\t\t\t\t\t<p>Ignace sugg\u00e8re une forme de pri\u00e8re appel\u00e9e \u00abcolloque\u00bb, o\u00f9 nous parlons avec J\u00e9sus \u00abcomme un ami parle \u00e0 un autre \u00bb. Un p\u00e8lerinage est pr\u00e9cis\u00e9ment une version id\u00e9ale de ce type de pri\u00e8re-colloque. Il faut imaginer J\u00e9sus en train de marcher avec nous, de temps en temps, et lui parler, comme un bon ami parle \u00e0 un autre. L&rsquo;image n&rsquo;est pas exag\u00e9r\u00e9e: les \u00e9vangiles pr\u00e9sentent plusieurs fois J\u00e9sus et ses compagnons sur la route, voyageant de ville en ville \u00e0 pied, portant avec eux le peu de biens qu&rsquo;ils avaient, sans crainte de la chaleur ou de la pluie, comme nous le faisons en p\u00e8lerinage. Profitons de cette imagination pour nous aider dans notre m\u00e9ditation. Certes, nous allons marcher dans notre p\u00e8lerinage pendant plusieurs heures chaque jour, donc nous aurons beaucoup de temps pour prier !<\/p>\n<p>Les Exercices Spirituels sont divis\u00e9s en \u00abquatre semaines\u00bb, qui correspondent grosso modo aux \u00e9tapes du Chemin Ignacien. Nous ne cherchons pas une connexion artificielle entre le Chemin et le parcours des exercices, mais ce n\u2019est pas une mauvaise id\u00e9e de diviser l&rsquo;ensemble du processus en 4 phases: la premi\u00e8re semaine de Loyola \u00e0 Logro\u00f1o, la deuxi\u00e8me \u00e0 partir de Logro\u00f1o jusqu\u2019\u00e0 Saragosse, la troisi\u00e8me de Saragosse \u00e0 Fraga, et la quatri\u00e8me de Fraga \u00e0 Manresa. La duret\u00e9 de la route dans le Pays Basque, avec ses pentes abruptes et ses paysages accident\u00e9s, nous rappelle la difficult\u00e9 de trouver la volont\u00e9 de Dieu dans notre histoire personnelle, trop souvent limit\u00e9e \u00e0 nos affections qui nous apportent le d\u00e9sordre. Les plaines de la vall\u00e9e de l&rsquo;\u00c8bre et ses rives verdoyantes m\u00e8nent au bonheur de ceux qui marchent avec le Ma\u00eetre, dans un apprentissage constant. Encore une fois, la mont\u00e9e vers le plateau des Monegros nous invite \u00e0 nous affronter aux difficult\u00e9s de la constance et de la Croix que nous ne pouvons pas \u00e9viter. Enfin, vers les terres fertiles baign\u00e9es par la rivi\u00e8re S\u00e8gre, nous constatons que la pr\u00e9sence de la r\u00e9surrection nous invite \u00e0 aller chercher de nouveau le ma\u00eetre en Galil\u00e9e.<\/p>\n<p>Nous laissons au p\u00e8lerin la libert\u00e9 de choisir les semaines qu\u2019il voudra consacrer \u00e0 cette exp\u00e9rience et celle de suivre les indications que nous sugg\u00e9rons dans ce guide, certainement trop g\u00e9n\u00e9ral. Chacun sait o\u00f9 il se trouve dans son parcours personnel et c\u2019est de l\u00e0 que vous devez commencer le Chemin Ignacien.<\/p>\n\t\t\t\t\t\t\t\t<\/div>\n\t\t\t\t<\/div>\n\t\t\t\t\t<\/div>\n\t\t<\/div>\n\t\t\t\t<div class=\"elementor-column elementor-col-50 elementor-inner-column elementor-element elementor-element-e18232a\" data-id=\"e18232a\" data-element_type=\"column\" data-e-type=\"column\" data-settings=\"{&quot;background_background&quot;:&quot;classic&quot;}\">\n\t\t\t<div class=\"elementor-widget-wrap elementor-element-populated\">\n\t\t\t\t\t<div class=\"elementor-background-overlay\"><\/div>\n\t\t\t\t\t\t\t<\/div>\n\t\t<\/div>\n\t\t\t\t\t<\/div>\n\t\t<\/section>\n\t\t\t\t<section class=\"elementor-section elementor-inner-section elementor-element elementor-element-cbb6904 elementor-section-full_width elementor-section-height-default elementor-section-height-default\" data-id=\"cbb6904\" data-element_type=\"section\" data-e-type=\"section\">\n\t\t\t\t\t\t<div class=\"elementor-container elementor-column-gap-default\">\n\t\t\t\t\t<div class=\"elementor-column elementor-col-20 elementor-inner-column elementor-element elementor-element-475e053c\" data-id=\"475e053c\" data-element_type=\"column\" data-e-type=\"column\" data-settings=\"{&quot;background_background&quot;:&quot;classic&quot;}\">\n\t\t\t<div class=\"elementor-widget-wrap elementor-element-populated\">\n\t\t\t\t\t<div class=\"elementor-background-overlay\"><\/div>\n\t\t\t\t\t\t<div class=\"elementor-element elementor-element-53526e80 elementor-align-center elementor-widget elementor-widget-button\" data-id=\"53526e80\" data-element_type=\"widget\" data-e-type=\"widget\" data-widget_type=\"button.default\">\n\t\t\t\t<div class=\"elementor-widget-container\">\n\t\t\t\t\t\t\t\t\t<div class=\"elementor-button-wrapper\">\n\t\t\t\t\t<a class=\"elementor-button elementor-button-link elementor-size-md\" href=\"\/fr\/cuatro\/\">\n\t\t\t\t\t\t<span class=\"elementor-button-content-wrapper\">\n\t\t\t\t\t\t\t\t\t<span class=\"elementor-button-text\">QUATRE<\/span>\n\t\t\t\t\t<\/span>\n\t\t\t\t\t<\/a>\n\t\t\t\t<\/div>\n\t\t\t\t\t\t\t\t<\/div>\n\t\t\t\t<\/div>\n\t\t\t\t\t<\/div>\n\t\t<\/div>\n\t\t\t\t<div class=\"elementor-column elementor-col-20 elementor-inner-column elementor-element elementor-element-474cb661\" data-id=\"474cb661\" data-element_type=\"column\" data-e-type=\"column\" data-settings=\"{&quot;background_background&quot;:&quot;classic&quot;}\">\n\t\t\t<div class=\"elementor-widget-wrap elementor-element-populated\">\n\t\t\t\t\t<div class=\"elementor-background-overlay\"><\/div>\n\t\t\t\t\t\t<div class=\"elementor-element elementor-element-7fb63eed elementor-align-center elementor-widget elementor-widget-button\" data-id=\"7fb63eed\" data-element_type=\"widget\" data-e-type=\"widget\" data-widget_type=\"button.default\">\n\t\t\t\t<div class=\"elementor-widget-container\">\n\t\t\t\t\t\t\t\t\t<div class=\"elementor-button-wrapper\">\n\t\t\t\t\t<a class=\"elementor-button elementor-button-link elementor-size-md\" href=\"\/fr\/guia\/\">\n\t\t\t\t\t\t<span class=\"elementor-button-content-wrapper\">\n\t\t\t\t\t\t\t\t\t<span class=\"elementor-button-text\">GUIDE<\/span>\n\t\t\t\t\t<\/span>\n\t\t\t\t\t<\/a>\n\t\t\t\t<\/div>\n\t\t\t\t\t\t\t\t<\/div>\n\t\t\t\t<\/div>\n\t\t\t\t\t<\/div>\n\t\t<\/div>\n\t\t\t\t<div class=\"elementor-column elementor-col-20 elementor-inner-column elementor-element elementor-element-80c88c\" data-id=\"80c88c\" data-element_type=\"column\" data-e-type=\"column\" data-settings=\"{&quot;background_background&quot;:&quot;classic&quot;}\">\n\t\t\t<div class=\"elementor-widget-wrap elementor-element-populated\">\n\t\t\t\t\t<div class=\"elementor-background-overlay\"><\/div>\n\t\t\t\t\t\t<div class=\"elementor-element elementor-element-190581a9 elementor-align-center elementor-widget elementor-widget-button\" data-id=\"190581a9\" data-element_type=\"widget\" data-e-type=\"widget\" data-widget_type=\"button.default\">\n\t\t\t\t<div class=\"elementor-widget-container\">\n\t\t\t\t\t\t\t\t\t<div class=\"elementor-button-wrapper\">\n\t\t\t\t\t<a class=\"elementor-button elementor-button-link elementor-size-md\" href=\"\/fr\/respirando\/\">\n\t\t\t\t\t\t<span class=\"elementor-button-content-wrapper\">\n\t\t\t\t\t\t\t\t\t<span class=\"elementor-button-text\">RESPIRER<\/span>\n\t\t\t\t\t<\/span>\n\t\t\t\t\t<\/a>\n\t\t\t\t<\/div>\n\t\t\t\t\t\t\t\t<\/div>\n\t\t\t\t<\/div>\n\t\t\t\t\t<\/div>\n\t\t<\/div>\n\t\t\t\t<div class=\"elementor-column elementor-col-20 elementor-inner-column elementor-element elementor-element-196643f2\" data-id=\"196643f2\" data-element_type=\"column\" data-e-type=\"column\" data-settings=\"{&quot;background_background&quot;:&quot;classic&quot;}\">\n\t\t\t<div class=\"elementor-widget-wrap elementor-element-populated\">\n\t\t\t\t\t<div class=\"elementor-background-overlay\"><\/div>\n\t\t\t\t\t\t<div class=\"elementor-element elementor-element-47cff81f elementor-align-center elementor-widget elementor-widget-button\" data-id=\"47cff81f\" data-element_type=\"widget\" data-e-type=\"widget\" data-widget_type=\"button.default\">\n\t\t\t\t<div class=\"elementor-widget-container\">\n\t\t\t\t\t\t\t\t\t<div class=\"elementor-button-wrapper\">\n\t\t\t\t\t<a class=\"elementor-button elementor-button-link elementor-size-md\" href=\"\/fr\/oracion-introductoria\/\">\n\t\t\t\t\t\t<span class=\"elementor-button-content-wrapper\">\n\t\t\t\t\t\t\t\t\t<span class=\"elementor-button-text\">PRI\u00c8RE<\/span>\n\t\t\t\t\t<\/span>\n\t\t\t\t\t<\/a>\n\t\t\t\t<\/div>\n\t\t\t\t\t\t\t\t<\/div>\n\t\t\t\t<\/div>\n\t\t\t\t\t<\/div>\n\t\t<\/div>\n\t\t\t\t<div class=\"elementor-column elementor-col-20 elementor-inner-column elementor-element elementor-element-4947a48b\" data-id=\"4947a48b\" data-element_type=\"column\" data-e-type=\"column\" data-settings=\"{&quot;background_background&quot;:&quot;classic&quot;}\">\n\t\t\t<div class=\"elementor-widget-wrap elementor-element-populated\">\n\t\t\t\t\t<div class=\"elementor-background-overlay\"><\/div>\n\t\t\t\t\t\t<div class=\"elementor-element elementor-element-52e8689d elementor-align-center elementor-widget elementor-widget-button\" data-id=\"52e8689d\" data-element_type=\"widget\" data-e-type=\"widget\" data-widget_type=\"button.default\">\n\t\t\t\t<div class=\"elementor-widget-container\">\n\t\t\t\t\t\t\t\t\t<div class=\"elementor-button-wrapper\">\n\t\t\t\t\t<a class=\"elementor-button elementor-button-link elementor-size-md\" href=\"\/fr\/bendicion\/\">\n\t\t\t\t\t\t<span class=\"elementor-button-content-wrapper\">\n\t\t\t\t\t\t\t\t\t<span class=\"elementor-button-text\">B\u00c9N\u00c9DICTION<\/span>\n\t\t\t\t\t<\/span>\n\t\t\t\t\t<\/a>\n\t\t\t\t<\/div>\n\t\t\t\t\t\t\t\t<\/div>\n\t\t\t\t<\/div>\n\t\t\t\t\t<\/div>\n\t\t<\/div>\n\t\t\t\t\t<\/div>\n\t\t<\/section>\n\t\t\t\t\t<\/div>\n\t\t<\/div>\n\t\t\t\t\t<\/div>\n\t\t<\/section>\n\t\t\t\t<section class=\"elementor-section elementor-top-section elementor-element elementor-element-3907a81 elementor-section-content-middle elementor-section-boxed elementor-section-height-default elementor-section-height-default\" data-id=\"3907a81\" data-element_type=\"section\" data-e-type=\"section\">\n\t\t\t\t\t\t<div class=\"elementor-container elementor-column-gap-no\">\n\t\t\t\t\t<div class=\"elementor-column elementor-col-33 elementor-top-column elementor-element elementor-element-f0c3b11\" data-id=\"f0c3b11\" data-element_type=\"column\" data-e-type=\"column\">\n\t\t\t<div class=\"elementor-widget-wrap elementor-element-populated\">\n\t\t\t\t\t\t<div class=\"elementor-element elementor-element-274db2d elementor-widget elementor-widget-heading\" data-id=\"274db2d\" data-element_type=\"widget\" data-e-type=\"widget\" data-widget_type=\"heading.default\">\n\t\t\t\t<div class=\"elementor-widget-container\">\n\t\t\t\t\t<h4 class=\"elementor-heading-title elementor-size-default\">Conseils pour le chemin<\/h4>\t\t\t\t<\/div>\n\t\t\t\t<\/div>\n\t\t\t\t<div class=\"elementor-element elementor-element-f1049e4 elementor-widget elementor-widget-text-editor\" data-id=\"f1049e4\" data-element_type=\"widget\" data-e-type=\"widget\" data-widget_type=\"text-editor.default\">\n\t\t\t\t<div class=\"elementor-widget-container\">\n\t\t\t\t\t\t\t\t\t<p>Aspects pratiques, r\u00e9f\u00e9rences, certificats, moyens de transport, logement&#8230;<\/p>\n\t\t\t\t\t\t\t\t<\/div>\n\t\t\t\t<\/div>\n\t\t\t\t<div class=\"elementor-element elementor-element-c69e282 elementor-align-center elementor-widget elementor-widget-button\" data-id=\"c69e282\" data-element_type=\"widget\" data-e-type=\"widget\" data-widget_type=\"button.default\">\n\t\t\t\t<div class=\"elementor-widget-container\">\n\t\t\t\t\t\t\t\t\t<div class=\"elementor-button-wrapper\">\n\t\t\t\t\t<a class=\"elementor-button elementor-button-link elementor-size-sm elementor-animation-grow\" href=\"\/fr\/conseils-pour-les-pelerins\/\">\n\t\t\t\t\t\t<span class=\"elementor-button-content-wrapper\">\n\t\t\t\t\t\t\t\t\t<span class=\"elementor-button-text\">LISEZ-VOUS<\/span>\n\t\t\t\t\t<\/span>\n\t\t\t\t\t<\/a>\n\t\t\t\t<\/div>\n\t\t\t\t\t\t\t\t<\/div>\n\t\t\t\t<\/div>\n\t\t\t\t\t<\/div>\n\t\t<\/div>\n\t\t\t\t<div class=\"elementor-column elementor-col-33 elementor-top-column elementor-element elementor-element-717a0518\" data-id=\"717a0518\" data-element_type=\"column\" data-e-type=\"column\">\n\t\t\t<div class=\"elementor-widget-wrap elementor-element-populated\">\n\t\t\t\t\t\t<div class=\"elementor-element elementor-element-54f8dd86 elementor-widget elementor-widget-heading\" data-id=\"54f8dd86\" data-element_type=\"widget\" data-e-type=\"widget\" data-widget_type=\"heading.default\">\n\t\t\t\t<div class=\"elementor-widget-container\">\n\t\t\t\t\t<h4 class=\"elementor-heading-title elementor-size-default\">Le Chemin Ignatien<\/h4>\t\t\t\t<\/div>\n\t\t\t\t<\/div>\n\t\t\t\t<div class=\"elementor-element elementor-element-7b8a1c94 elementor-widget elementor-widget-text-editor\" data-id=\"7b8a1c94\" data-element_type=\"widget\" data-e-type=\"widget\" data-widget_type=\"text-editor.default\">\n\t\t\t\t<div class=\"elementor-widget-container\">\n\t\t\t\t\t\t\t\t\t<p>Sa histoire, p\u00e8lerinage \u00e0 travers le pass\u00e9, \u00e0 travers l&rsquo;Espagne ignatienne, remerciements&#8230;<\/p>\n\t\t\t\t\t\t\t\t<\/div>\n\t\t\t\t<\/div>\n\t\t\t\t<div class=\"elementor-element elementor-element-426b691e elementor-align-center elementor-widget elementor-widget-button\" data-id=\"426b691e\" data-element_type=\"widget\" data-e-type=\"widget\" data-widget_type=\"button.default\">\n\t\t\t\t<div class=\"elementor-widget-container\">\n\t\t\t\t\t\t\t\t\t<div class=\"elementor-button-wrapper\">\n\t\t\t\t\t<a class=\"elementor-button elementor-button-link elementor-size-sm elementor-animation-grow\" href=\"\/fr\/le-chemin-ignatien\/\">\n\t\t\t\t\t\t<span class=\"elementor-button-content-wrapper\">\n\t\t\t\t\t\t\t\t\t<span class=\"elementor-button-text\">D\u00c9COUVREZ-LE<\/span>\n\t\t\t\t\t<\/span>\n\t\t\t\t\t<\/a>\n\t\t\t\t<\/div>\n\t\t\t\t\t\t\t\t<\/div>\n\t\t\t\t<\/div>\n\t\t\t\t\t<\/div>\n\t\t<\/div>\n\t\t\t\t<div class=\"elementor-column elementor-col-33 elementor-top-column elementor-element elementor-element-1f548499\" data-id=\"1f548499\" data-element_type=\"column\" data-e-type=\"column\">\n\t\t\t<div class=\"elementor-widget-wrap elementor-element-populated\">\n\t\t\t\t\t\t<div class=\"elementor-element elementor-element-1e6cfee6 elementor-widget elementor-widget-heading\" data-id=\"1e6cfee6\" data-element_type=\"widget\" data-e-type=\"widget\" data-widget_type=\"heading.default\">\n\t\t\t\t<div class=\"elementor-widget-container\">\n\t\t\t\t\t<h4 class=\"elementor-heading-title elementor-size-default\">Le Bureau du p\u00e8lerin<\/h4>\t\t\t\t<\/div>\n\t\t\t\t<\/div>\n\t\t\t\t<div class=\"elementor-element elementor-element-3d97012a elementor-widget elementor-widget-text-editor\" data-id=\"3d97012a\" data-element_type=\"widget\" data-e-type=\"widget\" data-widget_type=\"text-editor.default\">\n\t\t\t\t<div class=\"elementor-widget-container\">\n\t\t\t\t\t\t\t\t\t<p>Exp\u00e9riences, activit\u00e9s, agences, cr\u00e9ances, associations, chemin du respect&#8230;<\/p>\n\t\t\t\t\t\t\t\t<\/div>\n\t\t\t\t<\/div>\n\t\t\t\t<div class=\"elementor-element elementor-element-3148d5d5 elementor-align-center elementor-widget elementor-widget-button\" data-id=\"3148d5d5\" data-element_type=\"widget\" data-e-type=\"widget\" data-widget_type=\"button.default\">\n\t\t\t\t<div class=\"elementor-widget-container\">\n\t\t\t\t\t\t\t\t\t<div class=\"elementor-button-wrapper\">\n\t\t\t\t\t<a class=\"elementor-button elementor-button-link elementor-size-sm elementor-animation-grow\" href=\"\/fr\/bureau\/\">\n\t\t\t\t\t\t<span class=\"elementor-button-content-wrapper\">\n\t\t\t\t\t\t\t\t\t<span class=\"elementor-button-text\">nous vous aidons<\/span>\n\t\t\t\t\t<\/span>\n\t\t\t\t\t<\/a>\n\t\t\t\t<\/div>\n\t\t\t\t\t\t\t\t<\/div>\n\t\t\t\t<\/div>\n\t\t\t\t\t<\/div>\n\t\t<\/div>\n\t\t\t\t\t<\/div>\n\t\t<\/section>\n\t\t\t\t<\/div>\n\t\t","protected":false},"excerpt":{"rendered":"<p>P\u00e8lerinage dans notre vie Les Exercices Spirituels et le p\u00e8lerinage sur le Chemin Ignacien &nbsp; Saint Ignace de Loyola a laiss\u00e9 un h\u00e9ritage spirituel de grande valeur sous forme d\u2019\u00ab Exercices Spirituels \u00bb (retraite spirituelle). Le terme \u00abExercices\u00bb signifie qu\u2019il faut \u00ab\u00a0s\u2019exercer\u00a0\u00bb pour arriver \u00e0 une bonne \u00ab\u00a0forme spirituelle\u00a0\u00bb. Le Chemin Ignacien nous permet plus [&hellip;]<\/p>\n","protected":false},"author":1,"featured_media":0,"parent":0,"menu_order":0,"comment_status":"closed","ping_status":"closed","template":"","meta":{"_acf_changed":false,"footnotes":""},"class_list":["post-8214","page","type-page","status-publish","hentry"],"acf":[],"_links":{"self":[{"href":"https:\/\/caminoignaciano.org\/fr\/wp-json\/wp\/v2\/pages\/8214","targetHints":{"allow":["GET"]}}],"collection":[{"href":"https:\/\/caminoignaciano.org\/fr\/wp-json\/wp\/v2\/pages"}],"about":[{"href":"https:\/\/caminoignaciano.org\/fr\/wp-json\/wp\/v2\/types\/page"}],"author":[{"embeddable":true,"href":"https:\/\/caminoignaciano.org\/fr\/wp-json\/wp\/v2\/users\/1"}],"replies":[{"embeddable":true,"href":"https:\/\/caminoignaciano.org\/fr\/wp-json\/wp\/v2\/comments?post=8214"}],"version-history":[{"count":0,"href":"https:\/\/caminoignaciano.org\/fr\/wp-json\/wp\/v2\/pages\/8214\/revisions"}],"wp:attachment":[{"href":"https:\/\/caminoignaciano.org\/fr\/wp-json\/wp\/v2\/media?parent=8214"}],"curies":[{"name":"wp","href":"https:\/\/api.w.org\/{rel}","templated":true}]}}