{"id":8321,"date":"2019-02-22T13:02:06","date_gmt":"2019-02-22T12:02:06","guid":{"rendered":"http:\/\/caminoignaciano.sjdigitaldemo.ovh\/guia\/"},"modified":"2019-03-06T07:30:06","modified_gmt":"2019-03-06T06:30:06","slug":"guia","status":"publish","type":"page","link":"https:\/\/caminoignaciano.org\/de\/guia\/","title":{"rendered":"gu\u00eda"},"content":{"rendered":"\t\t<div data-elementor-type=\"wp-post\" data-elementor-id=\"8321\" class=\"elementor elementor-8321 elementor-6834 elementor-bc-flex-widget\" data-elementor-post-type=\"page\">\n\t\t\t\t\t\t<section class=\"elementor-section elementor-top-section elementor-element elementor-element-572cd1d2 elementor-section-height-min-height elementor-section-content-middle elementor-section-full_width elementor-section-height-default elementor-section-items-middle\" data-id=\"572cd1d2\" data-element_type=\"section\" data-e-type=\"section\" data-settings=\"{&quot;background_background&quot;:&quot;classic&quot;}\">\n\t\t\t\t\t\t\t<div class=\"elementor-background-overlay\"><\/div>\n\t\t\t\t\t\t\t<div class=\"elementor-container elementor-column-gap-no\">\n\t\t\t\t\t<div class=\"elementor-column elementor-col-100 elementor-top-column elementor-element elementor-element-3d9cb7e4\" data-id=\"3d9cb7e4\" data-element_type=\"column\" data-e-type=\"column\">\n\t\t\t<div class=\"elementor-widget-wrap elementor-element-populated\">\n\t\t\t\t\t\t<div class=\"elementor-element elementor-element-34edc03c elementor-headline--style-highlight elementor-widget elementor-widget-animated-headline\" data-id=\"34edc03c\" data-element_type=\"widget\" data-e-type=\"widget\" data-settings=\"{&quot;highlighted_text&quot;:&quot;Leitfaden f\\u00fcr den Weg&quot;,&quot;headline_style&quot;:&quot;highlight&quot;,&quot;marker&quot;:&quot;circle&quot;,&quot;loop&quot;:&quot;yes&quot;,&quot;highlight_animation_duration&quot;:1200,&quot;highlight_iteration_delay&quot;:8000}\" data-widget_type=\"animated-headline.default\">\n\t\t\t\t<div class=\"elementor-widget-container\">\n\t\t\t\t\t\t\t<h2 class=\"elementor-headline\">\n\t\t\t\t<span class=\"elementor-headline-dynamic-wrapper elementor-headline-text-wrapper\">\n\t\t\t\t\t<span class=\"elementor-headline-dynamic-text elementor-headline-text-active\">Leitfaden f\u00fcr den Weg<\/span>\n\t\t\t\t<\/span>\n\t\t\t\t<\/h2>\n\t\t\t\t\t\t<\/div>\n\t\t\t\t<\/div>\n\t\t\t\t\t<\/div>\n\t\t<\/div>\n\t\t\t\t\t<\/div>\n\t\t<\/section>\n\t\t\t\t<section class=\"elementor-section elementor-top-section elementor-element elementor-element-e1195aa elementor-section-full_width elementor-section-height-default elementor-section-height-default\" data-id=\"e1195aa\" data-element_type=\"section\" data-e-type=\"section\" data-settings=\"{&quot;background_background&quot;:&quot;classic&quot;}\">\n\t\t\t\t\t\t\t<div class=\"elementor-background-overlay\"><\/div>\n\t\t\t\t\t\t\t<div class=\"elementor-container elementor-column-gap-default\">\n\t\t\t\t\t<div class=\"elementor-column elementor-col-100 elementor-top-column elementor-element elementor-element-2a4b60a9\" data-id=\"2a4b60a9\" data-element_type=\"column\" data-e-type=\"column\">\n\t\t\t<div class=\"elementor-widget-wrap elementor-element-populated\">\n\t\t\t\t\t\t<section class=\"elementor-section elementor-inner-section elementor-element elementor-element-28d2d3e3 elementor-section-full_width elementor-section-height-default elementor-section-height-default\" data-id=\"28d2d3e3\" data-element_type=\"section\" data-e-type=\"section\">\n\t\t\t\t\t\t<div class=\"elementor-container elementor-column-gap-default\">\n\t\t\t\t\t<div class=\"elementor-column elementor-col-50 elementor-inner-column elementor-element elementor-element-4e4066ae\" data-id=\"4e4066ae\" data-element_type=\"column\" data-e-type=\"column\" data-settings=\"{&quot;background_background&quot;:&quot;classic&quot;}\">\n\t\t\t<div class=\"elementor-widget-wrap elementor-element-populated\">\n\t\t\t\t\t<div class=\"elementor-background-overlay\"><\/div>\n\t\t\t\t\t\t<div class=\"elementor-element elementor-element-6393f10d elementor-widget elementor-widget-heading\" data-id=\"6393f10d\" data-element_type=\"widget\" data-e-type=\"widget\" data-widget_type=\"heading.default\">\n\t\t\t\t<div class=\"elementor-widget-container\">\n\t\t\t\t\t<h2 class=\"elementor-heading-title elementor-size-default\">Wie beginnen wir mit der Meditation?<\/h2>\t\t\t\t<\/div>\n\t\t\t\t<\/div>\n\t\t\t\t\t<\/div>\n\t\t<\/div>\n\t\t\t\t<div class=\"elementor-column elementor-col-50 elementor-inner-column elementor-element elementor-element-4548ed2\" data-id=\"4548ed2\" data-element_type=\"column\" data-e-type=\"column\" id=\"programa tu camino\" data-settings=\"{&quot;background_background&quot;:&quot;classic&quot;}\">\n\t\t\t<div class=\"elementor-widget-wrap elementor-element-populated\">\n\t\t\t\t\t<div class=\"elementor-background-overlay\"><\/div>\n\t\t\t\t\t\t<div class=\"elementor-element elementor-element-1f984a7a elementor-widget elementor-widget-text-editor\" data-id=\"1f984a7a\" data-element_type=\"widget\" data-e-type=\"widget\" data-widget_type=\"text-editor.default\">\n\t\t\t\t<div class=\"elementor-widget-container\">\n\t\t\t\t\t\t\t\t\t<p>1 .- Beginn die Meditation, indem du dir einige Minuten Zeit nimmst, um dir die Gegenwart Gottes bewusst zu werden. Das hei\u03b2t, l\u00f6se dich von deinen \u00c4ngsten oder der Ablenkung, die dich st\u00f6rt, zum Beispiel die Gedanken an das n\u00e4chste Essen. Ein Lieblingsmusikst\u00fcck spiritueller Art kann dabei helfen, dich in gute Stimmung f\u00fcr das Gebet zu bringen, aber dann solltest du das Ger\u00e4t ausschalten, um dich besser auf deinen Weg zu konzentrieren. \u00a0Du kannst dich einige Minuten nur auf den nat\u00fcrlichen Rhythmus deines Atems konzentrieren, oder auf deine Schritte, oder auf die V\u00f6gel. Benutze die\u00a0<a href=\"http:\/\/caminoignaciano.org\/?page_id=651&amp;lang=es\">Aufzeichnung \u00fcber die Atmung<\/a>. Wiederhol ein kurzes Gebet, das dich in der Gegenwart Gottes zentriert oder in deiner betenden Gegenwart mit Gott.<\/p>\n<p>2 .- Ber\u00fccksichtige das Einf\u00fchrungsgebet der Exerzitien (es ist das Hauptziel aller Erfahrungen) und die Bitte des Tages.\u00a0<span style=\"text-decoration: underline;\">Siehe die Bedeutung\u00a0<\/span>\u00a0im Anhang.<\/p>\n<p>3 .- Lies den Einf\u00fchrungstext, der die wichtigsten Themen f\u00fcr die Meditation des Tages aufzeigt.<\/p>\n<p>4 .- Lies die Textstelle der Schrift f\u00fcr den Tag, langsam, und nachfolgend ein zweites oder drittes Mal \u00fcber den Tag verteilt, wenn du dich davon angesprochen f\u00fchlst.<\/p>\n<p>\u201e\u00dcber-denke\u201d dein Gebet nicht zu viel. Viele Personen neigen dazu, Listen mit einer Menge Ideen zu erstellen, sie verbinden eine Idee mit der anderen, nach und nach. Stattdessen k\u00f6nntest du in dir nachsp\u00fcren, ob du bereit bist, dass Gott mit dir spricht, ob du bereit bist, ihn im Gebet zu treffen. Dabei ist es wichtig, Geduld zu haben, mit dir selbst und mit Gott, bereit zu sein, um in aller Ruhe zu gehen bis die Bilder, Ideen oder Gedanken zu dir durchdringen. Ignatius sagt, dass wir eine Pause machen sollen, \u201edort, wo man die Frucht findet\u201d, und das ist ein sehr n\u00fctzlicher Gedanke. Du kannst dich angezogen f\u00fchlen oder besch\u00e4ftigt sein mit einem Satz aus einem Schriftabschnitt oder einer Idee. Koste es aus, solange du willst. Die\u00a0 Ablenkungen tauchen unvermeidlich von alleine auf. \u2013\u201eIch frage mich, was meine Freunde wohl gerade machen\u201d &#8211;\u00a0 lass sie vor\u00fcberziehen, ohne ihnen gr\u00f6\u03b2ere Bedeutung zu geben, und ohne sie im Geist zur\u00fcckzuhalten.<\/p>\n<p>Einen stabilen Zeitplan f\u00fcr das Beten\u00a0 zu haben, kann helfen. Zum Beispiel die erste Stunde der Wanderung jeden Tag. Oder auch eine halbe Stunde am Morgen und eine andere halbe Stunde am Nachmittag. Man sollte sich an die gew\u00e4hlten Zeiten halten. Ausserhalb der offiziellen Gebetszeiten, werden andere relevante Ideen aufkommen, hei\u03b2e sie willkommen. Auf den langen Abschnitten entlang der Ebrokan\u00e4le, kann es Momente geben, in denen du dich ebenfalls so f\u00fchlst, als ob du geistlich stromabw\u00e4rts schweben w\u00fcrdest. \u00a0Geniess diese Momente, in denen du ganz in der Natur und bei Gott bist, der durch die Natur mit uns spricht.<\/p>\n<p>Aber steigere dich nicht in etwas hinein! Vor allem, wenn du \u00fcber etwas Schmerzliches oder Schwieriges meditierst, eine schmerzliche Idee kann dich in einen mentalen Teufelskreis bringen: Vermeide diese Falle, die uns ersch\u00f6pft und uns vom guten Weg abbringt. Manchmal muss man das sogar mit den \u201ebarmherzigen\u201c Ideen tun: Ignatius warnte uns, dass wir manchmal in Versuchung kommen, unseren Weg zu verlassen, unter dem Eindruck eine gute Idee gefunden zu haben: In anderen Worten, wir k\u00f6nnen an etwas denken, das uns gut erscheint, das uns in Wirklichkeit jedoch nur strapaziert und uns weit weg vom Weg und dem Ziel bringt, das wir uns gesetzt haben.<\/p>\n<p>5 .- Beende jeden Gebetsmoment mit der gleichen Formel. Das Wichtigste ist, in\u00a0 erster Linie dankbar zu sein. Danke f\u00fcr die Zeit des Gebetes, die wir gerade zusammen verbracht haben. Danke f\u00fcr die Kommunikation, die wir miteinander hatten. Danke Gott f\u00fcr die vergangene Zeit, f\u00fcr andere Segnungen des Tages und f\u00fcr die Gaben des Pilgerns: Zeit haben, finanzielle Mittel, die Gesundheit und der Wunsch, wie ein Pilger zu wandern, zum Beispiel. Wir enden mit einem Vater Unser.<\/p>\n\t\t\t\t\t\t\t\t<\/div>\n\t\t\t\t<\/div>\n\t\t\t\t\t<\/div>\n\t\t<\/div>\n\t\t\t\t\t<\/div>\n\t\t<\/section>\n\t\t\t\t<section class=\"elementor-section elementor-inner-section elementor-element elementor-element-29d975a elementor-section-full_width elementor-section-height-default elementor-section-height-default\" data-id=\"29d975a\" data-element_type=\"section\" data-e-type=\"section\">\n\t\t\t\t\t\t<div class=\"elementor-container elementor-column-gap-default\">\n\t\t\t\t\t<div class=\"elementor-column elementor-col-100 elementor-inner-column elementor-element elementor-element-51fce780\" data-id=\"51fce780\" data-element_type=\"column\" data-e-type=\"column\" data-settings=\"{&quot;background_background&quot;:&quot;classic&quot;}\">\n\t\t\t<div class=\"elementor-widget-wrap elementor-element-populated\">\n\t\t\t\t\t<div class=\"elementor-background-overlay\"><\/div>\n\t\t\t\t\t\t<div class=\"elementor-element elementor-element-649dec5e elementor-widget elementor-widget-text-editor\" data-id=\"649dec5e\" data-element_type=\"widget\" data-e-type=\"widget\" data-widget_type=\"text-editor.default\">\n\t\t\t\t<div class=\"elementor-widget-container\">\n\t\t\t\t\t\t\t\t\t<p>Schreib ein Tagebuch. Am Ende jedes Tages oder sogar nach jeder Gebetsphase, wenn du dazu neigst, schreib die Gedanken oder wichtigsten Ideen auf, die dich betreffen, die wichtigsten Bilder der Schrift, nach und nach. Ein spirituelles Tagebuch wird dir helfen, deine Erfahrung zu sammeln, sei es am Ende des gesamten Ignatius-Weges, schon in Manresa, oder auf den Etappen, wenn du den Weg in Abschnitten w\u00e4hrend mehreren Jahr machst.<\/p>\n<p>Wenn du in einer kleinen Gruppe pilgerst, m\u00f6chtest du vielleicht die Gaben oder die Ideen, die dich \u00fcberrascht haben, teilen. Allerdings ist es nicht empfehlenswert, dies jeden Tag zu tun. \u00a0Die Gruppenteilnahme bedeutet nicht zu debattieren und auch keine \u201eEinmischung\u201d: Es sollte ein Moment sein, bei dem man teilt und mit Respekt zuh\u00f6rt, so wie Gott es im Leben des anderen tat. Es ist nicht der Moment \u201eGottes Rolle im Leben des anderen zu spielen\u201d. Der Weg der geistlichen \u00dcbungen ist grunds\u00e4tzlich pers\u00f6nlich, etwas zwischen \u201edem Sch\u00f6pfer und seinem Gesch\u00f6pf\u201d.<\/p>\n\t\t\t\t\t\t\t\t<\/div>\n\t\t\t\t<\/div>\n\t\t\t\t\t<\/div>\n\t\t<\/div>\n\t\t\t\t\t<\/div>\n\t\t<\/section>\n\t\t\t\t<section class=\"elementor-section elementor-inner-section elementor-element elementor-element-35a4e23 elementor-section-full_width elementor-section-height-default elementor-section-height-default\" data-id=\"35a4e23\" data-element_type=\"section\" data-e-type=\"section\">\n\t\t\t\t\t\t<div class=\"elementor-container elementor-column-gap-default\">\n\t\t\t\t\t<div class=\"elementor-column elementor-col-20 elementor-inner-column elementor-element elementor-element-650fb93\" data-id=\"650fb93\" data-element_type=\"column\" data-e-type=\"column\" data-settings=\"{&quot;background_background&quot;:&quot;classic&quot;}\">\n\t\t\t<div class=\"elementor-widget-wrap elementor-element-populated\">\n\t\t\t\t\t<div class=\"elementor-background-overlay\"><\/div>\n\t\t\t\t\t\t<div class=\"elementor-element elementor-element-1511131 elementor-align-center elementor-widget elementor-widget-button\" data-id=\"1511131\" data-element_type=\"widget\" data-e-type=\"widget\" data-widget_type=\"button.default\">\n\t\t\t\t<div class=\"elementor-widget-container\">\n\t\t\t\t\t\t\t\t\t<div class=\"elementor-button-wrapper\">\n\t\t\t\t\t<a class=\"elementor-button elementor-button-link elementor-size-md\" href=\"\/de\/peregrinando\/\">\n\t\t\t\t\t\t<span class=\"elementor-button-content-wrapper\">\n\t\t\t\t\t\t\t\t\t<span class=\"elementor-button-text\">MIT IGNATIUS<\/span>\n\t\t\t\t\t<\/span>\n\t\t\t\t\t<\/a>\n\t\t\t\t<\/div>\n\t\t\t\t\t\t\t\t<\/div>\n\t\t\t\t<\/div>\n\t\t\t\t\t<\/div>\n\t\t<\/div>\n\t\t\t\t<div class=\"elementor-column elementor-col-20 elementor-inner-column elementor-element elementor-element-3cbc8d08\" data-id=\"3cbc8d08\" data-element_type=\"column\" data-e-type=\"column\" data-settings=\"{&quot;background_background&quot;:&quot;classic&quot;}\">\n\t\t\t<div class=\"elementor-widget-wrap elementor-element-populated\">\n\t\t\t\t\t<div class=\"elementor-background-overlay\"><\/div>\n\t\t\t\t\t\t<div class=\"elementor-element elementor-element-10ca04ab elementor-align-center elementor-widget elementor-widget-button\" data-id=\"10ca04ab\" data-element_type=\"widget\" data-e-type=\"widget\" data-widget_type=\"button.default\">\n\t\t\t\t<div class=\"elementor-widget-container\">\n\t\t\t\t\t\t\t\t\t<div class=\"elementor-button-wrapper\">\n\t\t\t\t\t<a class=\"elementor-button elementor-button-link elementor-size-md\" href=\"\/de\/cuatro\/\">\n\t\t\t\t\t\t<span class=\"elementor-button-content-wrapper\">\n\t\t\t\t\t\t\t\t\t<span class=\"elementor-button-text\">VIER<\/span>\n\t\t\t\t\t<\/span>\n\t\t\t\t\t<\/a>\n\t\t\t\t<\/div>\n\t\t\t\t\t\t\t\t<\/div>\n\t\t\t\t<\/div>\n\t\t\t\t\t<\/div>\n\t\t<\/div>\n\t\t\t\t<div class=\"elementor-column elementor-col-20 elementor-inner-column elementor-element elementor-element-3b886782\" data-id=\"3b886782\" data-element_type=\"column\" data-e-type=\"column\" data-settings=\"{&quot;background_background&quot;:&quot;classic&quot;}\">\n\t\t\t<div class=\"elementor-widget-wrap elementor-element-populated\">\n\t\t\t\t\t<div class=\"elementor-background-overlay\"><\/div>\n\t\t\t\t\t\t<div class=\"elementor-element elementor-element-43f6dd0e elementor-align-center elementor-widget elementor-widget-button\" data-id=\"43f6dd0e\" data-element_type=\"widget\" data-e-type=\"widget\" data-widget_type=\"button.default\">\n\t\t\t\t<div class=\"elementor-widget-container\">\n\t\t\t\t\t\t\t\t\t<div class=\"elementor-button-wrapper\">\n\t\t\t\t\t<a class=\"elementor-button elementor-button-link elementor-size-md\" href=\"\/de\/respirando\/\">\n\t\t\t\t\t\t<span class=\"elementor-button-content-wrapper\">\n\t\t\t\t\t\t\t\t\t<span class=\"elementor-button-text\">ATMEN<\/span>\n\t\t\t\t\t<\/span>\n\t\t\t\t\t<\/a>\n\t\t\t\t<\/div>\n\t\t\t\t\t\t\t\t<\/div>\n\t\t\t\t<\/div>\n\t\t\t\t\t<\/div>\n\t\t<\/div>\n\t\t\t\t<div class=\"elementor-column elementor-col-20 elementor-inner-column elementor-element elementor-element-7228261c\" data-id=\"7228261c\" data-element_type=\"column\" data-e-type=\"column\" data-settings=\"{&quot;background_background&quot;:&quot;classic&quot;}\">\n\t\t\t<div class=\"elementor-widget-wrap elementor-element-populated\">\n\t\t\t\t\t<div class=\"elementor-background-overlay\"><\/div>\n\t\t\t\t\t\t<div class=\"elementor-element elementor-element-4bac987a elementor-align-center elementor-widget elementor-widget-button\" data-id=\"4bac987a\" data-element_type=\"widget\" data-e-type=\"widget\" data-widget_type=\"button.default\">\n\t\t\t\t<div class=\"elementor-widget-container\">\n\t\t\t\t\t\t\t\t\t<div class=\"elementor-button-wrapper\">\n\t\t\t\t\t<a class=\"elementor-button elementor-button-link elementor-size-md\" href=\"\/de\/oracion-introductoria\/\">\n\t\t\t\t\t\t<span class=\"elementor-button-content-wrapper\">\n\t\t\t\t\t\t\t\t\t<span class=\"elementor-button-text\">GEBET<\/span>\n\t\t\t\t\t<\/span>\n\t\t\t\t\t<\/a>\n\t\t\t\t<\/div>\n\t\t\t\t\t\t\t\t<\/div>\n\t\t\t\t<\/div>\n\t\t\t\t\t<\/div>\n\t\t<\/div>\n\t\t\t\t<div class=\"elementor-column elementor-col-20 elementor-inner-column elementor-element elementor-element-56cae917\" data-id=\"56cae917\" data-element_type=\"column\" data-e-type=\"column\" data-settings=\"{&quot;background_background&quot;:&quot;classic&quot;}\">\n\t\t\t<div class=\"elementor-widget-wrap elementor-element-populated\">\n\t\t\t\t\t<div class=\"elementor-background-overlay\"><\/div>\n\t\t\t\t\t\t<div class=\"elementor-element elementor-element-606b2272 elementor-align-center elementor-widget elementor-widget-button\" data-id=\"606b2272\" data-element_type=\"widget\" data-e-type=\"widget\" data-widget_type=\"button.default\">\n\t\t\t\t<div class=\"elementor-widget-container\">\n\t\t\t\t\t\t\t\t\t<div class=\"elementor-button-wrapper\">\n\t\t\t\t\t<a class=\"elementor-button elementor-button-link elementor-size-md\" href=\"\/de\/bendicion\/\">\n\t\t\t\t\t\t<span class=\"elementor-button-content-wrapper\">\n\t\t\t\t\t\t\t\t\t<span class=\"elementor-button-text\">SEGEN<\/span>\n\t\t\t\t\t<\/span>\n\t\t\t\t\t<\/a>\n\t\t\t\t<\/div>\n\t\t\t\t\t\t\t\t<\/div>\n\t\t\t\t<\/div>\n\t\t\t\t\t<\/div>\n\t\t<\/div>\n\t\t\t\t\t<\/div>\n\t\t<\/section>\n\t\t\t\t\t<\/div>\n\t\t<\/div>\n\t\t\t\t\t<\/div>\n\t\t<\/section>\n\t\t\t\t<section class=\"elementor-section elementor-top-section elementor-element elementor-element-78bbb13a elementor-section-content-middle elementor-section-boxed elementor-section-height-default elementor-section-height-default\" data-id=\"78bbb13a\" data-element_type=\"section\" data-e-type=\"section\">\n\t\t\t\t\t\t<div class=\"elementor-container elementor-column-gap-no\">\n\t\t\t\t\t<div class=\"elementor-column elementor-col-33 elementor-top-column elementor-element elementor-element-599a3ac8\" data-id=\"599a3ac8\" data-element_type=\"column\" data-e-type=\"column\">\n\t\t\t<div class=\"elementor-widget-wrap elementor-element-populated\">\n\t\t\t\t\t\t<div class=\"elementor-element elementor-element-3c120cd elementor-widget elementor-widget-heading\" data-id=\"3c120cd\" data-element_type=\"widget\" data-e-type=\"widget\" data-widget_type=\"heading.default\">\n\t\t\t\t<div class=\"elementor-widget-container\">\n\t\t\t\t\t<h4 class=\"elementor-heading-title elementor-size-default\">Tipps f\u00fcr den Weg<\/h4>\t\t\t\t<\/div>\n\t\t\t\t<\/div>\n\t\t\t\t<div class=\"elementor-element elementor-element-27cd957a elementor-widget elementor-widget-text-editor\" data-id=\"27cd957a\" data-element_type=\"widget\" data-e-type=\"widget\" data-widget_type=\"text-editor.default\">\n\t\t\t\t<div class=\"elementor-widget-container\">\n\t\t\t\t\t\t\t\t\t<p>Praktische Aspekte, Zeugnisse, Zertifikate, Transportmittel, Unterkunft&#8230;..<\/p>\n\t\t\t\t\t\t\t\t<\/div>\n\t\t\t\t<\/div>\n\t\t\t\t<div class=\"elementor-element elementor-element-16a0fea3 elementor-align-center elementor-widget elementor-widget-button\" data-id=\"16a0fea3\" data-element_type=\"widget\" data-e-type=\"widget\" data-widget_type=\"button.default\">\n\t\t\t\t<div class=\"elementor-widget-container\">\n\t\t\t\t\t\t\t\t\t<div class=\"elementor-button-wrapper\">\n\t\t\t\t\t<a class=\"elementor-button elementor-button-link elementor-size-sm elementor-animation-grow\" href=\"\/de\/praktische-tips\/\">\n\t\t\t\t\t\t<span class=\"elementor-button-content-wrapper\">\n\t\t\t\t\t\t\t\t\t<span class=\"elementor-button-text\">BEREITHALTEN<\/span>\n\t\t\t\t\t<\/span>\n\t\t\t\t\t<\/a>\n\t\t\t\t<\/div>\n\t\t\t\t\t\t\t\t<\/div>\n\t\t\t\t<\/div>\n\t\t\t\t\t<\/div>\n\t\t<\/div>\n\t\t\t\t<div class=\"elementor-column elementor-col-33 elementor-top-column elementor-element elementor-element-dd0fe77\" data-id=\"dd0fe77\" data-element_type=\"column\" data-e-type=\"column\">\n\t\t\t<div class=\"elementor-widget-wrap elementor-element-populated\">\n\t\t\t\t\t\t<div class=\"elementor-element elementor-element-1a0170c3 elementor-widget elementor-widget-heading\" data-id=\"1a0170c3\" data-element_type=\"widget\" data-e-type=\"widget\" data-widget_type=\"heading.default\">\n\t\t\t\t<div class=\"elementor-widget-container\">\n\t\t\t\t\t<h4 class=\"elementor-heading-title elementor-size-default\">Ignatius Weg<\/h4>\t\t\t\t<\/div>\n\t\t\t\t<\/div>\n\t\t\t\t<div class=\"elementor-element elementor-element-1388aa32 elementor-widget elementor-widget-text-editor\" data-id=\"1388aa32\" data-element_type=\"widget\" data-e-type=\"widget\" data-widget_type=\"text-editor.default\">\n\t\t\t\t<div class=\"elementor-widget-container\">\n\t\t\t\t\t\t\t\t\t<p>Geschichte des Weges, Pilgerwege, Pilgern in der Vergangenheit, Pilgern durch das Spanien von Ignatius, Danksagungen<\/p>\n\t\t\t\t\t\t\t\t<\/div>\n\t\t\t\t<\/div>\n\t\t\t\t<div class=\"elementor-element elementor-element-68218d8d elementor-align-center elementor-widget elementor-widget-button\" data-id=\"68218d8d\" data-element_type=\"widget\" data-e-type=\"widget\" data-widget_type=\"button.default\">\n\t\t\t\t<div class=\"elementor-widget-container\">\n\t\t\t\t\t\t\t\t\t<div class=\"elementor-button-wrapper\">\n\t\t\t\t\t<a class=\"elementor-button elementor-button-link elementor-size-sm elementor-animation-grow\" href=\"\/de\/ignatius-weg\/\">\n\t\t\t\t\t\t<span class=\"elementor-button-content-wrapper\">\n\t\t\t\t\t\t\t\t\t<span class=\"elementor-button-text\">ENTDECKE DIE IT<\/span>\n\t\t\t\t\t<\/span>\n\t\t\t\t\t<\/a>\n\t\t\t\t<\/div>\n\t\t\t\t\t\t\t\t<\/div>\n\t\t\t\t<\/div>\n\t\t\t\t\t<\/div>\n\t\t<\/div>\n\t\t\t\t<div class=\"elementor-column elementor-col-33 elementor-top-column elementor-element elementor-element-2ac6bf14\" data-id=\"2ac6bf14\" data-element_type=\"column\" data-e-type=\"column\">\n\t\t\t<div class=\"elementor-widget-wrap elementor-element-populated\">\n\t\t\t\t\t\t<div class=\"elementor-element elementor-element-794f3790 elementor-widget elementor-widget-heading\" data-id=\"794f3790\" data-element_type=\"widget\" data-e-type=\"widget\" data-widget_type=\"heading.default\">\n\t\t\t\t<div class=\"elementor-widget-container\">\n\t\t\t\t\t<h4 class=\"elementor-heading-title elementor-size-default\">Das Pilgerb\u00fcro<\/h4>\t\t\t\t<\/div>\n\t\t\t\t<\/div>\n\t\t\t\t<div class=\"elementor-element elementor-element-525fd5f3 elementor-widget elementor-widget-text-editor\" data-id=\"525fd5f3\" data-element_type=\"widget\" data-e-type=\"widget\" data-widget_type=\"text-editor.default\">\n\t\t\t\t<div class=\"elementor-widget-container\">\n\t\t\t\t\t\t\t\t\t<p>Erfahrungen, Aktivit\u00e4ten, Reiseveranstalter, Pilgerdokumente, Weg der Respekt, Vereinigungen, Segensspruch f\u00fcr den Pilger<\/p>\n\t\t\t\t\t\t\t\t<\/div>\n\t\t\t\t<\/div>\n\t\t\t\t<div class=\"elementor-element elementor-element-726fd317 elementor-align-center elementor-widget elementor-widget-button\" data-id=\"726fd317\" data-element_type=\"widget\" data-e-type=\"widget\" data-widget_type=\"button.default\">\n\t\t\t\t<div class=\"elementor-widget-container\">\n\t\t\t\t\t\t\t\t\t<div class=\"elementor-button-wrapper\">\n\t\t\t\t\t<a class=\"elementor-button elementor-button-link elementor-size-sm elementor-animation-grow\" href=\"\/de\/buro\/\">\n\t\t\t\t\t\t<span class=\"elementor-button-content-wrapper\">\n\t\t\t\t\t\t\t\t\t<span class=\"elementor-button-text\">wir helfen Ihnen<\/span>\n\t\t\t\t\t<\/span>\n\t\t\t\t\t<\/a>\n\t\t\t\t<\/div>\n\t\t\t\t\t\t\t\t<\/div>\n\t\t\t\t<\/div>\n\t\t\t\t\t<\/div>\n\t\t<\/div>\n\t\t\t\t\t<\/div>\n\t\t<\/section>\n\t\t\t\t<\/div>\n\t\t","protected":false},"excerpt":{"rendered":"<p>Wie beginnen wir mit der Meditation? 1 .- Beginn die Meditation, indem du dir einige Minuten Zeit nimmst, um dir die Gegenwart Gottes bewusst zu werden. Das hei\u03b2t, l\u00f6se dich von deinen \u00c4ngsten oder der Ablenkung, die dich st\u00f6rt, zum Beispiel die Gedanken an das n\u00e4chste Essen. Ein Lieblingsmusikst\u00fcck spiritueller Art kann dabei helfen, dich [&hellip;]<\/p>\n","protected":false},"author":1,"featured_media":0,"parent":0,"menu_order":0,"comment_status":"closed","ping_status":"closed","template":"","meta":{"_acf_changed":false,"footnotes":""},"class_list":["post-8321","page","type-page","status-publish","hentry"],"acf":[],"_links":{"self":[{"href":"https:\/\/caminoignaciano.org\/de\/wp-json\/wp\/v2\/pages\/8321","targetHints":{"allow":["GET"]}}],"collection":[{"href":"https:\/\/caminoignaciano.org\/de\/wp-json\/wp\/v2\/pages"}],"about":[{"href":"https:\/\/caminoignaciano.org\/de\/wp-json\/wp\/v2\/types\/page"}],"author":[{"embeddable":true,"href":"https:\/\/caminoignaciano.org\/de\/wp-json\/wp\/v2\/users\/1"}],"replies":[{"embeddable":true,"href":"https:\/\/caminoignaciano.org\/de\/wp-json\/wp\/v2\/comments?post=8321"}],"version-history":[{"count":0,"href":"https:\/\/caminoignaciano.org\/de\/wp-json\/wp\/v2\/pages\/8321\/revisions"}],"wp:attachment":[{"href":"https:\/\/caminoignaciano.org\/de\/wp-json\/wp\/v2\/media?parent=8321"}],"curies":[{"name":"wp","href":"https:\/\/api.w.org\/{rel}","templated":true}]}}