{"id":8259,"date":"2019-02-21T21:01:59","date_gmt":"2019-02-21T20:01:59","guid":{"rendered":"http:\/\/caminoignaciano.sjdigitaldemo.ovh\/pasado\/"},"modified":"2019-03-06T05:57:05","modified_gmt":"2019-03-06T04:57:05","slug":"pasado","status":"publish","type":"page","link":"https:\/\/caminoignaciano.org\/de\/pasado\/","title":{"rendered":"Pilgern in der Vergangenheit"},"content":{"rendered":"\t\t<div data-elementor-type=\"wp-post\" data-elementor-id=\"8259\" class=\"elementor elementor-8259 elementor-6557 elementor-bc-flex-widget\" data-elementor-post-type=\"page\">\n\t\t\t\t\t\t<section class=\"elementor-section elementor-top-section elementor-element elementor-element-1c1811ee elementor-section-height-min-height elementor-section-content-middle elementor-section-full_width elementor-section-height-default elementor-section-items-middle\" data-id=\"1c1811ee\" data-element_type=\"section\" data-e-type=\"section\" data-settings=\"{&quot;background_background&quot;:&quot;classic&quot;}\">\n\t\t\t\t\t\t\t<div class=\"elementor-background-overlay\"><\/div>\n\t\t\t\t\t\t\t<div class=\"elementor-container elementor-column-gap-no\">\n\t\t\t\t\t<div class=\"elementor-column elementor-col-100 elementor-top-column elementor-element elementor-element-6dc66bad\" data-id=\"6dc66bad\" data-element_type=\"column\" data-e-type=\"column\">\n\t\t\t<div class=\"elementor-widget-wrap elementor-element-populated\">\n\t\t\t\t\t\t<div class=\"elementor-element elementor-element-c76d5c elementor-headline--style-highlight elementor-widget elementor-widget-animated-headline\" data-id=\"c76d5c\" data-element_type=\"widget\" data-e-type=\"widget\" data-settings=\"{&quot;highlighted_text&quot;:&quot;Pilgern in der Vergangenheit&quot;,&quot;headline_style&quot;:&quot;highlight&quot;,&quot;marker&quot;:&quot;circle&quot;,&quot;loop&quot;:&quot;yes&quot;,&quot;highlight_animation_duration&quot;:1200,&quot;highlight_iteration_delay&quot;:8000}\" data-widget_type=\"animated-headline.default\">\n\t\t\t\t<div class=\"elementor-widget-container\">\n\t\t\t\t\t\t\t<h2 class=\"elementor-headline\">\n\t\t\t\t<span class=\"elementor-headline-dynamic-wrapper elementor-headline-text-wrapper\">\n\t\t\t\t\t<span class=\"elementor-headline-dynamic-text elementor-headline-text-active\">Pilgern in der Vergangenheit<\/span>\n\t\t\t\t<\/span>\n\t\t\t\t<\/h2>\n\t\t\t\t\t\t<\/div>\n\t\t\t\t<\/div>\n\t\t\t\t\t<\/div>\n\t\t<\/div>\n\t\t\t\t\t<\/div>\n\t\t<\/section>\n\t\t\t\t<section class=\"elementor-section elementor-top-section elementor-element elementor-element-2d25a21a elementor-section-full_width elementor-section-height-default elementor-section-height-default\" data-id=\"2d25a21a\" data-element_type=\"section\" data-e-type=\"section\" data-settings=\"{&quot;background_background&quot;:&quot;classic&quot;}\">\n\t\t\t\t\t\t\t<div class=\"elementor-background-overlay\"><\/div>\n\t\t\t\t\t\t\t<div class=\"elementor-container elementor-column-gap-default\">\n\t\t\t\t\t<div class=\"elementor-column elementor-col-100 elementor-top-column elementor-element elementor-element-2e5f829\" data-id=\"2e5f829\" data-element_type=\"column\" data-e-type=\"column\">\n\t\t\t<div class=\"elementor-widget-wrap elementor-element-populated\">\n\t\t\t\t\t\t<section class=\"elementor-section elementor-inner-section elementor-element elementor-element-123e26a6 elementor-section-full_width elementor-section-height-default elementor-section-height-default\" data-id=\"123e26a6\" data-element_type=\"section\" data-e-type=\"section\">\n\t\t\t\t\t\t<div class=\"elementor-container elementor-column-gap-default\">\n\t\t\t\t\t<div class=\"elementor-column elementor-col-50 elementor-inner-column elementor-element elementor-element-2dee2c94\" data-id=\"2dee2c94\" data-element_type=\"column\" data-e-type=\"column\" data-settings=\"{&quot;background_background&quot;:&quot;classic&quot;}\">\n\t\t\t<div class=\"elementor-widget-wrap elementor-element-populated\">\n\t\t\t\t\t<div class=\"elementor-background-overlay\"><\/div>\n\t\t\t\t\t\t<div class=\"elementor-element elementor-element-66b8a5c9 elementor-widget elementor-widget-heading\" data-id=\"66b8a5c9\" data-element_type=\"widget\" data-e-type=\"widget\" data-widget_type=\"heading.default\">\n\t\t\t\t<div class=\"elementor-widget-container\">\n\t\t\t\t\t<h2 class=\"elementor-heading-title elementor-size-default\">Einige biografische Meilensteine aus dem Leben Ignatius<\/h2>\t\t\t\t<\/div>\n\t\t\t\t<\/div>\n\t\t\t\t\t<\/div>\n\t\t<\/div>\n\t\t\t\t<div class=\"elementor-column elementor-col-50 elementor-inner-column elementor-element elementor-element-50e21344\" data-id=\"50e21344\" data-element_type=\"column\" data-e-type=\"column\" id=\"programa tu camino\" data-settings=\"{&quot;background_background&quot;:&quot;classic&quot;}\">\n\t\t\t<div class=\"elementor-widget-wrap elementor-element-populated\">\n\t\t\t\t\t<div class=\"elementor-background-overlay\"><\/div>\n\t\t\t\t\t\t<div class=\"elementor-element elementor-element-6670e3a1 elementor-widget elementor-widget-text-editor\" data-id=\"6670e3a1\" data-element_type=\"widget\" data-e-type=\"widget\" data-widget_type=\"text-editor.default\">\n\t\t\t\t<div class=\"elementor-widget-container\">\n\t\t\t\t\t\t\t\t\t<p>1491: Geboren in Loyola (Baskenland)<\/p>\n<p>1521, Mai: Er wird verletzt in der Schlacht bei Pamplona. Erholung und Genesung in seinem Hause in Azpeitia. Bekehrung.<\/p>\n<p>1522: Aufenthalt in Manresa.<\/p>\n<p>1523: Aufenthalt in Jerusalem.<\/p>\n<p>1524-1527: Studium in Barcelona, Salamanca und Alcal\u00e1.<\/p>\n<p>1528-1535: Aufenthalt in Paris. Erste Gef\u00e4hrten.<\/p>\n<p>1537, Juni: Priesterweihung in Venedig.<\/p>\n<p>1540: Anerkennung des Jesuitenordens durch Papst Paul III.<\/p>\n<p>1548:\u00a0Genehmigung der Exerzitien durch Papst Paul III.<\/p>\n<p>1553-1555: Aufzeichnungen seines Lebens durch seinen Sekret\u00e4r. Er verfasst eine Autobiographie.<\/p>\n<p>1556, 31. Juli: Ignatius von Loyola stirbt in Rom.<\/p>\n\t\t\t\t\t\t\t\t<\/div>\n\t\t\t\t<\/div>\n\t\t\t\t\t<\/div>\n\t\t<\/div>\n\t\t\t\t\t<\/div>\n\t\t<\/section>\n\t\t\t\t<section class=\"elementor-section elementor-inner-section elementor-element elementor-element-a68532c elementor-section-full_width elementor-section-height-default elementor-section-height-default\" data-id=\"a68532c\" data-element_type=\"section\" data-e-type=\"section\">\n\t\t\t\t\t\t<div class=\"elementor-container elementor-column-gap-default\">\n\t\t\t\t\t<div class=\"elementor-column elementor-col-50 elementor-inner-column elementor-element elementor-element-c173cbf\" data-id=\"c173cbf\" data-element_type=\"column\" data-e-type=\"column\" data-settings=\"{&quot;background_background&quot;:&quot;classic&quot;}\">\n\t\t\t<div class=\"elementor-widget-wrap elementor-element-populated\">\n\t\t\t\t\t<div class=\"elementor-background-overlay\"><\/div>\n\t\t\t\t\t\t<div class=\"elementor-element elementor-element-8277ca5 elementor-widget elementor-widget-text-editor\" data-id=\"8277ca5\" data-element_type=\"widget\" data-e-type=\"widget\" data-widget_type=\"text-editor.default\">\n\t\t\t\t<div class=\"elementor-widget-container\">\n\t\t\t\t\t\t\t\t\t<p>Ignatius wird in Loyola geboren, wahrscheinlich im Jahr 1491, in einer Adelsfamilie im Baskenland. Er ist der j\u00fcngste von dreizehn Geschwistern. 1521 wird er bei der Schlacht um die Verteidigung Pamplonas von franz\u00f6sischen Truppen verletzt. W\u00e4hrend seiner Erholung und Genesung zuhause bei der Familie erlebt er eine tiefe spirituelle Ver\u00e4nderung, was er seine Bekehrung nennt und was ihn dazu bewegt, seine bisherigen Lebensgewohnheiten aufzugeben. Ab diesem Moment widmet er sich der Suche nach dem Willen Gottes.<\/p>\n<p>Er entscheidet sich, Pilger zu werden und bis ins Heilige Land zu gehen. Die erste Etappe dieser Pilgerreise bringt ihn zur Wallfahrtskirche Nuestra Se\u00f1ora de Montserrat. Er startet Ende Januar oder Anfang Februar 1522 und kommt am 21. M\u00e4rz in Montserrat an. Wie er selbst in seiner Autobiographie schreibt, findet\u00a0 auf diesem Weg die bekannte Begegnung mit einem Muslem statt, mit dem er \u00fcber Religionsfragen spricht. Dieser \u201cinterreligi\u00f6se Dialog\u201d ist deshalb bemerkenswert, weil sich hier eine noch unreife und schon intensive Hingabe zeigt. In Ignatius steigen Zweifel auf, ob er diesen Muslem t\u00f6ten solle oder nicht, da jener die Junfernschaft von Maria abstritt und sie damit beleidigte.<\/p>\n<p>Ignatius bleibt mehr als zehn Monate in Manresa und arbeitet dort weiter an seinem Vorsatz,\u00a0 das Gebet und die Bu\u03b2e. Er notiert in ein Heft, das er bei sich hat, seine tiefen spirituellen Erfahrungen. Auf diese Weise entstehen in Manresa die \u201cspirituellen \u00dcbungen\u201d, die Exerzitien, die seit damals\u00a0 bis in unsere heutige Zeit von Millionen\u00a0 Christen praktiziert werden. Ein sicherer Weg auf der Suche nach dem Willen Gottes.<\/p>\n<p>Wir \u00fcbertreiben nicht, wenn wir sagen, dass Ignatius in Manresa die wichtigste Phase seiner spirituellen Entwicklung erlebte. Er selbst schreibt in seiner Autobiographie, \u201e\u2026<em>so dass im Laufe seines Lebens, bis \u00fcber 62 Jahre und unter Hinzunahme all der Hilfen, die Gott ihm bereitstellte, und all der Dinge, die er wusste, selbst wenn er diese Hilfen in einer zusammenfassen w\u00fcrde, niemals habe er so viel erreicht, wie allein in jener Zeit<\/em><em>\u201d.<\/em><\/p>\n\t\t\t\t\t\t\t\t<\/div>\n\t\t\t\t<\/div>\n\t\t\t\t\t<\/div>\n\t\t<\/div>\n\t\t\t\t<div class=\"elementor-column elementor-col-50 elementor-inner-column elementor-element elementor-element-b6ed8b4\" data-id=\"b6ed8b4\" data-element_type=\"column\" data-e-type=\"column\" data-settings=\"{&quot;background_background&quot;:&quot;classic&quot;}\">\n\t\t\t<div class=\"elementor-widget-wrap elementor-element-populated\">\n\t\t\t\t\t<div class=\"elementor-background-overlay\"><\/div>\n\t\t\t\t\t\t<div class=\"elementor-element elementor-element-641cd4e elementor-widget elementor-widget-heading\" data-id=\"641cd4e\" data-element_type=\"widget\" data-e-type=\"widget\" data-widget_type=\"heading.default\">\n\t\t\t\t<div class=\"elementor-widget-container\">\n\t\t\t\t\t<h2 class=\"elementor-heading-title elementor-size-default\">Geschichtlicher Kontext: Ignatius von Loyola und seine Pilgerschaft 1522<\/h2>\t\t\t\t<\/div>\n\t\t\t\t<\/div>\n\t\t\t\t\t<\/div>\n\t\t<\/div>\n\t\t\t\t\t<\/div>\n\t\t<\/section>\n\t\t\t\t<section class=\"elementor-section elementor-inner-section elementor-element elementor-element-fc5427a elementor-section-full_width elementor-section-height-default elementor-section-height-default\" data-id=\"fc5427a\" data-element_type=\"section\" data-e-type=\"section\">\n\t\t\t\t\t\t<div class=\"elementor-container elementor-column-gap-default\">\n\t\t\t\t\t<div class=\"elementor-column elementor-col-50 elementor-inner-column elementor-element elementor-element-354c680\" data-id=\"354c680\" data-element_type=\"column\" data-e-type=\"column\" data-settings=\"{&quot;background_background&quot;:&quot;classic&quot;}\">\n\t\t\t<div class=\"elementor-widget-wrap elementor-element-populated\">\n\t\t\t\t\t<div class=\"elementor-background-overlay\"><\/div>\n\t\t\t\t\t\t<div class=\"elementor-element elementor-element-34a2bbf elementor-widget elementor-widget-heading\" data-id=\"34a2bbf\" data-element_type=\"widget\" data-e-type=\"widget\" data-widget_type=\"heading.default\">\n\t\t\t\t<div class=\"elementor-widget-container\">\n\t\t\t\t\t<h2 class=\"elementor-heading-title elementor-size-default\">Zugang zur Erfahrung von Ignatius<\/h2>\t\t\t\t<\/div>\n\t\t\t\t<\/div>\n\t\t\t\t\t<\/div>\n\t\t<\/div>\n\t\t\t\t<div class=\"elementor-column elementor-col-50 elementor-inner-column elementor-element elementor-element-8aaff91\" data-id=\"8aaff91\" data-element_type=\"column\" data-e-type=\"column\" data-settings=\"{&quot;background_background&quot;:&quot;classic&quot;}\">\n\t\t\t<div class=\"elementor-widget-wrap elementor-element-populated\">\n\t\t\t\t\t<div class=\"elementor-background-overlay\"><\/div>\n\t\t\t\t\t\t<div class=\"elementor-element elementor-element-96456a5 elementor-widget elementor-widget-text-editor\" data-id=\"96456a5\" data-element_type=\"widget\" data-e-type=\"widget\" data-widget_type=\"text-editor.default\">\n\t\t\t\t<div class=\"elementor-widget-container\">\n\t\t\t\t\t\t\t\t\t<p>Ignatius war ein religi\u00f6ser Pilger in einer religi\u00f6sen Gesellschaft. Wir gehen davon aus, dass er auf seinem Weg alle Orte und Kirchen besuchte, die vor dem 16. Jahrhundert gebaut wurden. In St\u00e4dten mit nur zwei oder drei Kirchen, besucht er alle, um an\u00a0 Messen teilzunehmen, vor den Altaren zu beten oder dem Chor der M\u00f6nche beim Stundengebet zuzuh\u00f6ren.<\/p>\n<p>Ignatius hielt sich auf den Marktpl\u00e4tzen der Stadt auf, um dort seinen Proviant zu kaufen, sich \u00fcber die Entfernung bis zum n\u00e4chsten Ort zu informieren oder einfach nur um mit den Einwohnern zu plaudern.<\/p>\n<p>Ganz bestimmt wird ein moderner Pilger heute nicht die gleichen intensiven spirituellen Erfahrungen machen wie Ignatius von Loyola. Er wird weder in Logro\u00f1o,\u00a0 Zaragoza, Tudela noch in Lleida ein Schild finden \u201cHier schlief Ignatius von Loyola\u201d. Und dennoch wird er an Hunderten von Orten entlang des Weges sicher sein k\u00f6nnen, dass Ignatius von Loyola in dieser Kirche betete, auf diesem Marktplatz einkaufte oder an diesem Fluss entlangging, diesen H\u00fcgel zum Heiligtum oder zum Kloster hinaufging oder die Sch\u00f6nheit jener Naturlandschaften bewunderte.<\/p>\n<p>Die Pilgerschaften zu den heiligen Zielen nahmen im Laufe des Mittelalters zu. Die Pilger verlie\u03b2en ihre H\u00e4user auf der Suche nach Gott, der Heilung ihrer Krankheiten oder der Vergebung ihrer S\u00fcnden. Das war im Mittelalter ein gew\u00f6hnliches Geschehen. Viele unternahmen kurze Pilgerwanderungen zu nahegelegenen Wallfahrtsorten. Andere hatten das Privileg einmal in ihrem Leben eine gro\u03b2e Pilgerreise nach Santiago de Compostela, Rom oder ins Heilige Land zu machen.<\/p>\n<p>Die Pilger des 21. Jahrhunderts m\u00fcssen sich anstrengen, um sich die Pilgerschaft in den Zeiten Ignatius vorzustellen. Aber es wird auch f\u00fcr den Mensch unserer Zeit m\u00f6glich sein, den Wert und den Sinn zu erfassen, die eine Pilgerschaft mit sich bringt als etwas Wichtiges im eigenen Leben und f\u00fcr die eigene spirituelle Entwicklung. Es zu versuchen, lohnt sich! Verpasst nicht die Gelegenheit in eurer Pilgerschaft!<\/p>\n\t\t\t\t\t\t\t\t<\/div>\n\t\t\t\t<\/div>\n\t\t\t\t\t<\/div>\n\t\t<\/div>\n\t\t\t\t\t<\/div>\n\t\t<\/section>\n\t\t\t\t<section class=\"elementor-section elementor-inner-section elementor-element elementor-element-3585be04 elementor-section-boxed elementor-section-height-default elementor-section-height-default\" data-id=\"3585be04\" data-element_type=\"section\" data-e-type=\"section\">\n\t\t\t\t\t\t<div class=\"elementor-container elementor-column-gap-default\">\n\t\t\t\t\t<div class=\"elementor-column elementor-col-25 elementor-inner-column elementor-element elementor-element-ef8f650\" data-id=\"ef8f650\" data-element_type=\"column\" data-e-type=\"column\" data-settings=\"{&quot;background_background&quot;:&quot;classic&quot;}\">\n\t\t\t<div class=\"elementor-widget-wrap elementor-element-populated\">\n\t\t\t\t\t<div class=\"elementor-background-overlay\"><\/div>\n\t\t\t\t\t\t<div class=\"elementor-element elementor-element-e0f5f5e elementor-align-center elementor-widget elementor-widget-button\" data-id=\"e0f5f5e\" data-element_type=\"widget\" data-e-type=\"widget\" data-widget_type=\"button.default\">\n\t\t\t\t<div class=\"elementor-widget-container\">\n\t\t\t\t\t\t\t\t\t<div class=\"elementor-button-wrapper\">\n\t\t\t\t\t<a class=\"elementor-button elementor-button-link elementor-size-md\" href=\"\/de\/ignatius-weg\/\">\n\t\t\t\t\t\t<span class=\"elementor-button-content-wrapper\">\n\t\t\t\t\t\t\t\t\t<span class=\"elementor-button-text\">DER WEG<\/span>\n\t\t\t\t\t<\/span>\n\t\t\t\t\t<\/a>\n\t\t\t\t<\/div>\n\t\t\t\t\t\t\t\t<\/div>\n\t\t\t\t<\/div>\n\t\t\t\t\t<\/div>\n\t\t<\/div>\n\t\t\t\t<div class=\"elementor-column elementor-col-25 elementor-inner-column elementor-element elementor-element-54f82c40\" data-id=\"54f82c40\" data-element_type=\"column\" data-e-type=\"column\" data-settings=\"{&quot;background_background&quot;:&quot;classic&quot;}\">\n\t\t\t<div class=\"elementor-widget-wrap elementor-element-populated\">\n\t\t\t\t\t<div class=\"elementor-background-overlay\"><\/div>\n\t\t\t\t\t\t<div class=\"elementor-element elementor-element-375aac2c elementor-align-center elementor-widget elementor-widget-button\" data-id=\"375aac2c\" data-element_type=\"widget\" data-e-type=\"widget\" data-widget_type=\"button.default\">\n\t\t\t\t<div class=\"elementor-widget-container\">\n\t\t\t\t\t\t\t\t\t<div class=\"elementor-button-wrapper\">\n\t\t\t\t\t<a class=\"elementor-button elementor-button-link elementor-size-md\" href=\"\/de\/historia\/\">\n\t\t\t\t\t\t<span class=\"elementor-button-content-wrapper\">\n\t\t\t\t\t\t\t\t\t<span class=\"elementor-button-text\">GESCHICHTE<\/span>\n\t\t\t\t\t<\/span>\n\t\t\t\t\t<\/a>\n\t\t\t\t<\/div>\n\t\t\t\t\t\t\t\t<\/div>\n\t\t\t\t<\/div>\n\t\t\t\t\t<\/div>\n\t\t<\/div>\n\t\t\t\t<div class=\"elementor-column elementor-col-25 elementor-inner-column elementor-element elementor-element-72435e86\" data-id=\"72435e86\" data-element_type=\"column\" data-e-type=\"column\" data-settings=\"{&quot;background_background&quot;:&quot;classic&quot;}\">\n\t\t\t<div class=\"elementor-widget-wrap elementor-element-populated\">\n\t\t\t\t\t<div class=\"elementor-background-overlay\"><\/div>\n\t\t\t\t\t\t<div class=\"elementor-element elementor-element-ace54ce elementor-align-center elementor-widget elementor-widget-button\" data-id=\"ace54ce\" data-element_type=\"widget\" data-e-type=\"widget\" data-widget_type=\"button.default\">\n\t\t\t\t<div class=\"elementor-widget-container\">\n\t\t\t\t\t\t\t\t\t<div class=\"elementor-button-wrapper\">\n\t\t\t\t\t<a class=\"elementor-button elementor-button-link elementor-size-md\" href=\"\/de\/ignaciana\/\">\n\t\t\t\t\t\t<span class=\"elementor-button-content-wrapper\">\n\t\t\t\t\t\t\t\t\t<span class=\"elementor-button-text\">DAS SPANIEN VON IGNATIUS<\/span>\n\t\t\t\t\t<\/span>\n\t\t\t\t\t<\/a>\n\t\t\t\t<\/div>\n\t\t\t\t\t\t\t\t<\/div>\n\t\t\t\t<\/div>\n\t\t\t\t\t<\/div>\n\t\t<\/div>\n\t\t\t\t<div class=\"elementor-column elementor-col-25 elementor-inner-column elementor-element elementor-element-533417d9\" data-id=\"533417d9\" data-element_type=\"column\" data-e-type=\"column\" data-settings=\"{&quot;background_background&quot;:&quot;classic&quot;}\">\n\t\t\t<div class=\"elementor-widget-wrap elementor-element-populated\">\n\t\t\t\t\t<div class=\"elementor-background-overlay\"><\/div>\n\t\t\t\t\t\t<div class=\"elementor-element elementor-element-12e11c52 elementor-align-center elementor-widget elementor-widget-button\" data-id=\"12e11c52\" data-element_type=\"widget\" data-e-type=\"widget\" data-widget_type=\"button.default\">\n\t\t\t\t<div class=\"elementor-widget-container\">\n\t\t\t\t\t\t\t\t\t<div class=\"elementor-button-wrapper\">\n\t\t\t\t\t<a class=\"elementor-button elementor-button-link elementor-size-md\" href=\"\/de\/danksagungen\/\">\n\t\t\t\t\t\t<span class=\"elementor-button-content-wrapper\">\n\t\t\t\t\t\t\t\t\t<span class=\"elementor-button-text\">DANKSAGUNGEN<\/span>\n\t\t\t\t\t<\/span>\n\t\t\t\t\t<\/a>\n\t\t\t\t<\/div>\n\t\t\t\t\t\t\t\t<\/div>\n\t\t\t\t<\/div>\n\t\t\t\t\t<\/div>\n\t\t<\/div>\n\t\t\t\t\t<\/div>\n\t\t<\/section>\n\t\t\t\t\t<\/div>\n\t\t<\/div>\n\t\t\t\t\t<\/div>\n\t\t<\/section>\n\t\t\t\t<section class=\"elementor-section elementor-top-section elementor-element elementor-element-1721299d elementor-section-content-middle elementor-section-boxed elementor-section-height-default elementor-section-height-default\" data-id=\"1721299d\" data-element_type=\"section\" data-e-type=\"section\">\n\t\t\t\t\t\t<div class=\"elementor-container elementor-column-gap-no\">\n\t\t\t\t\t<div class=\"elementor-column elementor-col-33 elementor-top-column elementor-element elementor-element-569e312d\" data-id=\"569e312d\" data-element_type=\"column\" data-e-type=\"column\">\n\t\t\t<div class=\"elementor-widget-wrap elementor-element-populated\">\n\t\t\t\t\t\t<div class=\"elementor-element elementor-element-22f20d21 elementor-widget elementor-widget-heading\" data-id=\"22f20d21\" data-element_type=\"widget\" data-e-type=\"widget\" data-widget_type=\"heading.default\">\n\t\t\t\t<div class=\"elementor-widget-container\">\n\t\t\t\t\t<h4 class=\"elementor-heading-title elementor-size-default\">Tipps f\u00fcr den Weg<\/h4>\t\t\t\t<\/div>\n\t\t\t\t<\/div>\n\t\t\t\t<div class=\"elementor-element elementor-element-36eff78f elementor-widget elementor-widget-text-editor\" data-id=\"36eff78f\" data-element_type=\"widget\" data-e-type=\"widget\" data-widget_type=\"text-editor.default\">\n\t\t\t\t<div class=\"elementor-widget-container\">\n\t\t\t\t\t\t\t\t\t<p>Praktische Aspekte, Pilgerdokumente, Zertifikate, Transportmittel, Unterkunft&#8230;<\/p>\n\t\t\t\t\t\t\t\t<\/div>\n\t\t\t\t<\/div>\n\t\t\t\t<div class=\"elementor-element elementor-element-27de58ef elementor-align-center elementor-widget elementor-widget-button\" data-id=\"27de58ef\" data-element_type=\"widget\" data-e-type=\"widget\" data-widget_type=\"button.default\">\n\t\t\t\t<div class=\"elementor-widget-container\">\n\t\t\t\t\t\t\t\t\t<div class=\"elementor-button-wrapper\">\n\t\t\t\t\t<a class=\"elementor-button elementor-button-link elementor-size-sm elementor-animation-grow\" href=\"\/de\/praktische-tips\/\">\n\t\t\t\t\t\t<span class=\"elementor-button-content-wrapper\">\n\t\t\t\t\t\t\t\t\t<span class=\"elementor-button-text\">Mach dich bereit<\/span>\n\t\t\t\t\t<\/span>\n\t\t\t\t\t<\/a>\n\t\t\t\t<\/div>\n\t\t\t\t\t\t\t\t<\/div>\n\t\t\t\t<\/div>\n\t\t\t\t\t<\/div>\n\t\t<\/div>\n\t\t\t\t<div class=\"elementor-column elementor-col-33 elementor-top-column elementor-element elementor-element-11349b41\" data-id=\"11349b41\" data-element_type=\"column\" data-e-type=\"column\">\n\t\t\t<div class=\"elementor-widget-wrap elementor-element-populated\">\n\t\t\t\t\t\t<div class=\"elementor-element elementor-element-3d4c4cb1 elementor-widget elementor-widget-heading\" data-id=\"3d4c4cb1\" data-element_type=\"widget\" data-e-type=\"widget\" data-widget_type=\"heading.default\">\n\t\t\t\t<div class=\"elementor-widget-container\">\n\t\t\t\t\t<h4 class=\"elementor-heading-title elementor-size-default\">Pilgerreisen in unserem Leben<\/h4>\t\t\t\t<\/div>\n\t\t\t\t<\/div>\n\t\t\t\t<div class=\"elementor-element elementor-element-5aef95c0 elementor-widget elementor-widget-text-editor\" data-id=\"5aef95c0\" data-element_type=\"widget\" data-e-type=\"widget\" data-widget_type=\"text-editor.default\">\n\t\t\t\t<div class=\"elementor-widget-container\">\n\t\t\t\t\t\t\t\t\t<p>Die Exerzitien und die Pilgerreise auf dem Ignatius-Weg, Vier Wochen, Leitfaden f\u00fcr den Weg, Den Weg atmen, Einf\u00fchrendes Gebet<\/p>\n\t\t\t\t\t\t\t\t<\/div>\n\t\t\t\t<\/div>\n\t\t\t\t<div class=\"elementor-element elementor-element-6962749d elementor-align-center elementor-widget elementor-widget-button\" data-id=\"6962749d\" data-element_type=\"widget\" data-e-type=\"widget\" data-widget_type=\"button.default\">\n\t\t\t\t<div class=\"elementor-widget-container\">\n\t\t\t\t\t\t\t\t\t<div class=\"elementor-button-wrapper\">\n\t\t\t\t\t<a class=\"elementor-button elementor-button-link elementor-size-sm elementor-animation-grow\" href=\"\/de\/peregrinando\/\">\n\t\t\t\t\t\t<span class=\"elementor-button-content-wrapper\">\n\t\t\t\t\t\t\t\t\t<span class=\"elementor-button-text\">Erleben Sie sie<\/span>\n\t\t\t\t\t<\/span>\n\t\t\t\t\t<\/a>\n\t\t\t\t<\/div>\n\t\t\t\t\t\t\t\t<\/div>\n\t\t\t\t<\/div>\n\t\t\t\t\t<\/div>\n\t\t<\/div>\n\t\t\t\t<div class=\"elementor-column elementor-col-33 elementor-top-column elementor-element elementor-element-6b2a297\" data-id=\"6b2a297\" data-element_type=\"column\" data-e-type=\"column\">\n\t\t\t<div class=\"elementor-widget-wrap elementor-element-populated\">\n\t\t\t\t\t\t<div class=\"elementor-element elementor-element-16dccfb5 elementor-widget elementor-widget-heading\" data-id=\"16dccfb5\" data-element_type=\"widget\" data-e-type=\"widget\" data-widget_type=\"heading.default\">\n\t\t\t\t<div class=\"elementor-widget-container\">\n\t\t\t\t\t<h4 class=\"elementor-heading-title elementor-size-default\">Das Pilgerb\u00fcro<\/h4>\t\t\t\t<\/div>\n\t\t\t\t<\/div>\n\t\t\t\t<div class=\"elementor-element elementor-element-1232048c elementor-widget elementor-widget-text-editor\" data-id=\"1232048c\" data-element_type=\"widget\" data-e-type=\"widget\" data-widget_type=\"text-editor.default\">\n\t\t\t\t<div class=\"elementor-widget-container\">\n\t\t\t\t\t\t\t\t\t<p>Erfahrungen, Aktivit\u00e4ten, Reiseveranstalter, Pilgerdokumente, Weg der Respekt, Vereinigungen, Segensspruch f\u00fcr den Pilger<\/p>\n\t\t\t\t\t\t\t\t<\/div>\n\t\t\t\t<\/div>\n\t\t\t\t<div class=\"elementor-element elementor-element-11e78f2e elementor-align-center elementor-widget elementor-widget-button\" data-id=\"11e78f2e\" data-element_type=\"widget\" data-e-type=\"widget\" data-widget_type=\"button.default\">\n\t\t\t\t<div class=\"elementor-widget-container\">\n\t\t\t\t\t\t\t\t\t<div class=\"elementor-button-wrapper\">\n\t\t\t\t\t<a class=\"elementor-button elementor-button-link elementor-size-sm elementor-animation-grow\" href=\"\/de\/buro\/\">\n\t\t\t\t\t\t<span class=\"elementor-button-content-wrapper\">\n\t\t\t\t\t\t\t\t\t<span class=\"elementor-button-text\">wir helfen Ihnen<\/span>\n\t\t\t\t\t<\/span>\n\t\t\t\t\t<\/a>\n\t\t\t\t<\/div>\n\t\t\t\t\t\t\t\t<\/div>\n\t\t\t\t<\/div>\n\t\t\t\t\t<\/div>\n\t\t<\/div>\n\t\t\t\t\t<\/div>\n\t\t<\/section>\n\t\t\t\t<\/div>\n\t\t","protected":false},"excerpt":{"rendered":"<p>Einige biografische Meilensteine aus dem Leben Ignatius 1491: Geboren in Loyola (Baskenland) 1521, Mai: Er wird verletzt in der Schlacht bei Pamplona. Erholung und Genesung in seinem Hause in Azpeitia. Bekehrung. 1522: Aufenthalt in Manresa. 1523: Aufenthalt in Jerusalem. 1524-1527: Studium in Barcelona, Salamanca und Alcal\u00e1. 1528-1535: Aufenthalt in Paris. Erste Gef\u00e4hrten. 1537, Juni: Priesterweihung [&hellip;]<\/p>\n","protected":false},"author":1,"featured_media":0,"parent":0,"menu_order":0,"comment_status":"closed","ping_status":"closed","template":"","meta":{"_acf_changed":false,"footnotes":""},"class_list":["post-8259","page","type-page","status-publish","hentry"],"acf":[],"_links":{"self":[{"href":"https:\/\/caminoignaciano.org\/de\/wp-json\/wp\/v2\/pages\/8259","targetHints":{"allow":["GET"]}}],"collection":[{"href":"https:\/\/caminoignaciano.org\/de\/wp-json\/wp\/v2\/pages"}],"about":[{"href":"https:\/\/caminoignaciano.org\/de\/wp-json\/wp\/v2\/types\/page"}],"author":[{"embeddable":true,"href":"https:\/\/caminoignaciano.org\/de\/wp-json\/wp\/v2\/users\/1"}],"replies":[{"embeddable":true,"href":"https:\/\/caminoignaciano.org\/de\/wp-json\/wp\/v2\/comments?post=8259"}],"version-history":[{"count":0,"href":"https:\/\/caminoignaciano.org\/de\/wp-json\/wp\/v2\/pages\/8259\/revisions"}],"wp:attachment":[{"href":"https:\/\/caminoignaciano.org\/de\/wp-json\/wp\/v2\/media?parent=8259"}],"curies":[{"name":"wp","href":"https:\/\/api.w.org\/{rel}","templated":true}]}}