{"id":20396,"date":"2021-03-09T11:33:19","date_gmt":"2021-03-09T10:33:19","guid":{"rendered":"https:\/\/caminoignaciano.org\/donaciones\/"},"modified":"2025-09-06T17:29:13","modified_gmt":"2025-09-06T15:29:13","slug":"donaciones","status":"publish","type":"page","link":"https:\/\/caminoignaciano.org\/de\/donaciones\/","title":{"rendered":"Spenden"},"content":{"rendered":"\t\t<div data-elementor-type=\"wp-page\" data-elementor-id=\"20396\" class=\"elementor elementor-20396 elementor-20091\" data-elementor-post-type=\"page\">\n\t\t\t\t\t\t<section class=\"elementor-section elementor-top-section elementor-element elementor-element-9ca04da elementor-section-boxed elementor-section-height-default elementor-section-height-default\" data-id=\"9ca04da\" data-element_type=\"section\" data-e-type=\"section\">\n\t\t\t\t\t\t<div class=\"elementor-container elementor-column-gap-default\">\n\t\t\t\t\t<div class=\"elementor-column elementor-col-100 elementor-top-column elementor-element elementor-element-a0e3294\" data-id=\"a0e3294\" data-element_type=\"column\" data-e-type=\"column\">\n\t\t\t<div class=\"elementor-widget-wrap elementor-element-populated\">\n\t\t\t\t\t\t<div class=\"elementor-element elementor-element-272f9d7 elementor-widget elementor-widget-heading\" data-id=\"272f9d7\" data-element_type=\"widget\" data-e-type=\"widget\" data-widget_type=\"heading.default\">\n\t\t\t\t<div class=\"elementor-widget-container\">\n\t\t\t\t\t<h2 class=\"elementor-heading-title elementor-size-default\">In Zusammenarbeit mit dem B\u00fcro des Pilgers des \u201eCamino ignaciano\u201c\n\n<\/h2>\t\t\t\t<\/div>\n\t\t\t\t<\/div>\n\t\t\t\t<div class=\"elementor-element elementor-element-07d06ab elementor-widget elementor-widget-text-editor\" data-id=\"07d06ab\" data-element_type=\"widget\" data-e-type=\"widget\" data-widget_type=\"text-editor.default\">\n\t\t\t\t<div class=\"elementor-widget-container\">\n\t\t\t\t\t\t\t\t\t<p>Vom Pilgerb\u00fcro, <b>einer gemeinn\u00fctzigen Jesuiteneinrichtung<\/b>, f\u00f6rdern wir den Camino von Loyola-Azpeitia nach Manresa-Barcelona. <b>Mit Ihrer Hilfe k\u00f6nnen wir den<\/b> <b>Ignatianischen Weg<\/b> von seiner ignatianischsten Seite unterst\u00fctzen.<\/p>\n\t\t\t\t\t\t\t\t<\/div>\n\t\t\t\t<\/div>\n\t\t\t\t\t<\/div>\n\t\t<\/div>\n\t\t\t\t\t<\/div>\n\t\t<\/section>\n\t\t\t\t<section class=\"elementor-section elementor-top-section elementor-element elementor-element-f11eb94 elementor-section-boxed elementor-section-height-default elementor-section-height-default\" data-id=\"f11eb94\" data-element_type=\"section\" data-e-type=\"section\">\n\t\t\t\t\t\t<div class=\"elementor-container elementor-column-gap-default\">\n\t\t\t\t\t<div class=\"elementor-column elementor-col-66 elementor-top-column elementor-element elementor-element-da9f535\" data-id=\"da9f535\" data-element_type=\"column\" data-e-type=\"column\" data-settings=\"{&quot;background_background&quot;:&quot;classic&quot;}\">\n\t\t\t<div class=\"elementor-widget-wrap elementor-element-populated\">\n\t\t\t\t\t\t<div class=\"elementor-element elementor-element-1011424 elementor-widget elementor-widget-heading\" data-id=\"1011424\" data-element_type=\"widget\" data-e-type=\"widget\" data-widget_type=\"heading.default\">\n\t\t\t\t<div class=\"elementor-widget-container\">\n\t\t\t\t\t<h2 class=\"elementor-heading-title elementor-size-default\">Kreditkarte<\/h2>\t\t\t\t<\/div>\n\t\t\t\t<\/div>\n\t\t\t\t<div class=\"elementor-element elementor-element-00f12a7 elementor-widget elementor-widget-text-editor\" data-id=\"00f12a7\" data-element_type=\"widget\" data-e-type=\"widget\" data-widget_type=\"text-editor.default\">\n\t\t\t\t<div class=\"elementor-widget-container\">\n\t\t\t\t\t\t\t\t\t<p class=\"tr-subheading\" style=\"margin-top: 0cm;\"><span style=\"font-size: 13.5pt;\">Wenn Sie m\u00f6chten, k\u00f6nnen Sie einen Betrag w\u00e4hlen, den Sie mit Ihrer Kreditkarte spenden m\u00f6chten. Ihre Spende ist steuerlich beg\u00fcnstigt: Sie k\u00f6nnen bis zu 80 % absetzen.<\/span><\/p>\n\t\t\t\t\t\t\t\t<\/div>\n\t\t\t\t<\/div>\n\t\t\t\t<div class=\"elementor-element elementor-element-1c84543 elementor-hidden-desktop elementor-hidden-tablet elementor-hidden-mobile elementor-widget elementor-widget-shortcode\" data-id=\"1c84543\" data-element_type=\"widget\" data-e-type=\"widget\" data-widget_type=\"shortcode.default\">\n\t\t\t\t<div class=\"elementor-widget-container\">\n\t\t\t\t\t\t\t<div class=\"elementor-shortcode\">\n<div class=\"wpcf7 no-js\" id=\"wpcf7-f20749-o1\" lang=\"de-DE\" dir=\"ltr\" data-wpcf7-id=\"20749\">\n<div class=\"screen-reader-response\"><p role=\"status\" aria-live=\"polite\" aria-atomic=\"true\"><\/p> <ul><\/ul><\/div>\n<form action=\"\/de\/wp-json\/wp\/v2\/pages\/20396#wpcf7-f20749-o1\" method=\"post\" class=\"wpcf7-form init\" aria-label=\"Kontaktformular\" novalidate=\"novalidate\" data-status=\"init\">\n<fieldset class=\"hidden-fields-container\"><input type=\"hidden\" name=\"_wpcf7\" value=\"20749\" \/><input type=\"hidden\" name=\"_wpcf7_version\" value=\"6.1.5\" \/><input type=\"hidden\" name=\"_wpcf7_locale\" value=\"de_DE\" \/><input type=\"hidden\" name=\"_wpcf7_unit_tag\" value=\"wpcf7-f20749-o1\" \/><input type=\"hidden\" name=\"_wpcf7_container_post\" value=\"0\" \/><input type=\"hidden\" name=\"_wpcf7_posted_data_hash\" value=\"\" \/>\n<\/fieldset>\n<p><label> Spende (\u20ac)<br \/>\n<span class=\"wpcf7-form-control-wrap\" data-name=\"precio\"><input class=\"wpcf7-form-control wpcf7-number wpcf7-validates-as-required wpcf7-validates-as-number\" aria-required=\"true\" aria-invalid=\"false\" value=\"\" type=\"number\" name=\"precio\" \/><\/span> <\/label>\n<\/p>\n<p><label> Name und Nachname<br \/>\n<span class=\"wpcf7-form-control-wrap\" data-name=\"your-name\"><input size=\"40\" maxlength=\"400\" class=\"wpcf7-form-control wpcf7-text wpcf7-validates-as-required\" aria-required=\"true\" aria-invalid=\"false\" value=\"\" type=\"text\" name=\"your-name\" \/><\/span> <\/label>\n<\/p>\n<p><label> Deine E-Mail<br \/>\n<span class=\"wpcf7-form-control-wrap\" data-name=\"your-email\"><input size=\"40\" maxlength=\"400\" class=\"wpcf7-form-control wpcf7-email wpcf7-validates-as-required wpcf7-text wpcf7-validates-as-email\" aria-required=\"true\" aria-invalid=\"false\" value=\"\" type=\"email\" name=\"your-email\" \/><\/span> <\/label>\n<\/p>\n<p><label> Identifikationsnummer (DNI \/ Reisepass \/ NIE \/ CIF \/ Nationale Identit\u00e4t ...)<br \/>\n<span class=\"wpcf7-form-control-wrap\" data-name=\"doc-identidad\"><input size=\"40\" maxlength=\"400\" class=\"wpcf7-form-control wpcf7-text wpcf7-validates-as-required\" aria-required=\"true\" aria-invalid=\"false\" value=\"\" type=\"text\" name=\"doc-identidad\" \/><\/span> <\/label>\n<\/p>\n<p><label> Richtung<br \/>\n<span class=\"wpcf7-form-control-wrap\" data-name=\"direccion\"><textarea cols=\"40\" rows=\"10\" maxlength=\"2000\" class=\"wpcf7-form-control wpcf7-textarea wpcf7-validates-as-required\" aria-required=\"true\" aria-invalid=\"false\" name=\"direccion\"><\/textarea><\/span> <\/label>\n<\/p>\n<p><input class=\"wpcf7-form-control wpcf7-submit has-spinner\" type=\"submit\" value=\"Weiter\" \/>\n<\/p><p style=\"display: none !important;\" class=\"akismet-fields-container\" data-prefix=\"_wpcf7_ak_\"><label>&#916;<textarea name=\"_wpcf7_ak_hp_textarea\" cols=\"45\" rows=\"8\" maxlength=\"100\"><\/textarea><\/label><input type=\"hidden\" id=\"ak_js_1\" name=\"_wpcf7_ak_js\" value=\"58\"\/><script type=\"text\/javascript\">\n\/* <![CDATA[ *\/\ndocument.getElementById( \"ak_js_1\" ).setAttribute( \"value\", ( new Date() ).getTime() );\n\/* ]]> *\/\n<\/script>\n<\/p><div class=\"wpcf7-response-output\" aria-hidden=\"true\"><\/div>\n<\/form>\n<\/div>\n<\/div>\n\t\t\t\t\t\t<\/div>\n\t\t\t\t<\/div>\n\t\t\t\t<div class=\"elementor-element elementor-element-56e3dcd elementor-widget elementor-widget-text-editor\" data-id=\"56e3dcd\" data-element_type=\"widget\" data-e-type=\"widget\" data-widget_type=\"text-editor.default\">\n\t\t\t\t<div class=\"elementor-widget-container\">\n\t\t\t\t\t\t\t\t\t<script src=\"https:\/\/donorbox.org\/widget.js\" paypalExpress=\"false\"><\/script> <iframe src=\"https:\/\/donorbox.org\/embed\/camino-ignaciano?\" name=\"donorbox\" allowpaymentrequest=\"allowpaymentrequest\" seamless=\"seamless\" frameborder=\"0\" scrolling=\"no\" height=\"900px\" width=\"100%\" style=\"max-width: 500px; min-width: 250px; max-height:none!important\" allow=\"payment\"><\/iframe>\t\t\t\t\t\t\t\t<\/div>\n\t\t\t\t<\/div>\n\t\t\t\t<div class=\"elementor-element elementor-element-e53d2ce elementor-widget elementor-widget-text-editor\" data-id=\"e53d2ce\" data-element_type=\"widget\" data-e-type=\"widget\" data-widget_type=\"text-editor.default\">\n\t\t\t\t<div class=\"elementor-widget-container\">\n\t\t\t\t\t\t\t\t\t<p class=\"tr-subheading\" style=\"margin-top: 0cm;\">In \u00dcbereinstimmung mit dem LOPD informieren wir Sie, dass die von Ihnen angegebenen Daten in eine Datei aufgenommen werden, die dem Pilgerb\u00fcro des Camino Ignaciano geh\u00f6rt, um die erhaltene Spende zu verwalten. Sie k\u00f6nnen Ihre Rechte im Pilgerb\u00fcro, Cam\u00ed de La Cova, 17, 08241-Manresa-Spanien, oder per E-Mail: oficina.central@caminoignaciano.org wahrnehmen.<\/p>\n\t\t\t\t\t\t\t\t<\/div>\n\t\t\t\t<\/div>\n\t\t\t\t\t<\/div>\n\t\t<\/div>\n\t\t\t\t<div class=\"elementor-column elementor-col-33 elementor-top-column elementor-element elementor-element-167d596\" data-id=\"167d596\" data-element_type=\"column\" data-e-type=\"column\" data-settings=\"{&quot;background_background&quot;:&quot;classic&quot;}\">\n\t\t\t<div class=\"elementor-widget-wrap elementor-element-populated\">\n\t\t\t\t\t\t<div class=\"elementor-element elementor-element-586e200 elementor-widget elementor-widget-heading\" data-id=\"586e200\" data-element_type=\"widget\" data-e-type=\"widget\" data-widget_type=\"heading.default\">\n\t\t\t\t<div class=\"elementor-widget-container\">\n\t\t\t\t\t<h2 class=\"elementor-heading-title elementor-size-default\">Bank\u00fcberweisung<\/h2>\t\t\t\t<\/div>\n\t\t\t\t<\/div>\n\t\t\t\t<div class=\"elementor-element elementor-element-14c4088 elementor-widget elementor-widget-text-editor\" data-id=\"14c4088\" data-element_type=\"widget\" data-e-type=\"widget\" data-widget_type=\"text-editor.default\">\n\t\t\t\t<div class=\"elementor-widget-container\">\n\t\t\t\t\t\t\t\t\t<p>Wenn Sie eine Spende per Bank\u00fcberweisung t\u00e4tigen m\u00f6chten, k\u00f6nnen Sie dies \u00fcber das folgende Konto tun:<\/p>\n<h4>Banking entity: CaixaBank<\/h4>\n<h4 style=\"padding-left: 40px;\">Paseo de la Castellana 51, 6\u00aa planta. 28046-Madrid, Spain.<\/h4>\n<h4>Account holder&#8217;s name and address:<\/h4>\n<h4 style=\"padding-left: 40px;\">Provincia Can\u00f3nica Espa\u00f1a Compa\u00f1\u00eda de Jes\u00fas \u2013 Camino Ignaciano<\/h4>\n<h4 style=\"padding-left: 40px;\">Avda de la Moncloa 6, 28003 \u2013 Madrid, Spain.<\/h4>\n<h4>IBAN Account: ES58 2100 5731 7302 0035 1966<\/h4>\n<h4>BIC\/CODE SWIFT: CAIXESBBXXX<\/h4>\n<h4>Account: 2100 5731 7302 0035 1966<\/h4>\n<p>Wenn Sie eine Spende per Bank\u00fcberweisung t\u00e4tigen und die Spendenbescheinigung erhalten m\u00f6chten, m\u00fcssen Sie uns den Zahlungsbeleg zusammen mit Ihrem vollst\u00e4ndigen Namen, Ihrer ID und Ihrer Adresse an oficina.central@caminoignaciano.org schicken.<\/p>\n\t\t\t\t\t\t\t\t<\/div>\n\t\t\t\t<\/div>\n\t\t\t\t<div class=\"elementor-element elementor-element-4122c67 elementor-widget-divider--view-line_icon elementor-view-default elementor-widget-divider--element-align-center elementor-widget elementor-widget-divider\" data-id=\"4122c67\" data-element_type=\"widget\" data-e-type=\"widget\" data-widget_type=\"divider.default\">\n\t\t\t\t<div class=\"elementor-widget-container\">\n\t\t\t\t\t\t\t<div class=\"elementor-divider\">\n\t\t\t<span class=\"elementor-divider-separator\">\n\t\t\t\t\t\t\t<div class=\"elementor-icon elementor-divider__element\">\n\t\t\t\t\t<svg aria-hidden=\"true\" class=\"e-font-icon-svg e-fas-star\" viewBox=\"0 0 576 512\" xmlns=\"http:\/\/www.w3.org\/2000\/svg\"><path d=\"M259.3 17.8L194 150.2 47.9 171.5c-26.2 3.8-36.7 36.1-17.7 54.6l105.7 103-25 145.5c-4.5 26.3 23.2 46 46.4 33.7L288 439.6l130.7 68.7c23.2 12.2 50.9-7.4 46.4-33.7l-25-145.5 105.7-103c19-18.5 8.5-50.8-17.7-54.6L382 150.2 316.7 17.8c-11.7-23.6-45.6-23.9-57.4 0z\"><\/path><\/svg><\/div>\n\t\t\t\t\t\t<\/span>\n\t\t<\/div>\n\t\t\t\t\t\t<\/div>\n\t\t\t\t<\/div>\n\t\t\t\t<div class=\"elementor-element elementor-element-4801aaa elementor-widget elementor-widget-heading\" data-id=\"4801aaa\" data-element_type=\"widget\" data-e-type=\"widget\" data-widget_type=\"heading.default\">\n\t\t\t\t<div class=\"elementor-widget-container\">\n\t\t\t\t\t<h2 class=\"elementor-heading-title elementor-size-default\">Bizum<\/h2>\t\t\t\t<\/div>\n\t\t\t\t<\/div>\n\t\t\t\t<div class=\"elementor-element elementor-element-a881de4 elementor-widget elementor-widget-text-editor\" data-id=\"a881de4\" data-element_type=\"widget\" data-e-type=\"widget\" data-widget_type=\"text-editor.default\">\n\t\t\t\t<div class=\"elementor-widget-container\">\n\t\t\t\t\t\t\t\t\t<p>Schnell und sicher zusammenarbeiten<\/p>\n\t\t\t\t\t\t\t\t<\/div>\n\t\t\t\t<\/div>\n\t\t\t\t<div class=\"elementor-element elementor-element-0105a62 elementor-widget elementor-widget-text-editor\" data-id=\"0105a62\" data-element_type=\"widget\" data-e-type=\"widget\" data-widget_type=\"text-editor.default\">\n\t\t\t\t<div class=\"elementor-widget-container\">\n\t\t\t\t\t\t\t\t\t<h4>C\u00f3digo: 02232<\/h4>\n<p>Senden Sie diesen Code in der Bizum-App und spenden Sie an das B\u00fcro des Pilgers des Ignatianischen Weges<\/p>\n\t\t\t\t\t\t\t\t<\/div>\n\t\t\t\t<\/div>\n\t\t\t\t\t<\/div>\n\t\t<\/div>\n\t\t\t\t\t<\/div>\n\t\t<\/section>\n\t\t\t\t<section class=\"elementor-section elementor-top-section elementor-element elementor-element-3575280 elementor-section-boxed elementor-section-height-default elementor-section-height-default\" data-id=\"3575280\" data-element_type=\"section\" data-e-type=\"section\">\n\t\t\t\t\t\t<div class=\"elementor-container elementor-column-gap-default\">\n\t\t\t\t\t<div class=\"elementor-column elementor-col-100 elementor-top-column elementor-element elementor-element-6a13c11\" data-id=\"6a13c11\" data-element_type=\"column\" data-e-type=\"column\">\n\t\t\t<div class=\"elementor-widget-wrap elementor-element-populated\">\n\t\t\t\t\t\t<div class=\"elementor-element elementor-element-43d8303 elementor-widget elementor-widget-text-editor\" data-id=\"43d8303\" data-element_type=\"widget\" data-e-type=\"widget\" data-widget_type=\"text-editor.default\">\n\t\t\t\t<div class=\"elementor-widget-container\">\n\t\t\t\t\t\t\t\t\t<p><strong>Das Pilgeramt<\/strong> <strong>untersteht der Verwaltung des Provinzials der spanischen Provinz der Gesellschaft Jesu und seiner delegierten Gremien.<\/strong> Es ist die zentrale Verwaltung der Gesellschaft Jesu in Spanien, die die Verwendung des Verm\u00f6gens und Schatzkammer pr\u00fcft, die das Pilgeramt zur Erreichung seiner Ziele verwendet.\u00a0<\/p>\t\t\t\t\t\t\t\t<\/div>\n\t\t\t\t<\/div>\n\t\t\t\t\t<\/div>\n\t\t<\/div>\n\t\t\t\t\t<\/div>\n\t\t<\/section>\n\t\t\t\t<section class=\"elementor-section elementor-top-section elementor-element elementor-element-137b0e7 elementor-section-boxed elementor-section-height-default elementor-section-height-default\" data-id=\"137b0e7\" data-element_type=\"section\" data-e-type=\"section\">\n\t\t\t\t\t\t<div class=\"elementor-container elementor-column-gap-default\">\n\t\t\t\t\t<div class=\"elementor-column elementor-col-100 elementor-top-column elementor-element elementor-element-05892ca\" data-id=\"05892ca\" data-element_type=\"column\" data-e-type=\"column\">\n\t\t\t<div class=\"elementor-widget-wrap elementor-element-populated\">\n\t\t\t\t\t\t<div class=\"elementor-element elementor-element-68e934f elementor-widget elementor-widget-heading\" data-id=\"68e934f\" data-element_type=\"widget\" data-e-type=\"widget\" data-widget_type=\"heading.default\">\n\t\t\t\t<div class=\"elementor-widget-container\">\n\t\t\t\t\t<h2 class=\"elementor-heading-title elementor-size-default\">Unsere Ziele sind:<\/h2>\t\t\t\t<\/div>\n\t\t\t\t<\/div>\n\t\t\t\t\t<\/div>\n\t\t<\/div>\n\t\t\t\t\t<\/div>\n\t\t<\/section>\n\t\t\t\t<section class=\"elementor-section elementor-top-section elementor-element elementor-element-fdf8a21 elementor-section-boxed elementor-section-height-default elementor-section-height-default\" data-id=\"fdf8a21\" data-element_type=\"section\" data-e-type=\"section\">\n\t\t\t\t\t\t<div class=\"elementor-container elementor-column-gap-default\">\n\t\t\t\t\t<div class=\"elementor-column elementor-col-100 elementor-top-column elementor-element elementor-element-011d6b2\" data-id=\"011d6b2\" data-element_type=\"column\" data-e-type=\"column\">\n\t\t\t<div class=\"elementor-widget-wrap elementor-element-populated\">\n\t\t\t\t\t\t<div class=\"elementor-element elementor-element-4a2ee96 elementor-widget elementor-widget-text-editor\" data-id=\"4a2ee96\" data-element_type=\"widget\" data-e-type=\"widget\" data-widget_type=\"text-editor.default\">\n\t\t\t\t<div class=\"elementor-widget-container\">\n\t\t\t\t\t\t\t\t\t<p><strong>dazubeitragen, die Spiritualit\u00e4t zu entdecken und zu erkl\u00e4ren, die das Herz eines jeden Menschen bewegt<\/strong>, und sich dabei auf den Geist des Pilgers zu st\u00fctzen;<\/p>\n\t\t\t\t\t\t\t\t<\/div>\n\t\t\t\t<\/div>\n\t\t\t\t\t<\/div>\n\t\t<\/div>\n\t\t\t\t\t<\/div>\n\t\t<\/section>\n\t\t\t\t<section class=\"elementor-section elementor-top-section elementor-element elementor-element-215f109 elementor-section-boxed elementor-section-height-default elementor-section-height-default\" data-id=\"215f109\" data-element_type=\"section\" data-e-type=\"section\">\n\t\t\t\t\t\t<div class=\"elementor-container elementor-column-gap-default\">\n\t\t\t\t\t<div class=\"elementor-column elementor-col-50 elementor-top-column elementor-element elementor-element-67e72c5\" data-id=\"67e72c5\" data-element_type=\"column\" data-e-type=\"column\">\n\t\t\t<div class=\"elementor-widget-wrap elementor-element-populated\">\n\t\t\t\t\t\t<div class=\"elementor-element elementor-element-a5989bc elementor-widget elementor-widget-text-editor\" data-id=\"a5989bc\" data-element_type=\"widget\" data-e-type=\"widget\" data-widget_type=\"text-editor.default\">\n\t\t\t\t<div class=\"elementor-widget-container\">\n\t\t\t\t\t\t\t\t\t<p><strong>Arbeiten Sie mit uns zusammen, um den \u201eCamino ignaciano\u201c gro\u00dfartig<\/strong> zu machen und dass viele Menschen aus allen Kontinenten von einem verwandelnden Pilgervorschlag nutzen ziehen k\u00f6nnen.<\/p>\n\t\t\t\t\t\t\t\t<\/div>\n\t\t\t\t<\/div>\n\t\t\t\t\t<\/div>\n\t\t<\/div>\n\t\t\t\t<div class=\"elementor-column elementor-col-50 elementor-top-column elementor-element elementor-element-216488c\" data-id=\"216488c\" data-element_type=\"column\" data-e-type=\"column\">\n\t\t\t<div class=\"elementor-widget-wrap elementor-element-populated\">\n\t\t\t\t\t\t<div class=\"elementor-element elementor-element-fb6790d elementor-widget elementor-widget-text-editor\" data-id=\"fb6790d\" data-element_type=\"widget\" data-e-type=\"widget\" data-widget_type=\"text-editor.default\">\n\t\t\t\t<div class=\"elementor-widget-container\">\n\t\t\t\t\t\t\t\t\t<p><strong>Den \u201eCamino ignaciano\u201c f\u00f6rdern und festigen,<\/strong> seine touristischen, historisch-kulturellen, wirtschaftlichen und spirituellen Ressourcen, in Zusammenarbeit mit \u00f6ffentlichen und privaten lukrativen und gemeinn\u00fctzigen, zivilen und religi\u00f6sen Einrichtungen, Einzelpersonen und juristischen Personen.<\/p>\n\t\t\t\t\t\t\t\t<\/div>\n\t\t\t\t<\/div>\n\t\t\t\t\t<\/div>\n\t\t<\/div>\n\t\t\t\t\t<\/div>\n\t\t<\/section>\n\t\t\t\t<section class=\"elementor-section elementor-top-section elementor-element elementor-element-2095fad elementor-section-boxed elementor-section-height-default elementor-section-height-default\" data-id=\"2095fad\" data-element_type=\"section\" data-e-type=\"section\">\n\t\t\t\t\t\t<div class=\"elementor-container elementor-column-gap-default\">\n\t\t\t\t\t<div class=\"elementor-column elementor-col-100 elementor-top-column elementor-element elementor-element-c35c615\" data-id=\"c35c615\" data-element_type=\"column\" data-e-type=\"column\">\n\t\t\t<div class=\"elementor-widget-wrap elementor-element-populated\">\n\t\t\t\t\t\t<div class=\"elementor-element elementor-element-981ee8f elementor-widget elementor-widget-text-editor\" data-id=\"981ee8f\" data-element_type=\"widget\" data-e-type=\"widget\" data-widget_type=\"text-editor.default\">\n\t\t\t\t<div class=\"elementor-widget-container\">\n\t\t\t\t\t\t\t\t\t<p>Wenn Sie ein Projekt angeben m\u00f6chten, an dem Sie sich beteiligen wollen, k\u00f6nnen Sie dies einfach tun, indem Sie das f\u00fcr Ihre Spende ausgew\u00e4hlte Ziel in einer E-Mail angeben, die Sie an unser B\u00fcro senden k\u00f6nnen: <a href=\"mailto:oficina.central@caminoignaciano.org\">oficina.central@caminoignaciano.org<\/a><\/p>\n\t\t\t\t\t\t\t\t<\/div>\n\t\t\t\t<\/div>\n\t\t\t\t\t<\/div>\n\t\t<\/div>\n\t\t\t\t\t<\/div>\n\t\t<\/section>\n\t\t\t\t<section class=\"elementor-section elementor-top-section elementor-element elementor-element-2ed0b4e elementor-section-boxed elementor-section-height-default elementor-section-height-default\" data-id=\"2ed0b4e\" data-element_type=\"section\" data-e-type=\"section\">\n\t\t\t\t\t\t<div class=\"elementor-container elementor-column-gap-default\">\n\t\t\t\t\t<div class=\"elementor-column elementor-col-100 elementor-top-column elementor-element elementor-element-705b1f8\" data-id=\"705b1f8\" data-element_type=\"column\" data-e-type=\"column\">\n\t\t\t<div class=\"elementor-widget-wrap\">\n\t\t\t\t\t\t\t<\/div>\n\t\t<\/div>\n\t\t\t\t\t<\/div>\n\t\t<\/section>\n\t\t\t\t<\/div>\n\t\t","protected":false},"excerpt":{"rendered":"<p>In Zusammenarbeit mit dem B\u00fcro des Pilgers des \u201eCamino ignaciano\u201c Vom Pilgerb\u00fcro, einer gemeinn\u00fctzigen Jesuiteneinrichtung, f\u00f6rdern wir den Camino von Loyola-Azpeitia nach Manresa-Barcelona. Mit Ihrer Hilfe k\u00f6nnen wir den Ignatianischen Weg von seiner ignatianischsten Seite unterst\u00fctzen. Kreditkarte Wenn Sie m\u00f6chten, k\u00f6nnen Sie einen Betrag w\u00e4hlen, den Sie mit Ihrer Kreditkarte spenden m\u00f6chten. Ihre Spende ist [&hellip;]<\/p>\n","protected":false},"author":1,"featured_media":0,"parent":0,"menu_order":0,"comment_status":"closed","ping_status":"closed","template":"","meta":{"_acf_changed":false,"footnotes":""},"class_list":["post-20396","page","type-page","status-publish","hentry"],"acf":[],"_links":{"self":[{"href":"https:\/\/caminoignaciano.org\/de\/wp-json\/wp\/v2\/pages\/20396","targetHints":{"allow":["GET"]}}],"collection":[{"href":"https:\/\/caminoignaciano.org\/de\/wp-json\/wp\/v2\/pages"}],"about":[{"href":"https:\/\/caminoignaciano.org\/de\/wp-json\/wp\/v2\/types\/page"}],"author":[{"embeddable":true,"href":"https:\/\/caminoignaciano.org\/de\/wp-json\/wp\/v2\/users\/1"}],"replies":[{"embeddable":true,"href":"https:\/\/caminoignaciano.org\/de\/wp-json\/wp\/v2\/comments?post=20396"}],"version-history":[{"count":0,"href":"https:\/\/caminoignaciano.org\/de\/wp-json\/wp\/v2\/pages\/20396\/revisions"}],"wp:attachment":[{"href":"https:\/\/caminoignaciano.org\/de\/wp-json\/wp\/v2\/media?parent=20396"}],"curies":[{"name":"wp","href":"https:\/\/api.w.org\/{rel}","templated":true}]}}