{"id":8315,"date":"2019-02-22T13:02:06","date_gmt":"2019-02-22T12:02:06","guid":{"rendered":"http:\/\/caminoignaciano.sjdigitaldemo.ovh\/guia\/"},"modified":"2019-03-05T08:25:30","modified_gmt":"2019-03-05T07:25:30","slug":"guia","status":"publish","type":"page","link":"https:\/\/caminoignaciano.org\/ca\/guia\/","title":{"rendered":"gu\u00eda"},"content":{"rendered":"\t\t<div data-elementor-type=\"wp-post\" data-elementor-id=\"8315\" class=\"elementor elementor-8315 elementor-6834 elementor-bc-flex-widget\" data-elementor-post-type=\"page\">\n\t\t\t\t\t\t<section class=\"elementor-section elementor-top-section elementor-element elementor-element-572cd1d2 elementor-section-height-min-height elementor-section-content-middle elementor-section-full_width elementor-section-height-default elementor-section-items-middle\" data-id=\"572cd1d2\" data-element_type=\"section\" data-e-type=\"section\" data-settings=\"{&quot;background_background&quot;:&quot;classic&quot;}\">\n\t\t\t\t\t\t\t<div class=\"elementor-background-overlay\"><\/div>\n\t\t\t\t\t\t\t<div class=\"elementor-container elementor-column-gap-no\">\n\t\t\t\t\t<div class=\"elementor-column elementor-col-100 elementor-top-column elementor-element elementor-element-3d9cb7e4\" data-id=\"3d9cb7e4\" data-element_type=\"column\" data-e-type=\"column\">\n\t\t\t<div class=\"elementor-widget-wrap elementor-element-populated\">\n\t\t\t\t\t\t<div class=\"elementor-element elementor-element-34edc03c elementor-headline--style-highlight elementor-widget elementor-widget-animated-headline\" data-id=\"34edc03c\" data-element_type=\"widget\" data-e-type=\"widget\" data-settings=\"{&quot;highlighted_text&quot;:&quot;Guia pel Cam\\u00ed&quot;,&quot;headline_style&quot;:&quot;highlight&quot;,&quot;marker&quot;:&quot;circle&quot;,&quot;loop&quot;:&quot;yes&quot;,&quot;highlight_animation_duration&quot;:1200,&quot;highlight_iteration_delay&quot;:8000}\" data-widget_type=\"animated-headline.default\">\n\t\t\t\t<div class=\"elementor-widget-container\">\n\t\t\t\t\t\t\t<h2 class=\"elementor-headline\">\n\t\t\t\t<span class=\"elementor-headline-dynamic-wrapper elementor-headline-text-wrapper\">\n\t\t\t\t\t<span class=\"elementor-headline-dynamic-text elementor-headline-text-active\">Guia pel Cam\u00ed<\/span>\n\t\t\t\t<\/span>\n\t\t\t\t<\/h2>\n\t\t\t\t\t\t<\/div>\n\t\t\t\t<\/div>\n\t\t\t\t\t<\/div>\n\t\t<\/div>\n\t\t\t\t\t<\/div>\n\t\t<\/section>\n\t\t\t\t<section class=\"elementor-section elementor-top-section elementor-element elementor-element-e1195aa elementor-section-full_width elementor-section-height-default elementor-section-height-default\" data-id=\"e1195aa\" data-element_type=\"section\" data-e-type=\"section\" data-settings=\"{&quot;background_background&quot;:&quot;classic&quot;}\">\n\t\t\t\t\t\t\t<div class=\"elementor-background-overlay\"><\/div>\n\t\t\t\t\t\t\t<div class=\"elementor-container elementor-column-gap-default\">\n\t\t\t\t\t<div class=\"elementor-column elementor-col-100 elementor-top-column elementor-element elementor-element-2a4b60a9\" data-id=\"2a4b60a9\" data-element_type=\"column\" data-e-type=\"column\">\n\t\t\t<div class=\"elementor-widget-wrap elementor-element-populated\">\n\t\t\t\t\t\t<section class=\"elementor-section elementor-inner-section elementor-element elementor-element-28d2d3e3 elementor-section-full_width elementor-section-height-default elementor-section-height-default\" data-id=\"28d2d3e3\" data-element_type=\"section\" data-e-type=\"section\">\n\t\t\t\t\t\t<div class=\"elementor-container elementor-column-gap-default\">\n\t\t\t\t\t<div class=\"elementor-column elementor-col-50 elementor-inner-column elementor-element elementor-element-4e4066ae\" data-id=\"4e4066ae\" data-element_type=\"column\" data-e-type=\"column\" data-settings=\"{&quot;background_background&quot;:&quot;classic&quot;}\">\n\t\t\t<div class=\"elementor-widget-wrap elementor-element-populated\">\n\t\t\t\t\t<div class=\"elementor-background-overlay\"><\/div>\n\t\t\t\t\t\t<div class=\"elementor-element elementor-element-6393f10d elementor-widget elementor-widget-heading\" data-id=\"6393f10d\" data-element_type=\"widget\" data-e-type=\"widget\" data-widget_type=\"heading.default\">\n\t\t\t\t<div class=\"elementor-widget-container\">\n\t\t\t\t\t<h2 class=\"elementor-heading-title elementor-size-default\">Com hem de comen\u00e7ar a la meditaci\u00f3? <\/h2>\t\t\t\t<\/div>\n\t\t\t\t<\/div>\n\t\t\t\t\t<\/div>\n\t\t<\/div>\n\t\t\t\t<div class=\"elementor-column elementor-col-50 elementor-inner-column elementor-element elementor-element-4548ed2\" data-id=\"4548ed2\" data-element_type=\"column\" data-e-type=\"column\" id=\"programa tu camino\" data-settings=\"{&quot;background_background&quot;:&quot;classic&quot;}\">\n\t\t\t<div class=\"elementor-widget-wrap elementor-element-populated\">\n\t\t\t\t\t<div class=\"elementor-background-overlay\"><\/div>\n\t\t\t\t\t\t<div class=\"elementor-element elementor-element-1f984a7a elementor-widget elementor-widget-text-editor\" data-id=\"1f984a7a\" data-element_type=\"widget\" data-e-type=\"widget\" data-widget_type=\"text-editor.default\">\n\t\t\t\t<div class=\"elementor-widget-container\">\n\t\t\t\t\t\t\t\t\t<p>1.- Comen\u00e7a la meditaci\u00f3 dedicant uns minuts a situar-te en pres\u00e8ncia de D\u00e9u. \u00c9s a dir, allibera\u2019t de tota ansietat o distracci\u00f3 que et molesti, com, per exemple, pensar el que tens previst per dinar. Una pe\u00e7a preferida de m\u00fasica espiritual et pot ajudar a posar-te en un estat d\u2019\u00e0nim favorable per pregar, per\u00f2, tot seguit, apaga el reproductor de m\u00fasica per concentrar-te millor en el teu Cam\u00ed. Pots dedicar uns minuts a centrar-te fixant-te en el ritme natural de la teva respiraci\u00f3, les teves passes o els ocells. Usa els\u00a0<a href=\"http:\/\/caminoignaciano.org\/ca\/peregrinacion\/respirando-el-camino\">apunts sobre la respiraci\u00f3<\/a>. Repeteix alguna preg\u00e0ria curta que et centri en la pres\u00e8ncia de D\u00e9u o en la teva pres\u00e8ncia orant amb D\u00e9u.<\/p>\n<p>2.- Considera la preg\u00e0ria d\u2019introducci\u00f3 dels Exercicis Espirituals (\u00e9s l\u2019objectiu principal de tota l\u2019experi\u00e8ncia) i la petici\u00f3 de la jornada.\u00a0<a href=\"http:\/\/caminoignaciano.org\/ca\/peregrinacion\/oracion\">Veure la seva import\u00e0ncia<\/a>\u00a0en l\u2019adjunt.<\/p>\n<p>3.- Llegeix el text introductori que emmarca els temes clau per a la meditaci\u00f3 del dia.<\/p>\n<p>4.- Llegeix el passatge de l\u2019Escriptura per al dia, lentament, a continuaci\u00f3, una segona o fins una tercera vegada en diferents punts del dia si t\u2019hi sents atret.<\/p>\n<p>No \u201chiper-pensis\u201d la teva preg\u00e0ria. Moltes persones senten la temptaci\u00f3 de fer llistes amb una muntanya d\u2019idees, empalmant-les entre elles, un cop i un altre. En lloc d\u2019aix\u00f2, mira si pots permetre que D\u00e9u parli amb tu, deixant que arribi fins a tu a trav\u00e9s de la preg\u00e0ria. \u00c9s important que siguis pacient amb tu mateix i amb D\u00e9u, disposat a caminar amb tota tranquil\u00b7litat fins que les imatges, idees o pensaments comencin a filtrar-se. Ignasi diu que fem una \u201cpausa all\u00e0 on un trobi el fruit\u201d, i aquest \u00e9s un pensament molt \u00fatil. Et pots sentir atret o ocupat pensant una estona amb una frase d\u2019un passatge de l\u2019Escriptura o una idea. Queda-t\u2019hi i assaboreix-la tot el temps que et sembli adient. Les distraccions inevitablement apareixeran \u2013\u201dQu\u00e8 deuen estar fent ara mateix els meus amics?\u201d\u2013, cal deixar-les passar, sense arribar a donar-los import\u00e0ncia, sense retenir-les en la ment.<\/p>\n<p>Ajudar\u00e0 el fet de mantenir un horari estable per fer la preg\u00e0ria. Per exemple, la primera hora de la caminada de cada dia. O b\u00e9, una mitja hora durant el mat\u00ed i una altra mitja hora a la tarda. Cal ser fidel a l\u2019horari escollit. Fora de les hores de preg\u00e0ria formal, aniran apareixent altres idees rellevants; d\u00f3na\u2019ls la benvinguda. En els trams llargs en paral\u00b7lel als canals del riu Ebre, hi poden haver moments en els que, an\u00e0logament, et sentis surar espiritualment aig\u00fces avall. Gaudeix d\u2019aquests moments de proximitat amb la naturalesa i amb D\u00e9u, que ens parla en ella.<\/p>\n<p>Per\u00f2 no t\u2019obsessionis! Especialment si est\u00e0s meditant en alguna cosa dolorosa o dif\u00edcil. Una idea dolorosa et pot fer entrar en un cercle vici\u00f3s mental: evitar aquesta trampa, que ens esgota i desvia del bon cam\u00ed. Fins i tot de vegades cal fer-ho amb les idees \u201cpietoses\u201d: Ignasi ens adverteix que alguns cops podem ser temptats de deixar el nostre cam\u00ed sota aparen\u00e7a d\u2019haver trobat una bona idea: en altres paraules, podem pensar en alguna cosa que sembla bona, per\u00f2 en realitat nom\u00e9s ens desgasta o ens duu lluny de la ruta i el final d\u2019etapa que ten\u00edem proposada.<\/p>\n<p>5.- Acaba cada estona de preg\u00e0ria amb la mateixa f\u00f3rmula. En primer lloc, el m\u00e9s important, cal que siguem agra\u00efts. Gr\u00e0cies pel temps de preg\u00e0ria que acabem de compartir. Gr\u00e0cies pel que hi ha hagut de comunicaci\u00f3. Gr\u00e0cies a D\u00e9u pel temps passat, per altres benediccions del dia, i pels dons del pelegrinatge: tenir temps, recursos financers, la salut, i el desig de viatjar com a pelegr\u00ed, per exemple. Acabar amb un Parenostre.<\/p>\n\t\t\t\t\t\t\t\t<\/div>\n\t\t\t\t<\/div>\n\t\t\t\t\t<\/div>\n\t\t<\/div>\n\t\t\t\t\t<\/div>\n\t\t<\/section>\n\t\t\t\t<section class=\"elementor-section elementor-inner-section elementor-element elementor-element-29d975a elementor-section-full_width elementor-section-height-default elementor-section-height-default\" data-id=\"29d975a\" data-element_type=\"section\" data-e-type=\"section\">\n\t\t\t\t\t\t<div class=\"elementor-container elementor-column-gap-default\">\n\t\t\t\t\t<div class=\"elementor-column elementor-col-100 elementor-inner-column elementor-element elementor-element-51fce780\" data-id=\"51fce780\" data-element_type=\"column\" data-e-type=\"column\" data-settings=\"{&quot;background_background&quot;:&quot;classic&quot;}\">\n\t\t\t<div class=\"elementor-widget-wrap elementor-element-populated\">\n\t\t\t\t\t<div class=\"elementor-background-overlay\"><\/div>\n\t\t\t\t\t\t<div class=\"elementor-element elementor-element-649dec5e elementor-widget elementor-widget-text-editor\" data-id=\"649dec5e\" data-element_type=\"widget\" data-e-type=\"widget\" data-widget_type=\"text-editor.default\">\n\t\t\t\t<div class=\"elementor-widget-container\">\n\t\t\t\t\t\t\t\t\t<p>Escriu un diari. Al final de cada dia, o fins despr\u00e9s de cada per\u00edode de preg\u00e0ria, si t\u2019hi sents inclinat, anota els pensaments o idees clau que t\u2019han afectat, les imatges clau de l\u2019Escriptura, i aix\u00ed successivament. Un diari espiritual t\u2019ajudar\u00e0 a recollir la teva experi\u00e8ncia, sigui al final de tot el Cam\u00ed Ignasi\u00e0, sigui a Manresa, com tamb\u00e9 si fas etapes i desitges rec\u00f3rrer-les d\u2019any en any.<\/p>\n<p>Si est\u00e0s pelegrinant amb un grup petit, \u00e9s possible que desitgis compartir els dons o les idees que t\u2019han sorpr\u00e8s. PER\u00d2 no \u00e9s recomanable fer-ho tots els dies, i la participaci\u00f3 no significa debat o \u201cintromissi\u00f3\u201d: ha de ser un moment per compartir i escoltar amb respecto all\u00f2 que D\u00e9u ha estat fent en la vida de l\u2019altre, no un moment per \u201cjugar a ser D\u00e9u en la vida d\u2019alg\u00fa\u201d. El cam\u00ed dels Exercicis \u00e9s fonamentalment personal, quelcom entre \u201cel Creador i la seva criatura\u201d.<\/p>\n\t\t\t\t\t\t\t\t<\/div>\n\t\t\t\t<\/div>\n\t\t\t\t\t<\/div>\n\t\t<\/div>\n\t\t\t\t\t<\/div>\n\t\t<\/section>\n\t\t\t\t<section class=\"elementor-section elementor-inner-section elementor-element elementor-element-35a4e23 elementor-section-full_width elementor-section-height-default elementor-section-height-default\" data-id=\"35a4e23\" data-element_type=\"section\" data-e-type=\"section\">\n\t\t\t\t\t\t<div class=\"elementor-container elementor-column-gap-default\">\n\t\t\t\t\t<div class=\"elementor-column elementor-col-20 elementor-inner-column elementor-element elementor-element-650fb93\" data-id=\"650fb93\" data-element_type=\"column\" data-e-type=\"column\" data-settings=\"{&quot;background_background&quot;:&quot;classic&quot;}\">\n\t\t\t<div class=\"elementor-widget-wrap elementor-element-populated\">\n\t\t\t\t\t<div class=\"elementor-background-overlay\"><\/div>\n\t\t\t\t\t\t<div class=\"elementor-element elementor-element-1511131 elementor-align-center elementor-widget elementor-widget-button\" data-id=\"1511131\" data-element_type=\"widget\" data-e-type=\"widget\" data-widget_type=\"button.default\">\n\t\t\t\t<div class=\"elementor-widget-container\">\n\t\t\t\t\t\t\t\t\t<div class=\"elementor-button-wrapper\">\n\t\t\t\t\t<a class=\"elementor-button elementor-button-link elementor-size-md\" href=\"\/ca\/peregrinando\/\">\n\t\t\t\t\t\t<span class=\"elementor-button-content-wrapper\">\n\t\t\t\t\t\t\t\t\t<span class=\"elementor-button-text\">AMB IGNASI<\/span>\n\t\t\t\t\t<\/span>\n\t\t\t\t\t<\/a>\n\t\t\t\t<\/div>\n\t\t\t\t\t\t\t\t<\/div>\n\t\t\t\t<\/div>\n\t\t\t\t\t<\/div>\n\t\t<\/div>\n\t\t\t\t<div class=\"elementor-column elementor-col-20 elementor-inner-column elementor-element elementor-element-3cbc8d08\" data-id=\"3cbc8d08\" data-element_type=\"column\" data-e-type=\"column\" data-settings=\"{&quot;background_background&quot;:&quot;classic&quot;}\">\n\t\t\t<div class=\"elementor-widget-wrap elementor-element-populated\">\n\t\t\t\t\t<div class=\"elementor-background-overlay\"><\/div>\n\t\t\t\t\t\t<div class=\"elementor-element elementor-element-10ca04ab elementor-align-center elementor-widget elementor-widget-button\" data-id=\"10ca04ab\" data-element_type=\"widget\" data-e-type=\"widget\" data-widget_type=\"button.default\">\n\t\t\t\t<div class=\"elementor-widget-container\">\n\t\t\t\t\t\t\t\t\t<div class=\"elementor-button-wrapper\">\n\t\t\t\t\t<a class=\"elementor-button elementor-button-link elementor-size-md\" href=\"\/ca\/cuatro\/\">\n\t\t\t\t\t\t<span class=\"elementor-button-content-wrapper\">\n\t\t\t\t\t\t\t\t\t<span class=\"elementor-button-text\">QUATRE SETMANES<\/span>\n\t\t\t\t\t<\/span>\n\t\t\t\t\t<\/a>\n\t\t\t\t<\/div>\n\t\t\t\t\t\t\t\t<\/div>\n\t\t\t\t<\/div>\n\t\t\t\t\t<\/div>\n\t\t<\/div>\n\t\t\t\t<div class=\"elementor-column elementor-col-20 elementor-inner-column elementor-element elementor-element-3b886782\" data-id=\"3b886782\" data-element_type=\"column\" data-e-type=\"column\" data-settings=\"{&quot;background_background&quot;:&quot;classic&quot;}\">\n\t\t\t<div class=\"elementor-widget-wrap elementor-element-populated\">\n\t\t\t\t\t<div class=\"elementor-background-overlay\"><\/div>\n\t\t\t\t\t\t<div class=\"elementor-element elementor-element-43f6dd0e elementor-align-center elementor-widget elementor-widget-button\" data-id=\"43f6dd0e\" data-element_type=\"widget\" data-e-type=\"widget\" data-widget_type=\"button.default\">\n\t\t\t\t<div class=\"elementor-widget-container\">\n\t\t\t\t\t\t\t\t\t<div class=\"elementor-button-wrapper\">\n\t\t\t\t\t<a class=\"elementor-button elementor-button-link elementor-size-md\" href=\"\/ca\/respirando\/\">\n\t\t\t\t\t\t<span class=\"elementor-button-content-wrapper\">\n\t\t\t\t\t\t\t\t\t<span class=\"elementor-button-text\">RESPIRANT<\/span>\n\t\t\t\t\t<\/span>\n\t\t\t\t\t<\/a>\n\t\t\t\t<\/div>\n\t\t\t\t\t\t\t\t<\/div>\n\t\t\t\t<\/div>\n\t\t\t\t\t<\/div>\n\t\t<\/div>\n\t\t\t\t<div class=\"elementor-column elementor-col-20 elementor-inner-column elementor-element elementor-element-7228261c\" data-id=\"7228261c\" data-element_type=\"column\" data-e-type=\"column\" data-settings=\"{&quot;background_background&quot;:&quot;classic&quot;}\">\n\t\t\t<div class=\"elementor-widget-wrap elementor-element-populated\">\n\t\t\t\t\t<div class=\"elementor-background-overlay\"><\/div>\n\t\t\t\t\t\t<div class=\"elementor-element elementor-element-4bac987a elementor-align-center elementor-widget elementor-widget-button\" data-id=\"4bac987a\" data-element_type=\"widget\" data-e-type=\"widget\" data-widget_type=\"button.default\">\n\t\t\t\t<div class=\"elementor-widget-container\">\n\t\t\t\t\t\t\t\t\t<div class=\"elementor-button-wrapper\">\n\t\t\t\t\t<a class=\"elementor-button elementor-button-link elementor-size-md\" href=\"\/ca\/oracion-introductoria\/\">\n\t\t\t\t\t\t<span class=\"elementor-button-content-wrapper\">\n\t\t\t\t\t\t\t\t\t<span class=\"elementor-button-text\">ORACI\u00d3 INTRODUCT\u00d2RIA<\/span>\n\t\t\t\t\t<\/span>\n\t\t\t\t\t<\/a>\n\t\t\t\t<\/div>\n\t\t\t\t\t\t\t\t<\/div>\n\t\t\t\t<\/div>\n\t\t\t\t\t<\/div>\n\t\t<\/div>\n\t\t\t\t<div class=\"elementor-column elementor-col-20 elementor-inner-column elementor-element elementor-element-56cae917\" data-id=\"56cae917\" data-element_type=\"column\" data-e-type=\"column\" data-settings=\"{&quot;background_background&quot;:&quot;classic&quot;}\">\n\t\t\t<div class=\"elementor-widget-wrap elementor-element-populated\">\n\t\t\t\t\t<div class=\"elementor-background-overlay\"><\/div>\n\t\t\t\t\t\t<div class=\"elementor-element elementor-element-606b2272 elementor-align-center elementor-widget elementor-widget-button\" data-id=\"606b2272\" data-element_type=\"widget\" data-e-type=\"widget\" data-widget_type=\"button.default\">\n\t\t\t\t<div class=\"elementor-widget-container\">\n\t\t\t\t\t\t\t\t\t<div class=\"elementor-button-wrapper\">\n\t\t\t\t\t<a class=\"elementor-button elementor-button-link elementor-size-md\" href=\"\/ca\/bendicion\/\">\n\t\t\t\t\t\t<span class=\"elementor-button-content-wrapper\">\n\t\t\t\t\t\t\t\t\t<span class=\"elementor-button-text\">BENEDICCI\u00d3 DEL PELEGR\u00cd<\/span>\n\t\t\t\t\t<\/span>\n\t\t\t\t\t<\/a>\n\t\t\t\t<\/div>\n\t\t\t\t\t\t\t\t<\/div>\n\t\t\t\t<\/div>\n\t\t\t\t\t<\/div>\n\t\t<\/div>\n\t\t\t\t\t<\/div>\n\t\t<\/section>\n\t\t\t\t\t<\/div>\n\t\t<\/div>\n\t\t\t\t\t<\/div>\n\t\t<\/section>\n\t\t\t\t<section class=\"elementor-section elementor-top-section elementor-element elementor-element-78bbb13a elementor-section-content-middle elementor-section-boxed elementor-section-height-default elementor-section-height-default\" data-id=\"78bbb13a\" data-element_type=\"section\" data-e-type=\"section\">\n\t\t\t\t\t\t<div class=\"elementor-container elementor-column-gap-no\">\n\t\t\t\t\t<div class=\"elementor-column elementor-col-33 elementor-top-column elementor-element elementor-element-599a3ac8\" data-id=\"599a3ac8\" data-element_type=\"column\" data-e-type=\"column\">\n\t\t\t<div class=\"elementor-widget-wrap elementor-element-populated\">\n\t\t\t\t\t\t<div class=\"elementor-element elementor-element-3c120cd elementor-widget elementor-widget-heading\" data-id=\"3c120cd\" data-element_type=\"widget\" data-e-type=\"widget\" data-widget_type=\"heading.default\">\n\t\t\t\t<div class=\"elementor-widget-container\">\n\t\t\t\t\t<h4 class=\"elementor-heading-title elementor-size-default\">Consells per al Cam\u00ed<\/h4>\t\t\t\t<\/div>\n\t\t\t\t<\/div>\n\t\t\t\t<div class=\"elementor-element elementor-element-27cd957a elementor-widget elementor-widget-text-editor\" data-id=\"27cd957a\" data-element_type=\"widget\" data-e-type=\"widget\" data-widget_type=\"text-editor.default\">\n\t\t\t\t<div class=\"elementor-widget-container\">\n\t\t\t\t\t\t\t\t\t<p>Aspectes pr\u00e0ctics, les credencials, certificats, mitjans de transport, allotjament\u2026<\/p>\n\t\t\t\t\t\t\t\t<\/div>\n\t\t\t\t<\/div>\n\t\t\t\t<div class=\"elementor-element elementor-element-16a0fea3 elementor-align-center elementor-widget elementor-widget-button\" data-id=\"16a0fea3\" data-element_type=\"widget\" data-e-type=\"widget\" data-widget_type=\"button.default\">\n\t\t\t\t<div class=\"elementor-widget-container\">\n\t\t\t\t\t\t\t\t\t<div class=\"elementor-button-wrapper\">\n\t\t\t\t\t<a class=\"elementor-button elementor-button-link elementor-size-sm elementor-animation-grow\" href=\"\/ca\/consells-practics\/\">\n\t\t\t\t\t\t<span class=\"elementor-button-content-wrapper\">\n\t\t\t\t\t\t\t\t\t<span class=\"elementor-button-text\">PREPARA'T<\/span>\n\t\t\t\t\t<\/span>\n\t\t\t\t\t<\/a>\n\t\t\t\t<\/div>\n\t\t\t\t\t\t\t\t<\/div>\n\t\t\t\t<\/div>\n\t\t\t\t\t<\/div>\n\t\t<\/div>\n\t\t\t\t<div class=\"elementor-column elementor-col-33 elementor-top-column elementor-element elementor-element-dd0fe77\" data-id=\"dd0fe77\" data-element_type=\"column\" data-e-type=\"column\">\n\t\t\t<div class=\"elementor-widget-wrap elementor-element-populated\">\n\t\t\t\t\t\t<div class=\"elementor-element elementor-element-1a0170c3 elementor-widget elementor-widget-heading\" data-id=\"1a0170c3\" data-element_type=\"widget\" data-e-type=\"widget\" data-widget_type=\"heading.default\">\n\t\t\t\t<div class=\"elementor-widget-container\">\n\t\t\t\t\t<h4 class=\"elementor-heading-title elementor-size-default\">el Cam\u00ed Ignasi\u00e0<\/h4>\t\t\t\t<\/div>\n\t\t\t\t<\/div>\n\t\t\t\t<div class=\"elementor-element elementor-element-1388aa32 elementor-widget elementor-widget-text-editor\" data-id=\"1388aa32\" data-element_type=\"widget\" data-e-type=\"widget\" data-widget_type=\"text-editor.default\">\n\t\t\t\t<div class=\"elementor-widget-container\">\n\t\t\t\t\t\t\t\t\t<p>La seva hist\u00f2ria, peregrinant pel passat, per l&#8217;Espanya Ignasiana, agra\u00efments&#8230;<\/p>\n\t\t\t\t\t\t\t\t<\/div>\n\t\t\t\t<\/div>\n\t\t\t\t<div class=\"elementor-element elementor-element-68218d8d elementor-align-center elementor-widget elementor-widget-button\" data-id=\"68218d8d\" data-element_type=\"widget\" data-e-type=\"widget\" data-widget_type=\"button.default\">\n\t\t\t\t<div class=\"elementor-widget-container\">\n\t\t\t\t\t\t\t\t\t<div class=\"elementor-button-wrapper\">\n\t\t\t\t\t<a class=\"elementor-button elementor-button-link elementor-size-sm elementor-animation-grow\" href=\"\/ca\/el-cami-ignasia\/\">\n\t\t\t\t\t\t<span class=\"elementor-button-content-wrapper\">\n\t\t\t\t\t\t\t\t\t<span class=\"elementor-button-text\">DESCOBREIX-HO<\/span>\n\t\t\t\t\t<\/span>\n\t\t\t\t\t<\/a>\n\t\t\t\t<\/div>\n\t\t\t\t\t\t\t\t<\/div>\n\t\t\t\t<\/div>\n\t\t\t\t\t<\/div>\n\t\t<\/div>\n\t\t\t\t<div class=\"elementor-column elementor-col-33 elementor-top-column elementor-element elementor-element-2ac6bf14\" data-id=\"2ac6bf14\" data-element_type=\"column\" data-e-type=\"column\">\n\t\t\t<div class=\"elementor-widget-wrap elementor-element-populated\">\n\t\t\t\t\t\t<div class=\"elementor-element elementor-element-794f3790 elementor-widget elementor-widget-heading\" data-id=\"794f3790\" data-element_type=\"widget\" data-e-type=\"widget\" data-widget_type=\"heading.default\">\n\t\t\t\t<div class=\"elementor-widget-container\">\n\t\t\t\t\t<h4 class=\"elementor-heading-title elementor-size-default\">L'Oficina del Pelegr\u00ed<\/h4>\t\t\t\t<\/div>\n\t\t\t\t<\/div>\n\t\t\t\t<div class=\"elementor-element elementor-element-525fd5f3 elementor-widget elementor-widget-text-editor\" data-id=\"525fd5f3\" data-element_type=\"widget\" data-e-type=\"widget\" data-widget_type=\"text-editor.default\">\n\t\t\t\t<div class=\"elementor-widget-container\">\n\t\t\t\t\t\t\t\t\t<p>Experi\u00e8ncies, activitats, ag\u00e8ncies, credencials, associacions, cam\u00ed del respecte&#8230;<\/p>\n\t\t\t\t\t\t\t\t<\/div>\n\t\t\t\t<\/div>\n\t\t\t\t<div class=\"elementor-element elementor-element-726fd317 elementor-align-center elementor-widget elementor-widget-button\" data-id=\"726fd317\" data-element_type=\"widget\" data-e-type=\"widget\" data-widget_type=\"button.default\">\n\t\t\t\t<div class=\"elementor-widget-container\">\n\t\t\t\t\t\t\t\t\t<div class=\"elementor-button-wrapper\">\n\t\t\t\t\t<a class=\"elementor-button elementor-button-link elementor-size-sm elementor-animation-grow\" href=\"\/ca\/oficina\/\">\n\t\t\t\t\t\t<span class=\"elementor-button-content-wrapper\">\n\t\t\t\t\t\t\t\t\t<span class=\"elementor-button-text\">t'ajudem<\/span>\n\t\t\t\t\t<\/span>\n\t\t\t\t\t<\/a>\n\t\t\t\t<\/div>\n\t\t\t\t\t\t\t\t<\/div>\n\t\t\t\t<\/div>\n\t\t\t\t\t<\/div>\n\t\t<\/div>\n\t\t\t\t\t<\/div>\n\t\t<\/section>\n\t\t\t\t<\/div>\n\t\t","protected":false},"excerpt":{"rendered":"<p>Com hem de comen\u00e7ar a la meditaci\u00f3? 1.- Comen\u00e7a la meditaci\u00f3 dedicant uns minuts a situar-te en pres\u00e8ncia de D\u00e9u. \u00c9s a dir, allibera\u2019t de tota ansietat o distracci\u00f3 que et molesti, com, per exemple, pensar el que tens previst per dinar. Una pe\u00e7a preferida de m\u00fasica espiritual et pot ajudar a posar-te en un [&hellip;]<\/p>\n","protected":false},"author":1,"featured_media":0,"parent":0,"menu_order":0,"comment_status":"closed","ping_status":"closed","template":"","meta":{"_acf_changed":false,"footnotes":""},"class_list":["post-8315","page","type-page","status-publish","hentry"],"acf":[],"_links":{"self":[{"href":"https:\/\/caminoignaciano.org\/ca\/wp-json\/wp\/v2\/pages\/8315","targetHints":{"allow":["GET"]}}],"collection":[{"href":"https:\/\/caminoignaciano.org\/ca\/wp-json\/wp\/v2\/pages"}],"about":[{"href":"https:\/\/caminoignaciano.org\/ca\/wp-json\/wp\/v2\/types\/page"}],"author":[{"embeddable":true,"href":"https:\/\/caminoignaciano.org\/ca\/wp-json\/wp\/v2\/users\/1"}],"replies":[{"embeddable":true,"href":"https:\/\/caminoignaciano.org\/ca\/wp-json\/wp\/v2\/comments?post=8315"}],"version-history":[{"count":0,"href":"https:\/\/caminoignaciano.org\/ca\/wp-json\/wp\/v2\/pages\/8315\/revisions"}],"wp:attachment":[{"href":"https:\/\/caminoignaciano.org\/ca\/wp-json\/wp\/v2\/media?parent=8315"}],"curies":[{"name":"wp","href":"https:\/\/api.w.org\/{rel}","templated":true}]}}