{"id":8210,"date":"2019-02-21T07:35:32","date_gmt":"2019-02-21T06:35:32","guid":{"rendered":"http:\/\/caminoignaciano.sjdigitaldemo.ovh\/peregrinando\/"},"modified":"2019-03-05T08:21:28","modified_gmt":"2019-03-05T07:21:28","slug":"peregrinando","status":"publish","type":"page","link":"https:\/\/caminoignaciano.org\/ca\/peregrinando\/","title":{"rendered":"Pelegrinatge pel passat"},"content":{"rendered":"\t\t<div data-elementor-type=\"wp-post\" data-elementor-id=\"8210\" class=\"elementor elementor-8210 elementor-5929 elementor-bc-flex-widget\" data-elementor-post-type=\"page\">\n\t\t\t\t\t\t<section class=\"elementor-section elementor-top-section elementor-element elementor-element-623e77d9 elementor-section-height-min-height elementor-section-content-middle elementor-section-full_width elementor-section-height-default elementor-section-items-middle\" data-id=\"623e77d9\" data-element_type=\"section\" data-e-type=\"section\" data-settings=\"{&quot;background_background&quot;:&quot;classic&quot;}\">\n\t\t\t\t\t\t\t<div class=\"elementor-background-overlay\"><\/div>\n\t\t\t\t\t\t\t<div class=\"elementor-container elementor-column-gap-no\">\n\t\t\t\t\t<div class=\"elementor-column elementor-col-100 elementor-top-column elementor-element elementor-element-126789b\" data-id=\"126789b\" data-element_type=\"column\" data-e-type=\"column\">\n\t\t\t<div class=\"elementor-widget-wrap elementor-element-populated\">\n\t\t\t\t\t\t<div class=\"elementor-element elementor-element-572060e elementor-headline--style-highlight elementor-widget elementor-widget-animated-headline\" data-id=\"572060e\" data-element_type=\"widget\" data-e-type=\"widget\" data-settings=\"{&quot;highlighted_text&quot;:&quot;Peregrinant amb Ignasi&quot;,&quot;headline_style&quot;:&quot;highlight&quot;,&quot;marker&quot;:&quot;circle&quot;,&quot;loop&quot;:&quot;yes&quot;,&quot;highlight_animation_duration&quot;:1200,&quot;highlight_iteration_delay&quot;:8000}\" data-widget_type=\"animated-headline.default\">\n\t\t\t\t<div class=\"elementor-widget-container\">\n\t\t\t\t\t\t\t<h2 class=\"elementor-headline\">\n\t\t\t\t<span class=\"elementor-headline-dynamic-wrapper elementor-headline-text-wrapper\">\n\t\t\t\t\t<span class=\"elementor-headline-dynamic-text elementor-headline-text-active\">Peregrinant amb Ignasi<\/span>\n\t\t\t\t<\/span>\n\t\t\t\t<\/h2>\n\t\t\t\t\t\t<\/div>\n\t\t\t\t<\/div>\n\t\t\t\t\t<\/div>\n\t\t<\/div>\n\t\t\t\t\t<\/div>\n\t\t<\/section>\n\t\t\t\t<section class=\"elementor-section elementor-top-section elementor-element elementor-element-53b7860c elementor-section-full_width elementor-section-height-default elementor-section-height-default\" data-id=\"53b7860c\" data-element_type=\"section\" data-e-type=\"section\" data-settings=\"{&quot;background_background&quot;:&quot;classic&quot;}\">\n\t\t\t\t\t\t\t<div class=\"elementor-background-overlay\"><\/div>\n\t\t\t\t\t\t\t<div class=\"elementor-container elementor-column-gap-default\">\n\t\t\t\t\t<div class=\"elementor-column elementor-col-100 elementor-top-column elementor-element elementor-element-64d85549\" data-id=\"64d85549\" data-element_type=\"column\" data-e-type=\"column\">\n\t\t\t<div class=\"elementor-widget-wrap elementor-element-populated\">\n\t\t\t\t\t\t<section class=\"elementor-section elementor-inner-section elementor-element elementor-element-4b17440e elementor-section-full_width elementor-section-height-default elementor-section-height-default\" data-id=\"4b17440e\" data-element_type=\"section\" data-e-type=\"section\">\n\t\t\t\t\t\t<div class=\"elementor-container elementor-column-gap-default\">\n\t\t\t\t\t<div class=\"elementor-column elementor-col-50 elementor-inner-column elementor-element elementor-element-145f9503\" data-id=\"145f9503\" data-element_type=\"column\" data-e-type=\"column\" data-settings=\"{&quot;background_background&quot;:&quot;classic&quot;}\">\n\t\t\t<div class=\"elementor-widget-wrap elementor-element-populated\">\n\t\t\t\t\t<div class=\"elementor-background-overlay\"><\/div>\n\t\t\t\t\t\t<div class=\"elementor-element elementor-element-106dbfcb elementor-widget elementor-widget-heading\" data-id=\"106dbfcb\" data-element_type=\"widget\" data-e-type=\"widget\" data-widget_type=\"heading.default\">\n\t\t\t\t<div class=\"elementor-widget-container\">\n\t\t\t\t\t<h2 class=\"elementor-heading-title elementor-size-default\">Peregrinant en la nostra vida<\/h2>\t\t\t\t<\/div>\n\t\t\t\t<\/div>\n\t\t\t\t\t<\/div>\n\t\t<\/div>\n\t\t\t\t<div class=\"elementor-column elementor-col-50 elementor-inner-column elementor-element elementor-element-26acd445\" data-id=\"26acd445\" data-element_type=\"column\" data-e-type=\"column\" id=\"programa tu camino\" data-settings=\"{&quot;background_background&quot;:&quot;classic&quot;}\">\n\t\t\t<div class=\"elementor-widget-wrap elementor-element-populated\">\n\t\t\t\t\t<div class=\"elementor-background-overlay\"><\/div>\n\t\t\t\t\t\t<div class=\"elementor-element elementor-element-4ea6517b elementor-widget elementor-widget-text-editor\" data-id=\"4ea6517b\" data-element_type=\"widget\" data-e-type=\"widget\" data-widget_type=\"text-editor.default\">\n\t\t\t\t<div class=\"elementor-widget-container\">\n\t\t\t\t\t\t\t\t\t<p><strong>Els Exercicis Espirituals i el pelegrinatge en el Cam\u00ed Ignasi\u00e0<\/strong><\/p>\n<p>Sant Ignasi de Loiola ens va deixar una her\u00e8ncia espiritual de gran valor en els seus Exercicis Espirituals. Precisament \u201cExercicis\u201d perqu\u00e8 s\u00f3n per a \u201cexercitar-se\u201d i arribar a tenir una bona \u201cforma espiritual\u201d. El Cam\u00ed Ignasi\u00e0 ens ofereix oportunitats abundoses d\u2019arribar a adquirir una bona forma f\u00edsica. El nostre inter\u00e8s \u00e9s anar m\u00e9s enll\u00e0 i oferir tamb\u00e9 alguns bons \u201cexercicis\u201d perqu\u00e8 el pelegr\u00ed vagi fent el seu cam\u00ed interior mentre avan\u00e7a per les carreteres i camins de la Pen\u00ednsula Ib\u00e8rica.<\/p>\n<p>Com Sant Ignasi ens indica en la 1a anotaci\u00f3 dels Exercicis Espirituals,\u00a0<em>\u00abper aquest nom d\u2019exercicis espirituals, s\u2019ent\u00e9n tota forma d\u2019examinar la consci\u00e8ncia, de meditar, de contemplar, de preg\u00e0ria vocal i mental, i d\u2019altres operacions espirituals, com es dir\u00e0 m\u00e9s endavant. Perqu\u00e8 aix\u00ed com passejar, caminar i c\u00f3rrer s\u00f3n exercicis corporals; igualment, tota forma de preparar i disposar l\u2019\u00e0nima perqu\u00e8 es desempallegui de totes les afeccions desordenades i, despr\u00e9s d\u2019haver-les rebutjat, per cercar i trobar la voluntat divina en la disposici\u00f3 de la seva vida per a la salut de l\u2019\u00e0nima, s\u2019anomenen exercicis espirituals\u00bb.<\/em><\/p>\n<p>Acollint el TOTA MANERA d\u2019Ignasi, el nostre desig \u00e9s donar una guia espiritual\u00a0 \u201cparal\u00b7lela\u201d als Exercicis Espirituals de Sant Ignasi, i proposar uns \u201cexercicis\u201d que ofereixin una \u201cgr\u00e0cia\u201d per pregar cada dia, m\u00e9s una petita reflexi\u00f3 i un fragment de l\u2019Escriptura per llegir (no t\u2019oblidis la B\u00edblia!). L\u2019ordre de les meditacions segueix el format dels Exercicis Espirituals. Per tant, qualsevol persona que camini per la via ignasiana que proposem podria fer una petita experi\u00e8ncia \u201cautodirigida\u201d dels Exercicis Espirituals.<\/p>\n\t\t\t\t\t\t\t\t<\/div>\n\t\t\t\t<\/div>\n\t\t\t\t\t<\/div>\n\t\t<\/div>\n\t\t\t\t\t<\/div>\n\t\t<\/section>\n\t\t\t\t<section class=\"elementor-section elementor-inner-section elementor-element elementor-element-961b137 elementor-section-full_width elementor-section-height-default elementor-section-height-default\" data-id=\"961b137\" data-element_type=\"section\" data-e-type=\"section\">\n\t\t\t\t\t\t<div class=\"elementor-container elementor-column-gap-default\">\n\t\t\t\t\t<div class=\"elementor-column elementor-col-50 elementor-inner-column elementor-element elementor-element-cffb770\" data-id=\"cffb770\" data-element_type=\"column\" data-e-type=\"column\" data-settings=\"{&quot;background_background&quot;:&quot;classic&quot;}\">\n\t\t\t<div class=\"elementor-widget-wrap elementor-element-populated\">\n\t\t\t\t\t<div class=\"elementor-background-overlay\"><\/div>\n\t\t\t\t\t\t<div class=\"elementor-element elementor-element-7d79373 elementor-widget elementor-widget-text-editor\" data-id=\"7d79373\" data-element_type=\"widget\" data-e-type=\"widget\" data-widget_type=\"text-editor.default\">\n\t\t\t\t<div class=\"elementor-widget-container\">\n\t\t\t\t\t\t\t\t\t<p>Ignasi suggereix un tipus de preg\u00e0ria conegut com a \u201ccol\u00b7loqui\u201d, en qu\u00e8 parlem amb Jes\u00fas, \u201ccom un amic parla amb l\u2019altre\u201d. Un pelegrinatge \u00e9s precisament una versi\u00f3 ideal d\u2019aquest tipus de preg\u00e0ria-col\u00b7loqui. Consisteix a imaginar Jes\u00fas caminant amb nosaltres de tant en tant. Parlar amb Jes\u00fas, com un bon amic parla amb un altre. La imatge no est\u00e0 fora de lloc: els evangelis presenten Jes\u00fas i els seus companys en moviment constant, viatjant de poble en poble a peu, portant amb ells les poques pertinences que tenen, sense por a la calor o la pluja, tal com fem nosaltres en el pelegrinatge. Usem aquesta imaginaci\u00f3 per ajudar-nos en la meditaci\u00f3. Certament, tot pelegrinant caminarem moltes hores cada dia, aix\u00ed que tindrem molt de temps per pregar!<\/p>\n<p>Els Exercicis Espirituals estan dividits en \u201cquatre setmanes\u201d, que m\u00e9s o menys corresponen amb les etapes del Cam\u00ed Ignasi\u00e0. No pretenem una uni\u00f3 artificial entre el recorregut del Cam\u00ed i els Exercicis, per\u00f2 no \u00e9s desgavellada la idea de dividir tot el proc\u00e9s en 4 fases: la primera setmana, des de Loiola fins a Logronyo; la segona, des de Logronyo fins a Saragossa; la tercera, des de Saragossa fins a Fraga; la quarta, des de Fraga fins a Manresa. La duresa del cam\u00ed al Pa\u00eds Basc, amb els seus forts desnivells i paisatges agrestos ens recorda la dificultat de la cerca de la voluntat de D\u00e9u en la nostra hist\u00f2ria personal, massa vegades bloquejada en les nostres afeccions desordenades. Les planures de la vall de l\u2019Ebre i la verdor de les seves ribes ens porten a la felicitat de qui camina al costat del Mestre, en un aprenentatge constant. Novament, la pujada cap a la plana dels Monegros ens convida a entrar en les dificultats del seguiment i d\u2019un horitz\u00f3 marcat per la Creu que no podem esquivar. Finalment, de retorn a les terres f\u00e8rtils banyades pel riu Segre, ens trobem amb aquella pres\u00e8ncia de resurrecci\u00f3 que ens convida a anar a retrobar el Mestre a Galilea.<\/p>\n<p>Deixem a la llibertat del pelegr\u00ed l\u2019elecci\u00f3 de les setmanes que desitja experimentar i aplicar les indicacions que li suggerim en aquesta guia, certament massa global. Cadasc\u00fa sap el punt en qu\u00e8 es troba en el seu itinerari personal i \u00e9s a partir d\u2019aquest punt que s\u2019ha de posar en el Cam\u00ed Ignasi\u00e0.<\/p>\n\t\t\t\t\t\t\t\t<\/div>\n\t\t\t\t<\/div>\n\t\t\t\t\t<\/div>\n\t\t<\/div>\n\t\t\t\t<div class=\"elementor-column elementor-col-50 elementor-inner-column elementor-element elementor-element-e18232a\" data-id=\"e18232a\" data-element_type=\"column\" data-e-type=\"column\" data-settings=\"{&quot;background_background&quot;:&quot;classic&quot;}\">\n\t\t\t<div class=\"elementor-widget-wrap elementor-element-populated\">\n\t\t\t\t\t<div class=\"elementor-background-overlay\"><\/div>\n\t\t\t\t\t\t\t<\/div>\n\t\t<\/div>\n\t\t\t\t\t<\/div>\n\t\t<\/section>\n\t\t\t\t<section class=\"elementor-section elementor-inner-section elementor-element elementor-element-cbb6904 elementor-section-full_width elementor-section-height-default elementor-section-height-default\" data-id=\"cbb6904\" data-element_type=\"section\" data-e-type=\"section\">\n\t\t\t\t\t\t<div class=\"elementor-container elementor-column-gap-default\">\n\t\t\t\t\t<div class=\"elementor-column elementor-col-20 elementor-inner-column elementor-element elementor-element-475e053c\" data-id=\"475e053c\" data-element_type=\"column\" data-e-type=\"column\" data-settings=\"{&quot;background_background&quot;:&quot;classic&quot;}\">\n\t\t\t<div class=\"elementor-widget-wrap elementor-element-populated\">\n\t\t\t\t\t<div class=\"elementor-background-overlay\"><\/div>\n\t\t\t\t\t\t<div class=\"elementor-element elementor-element-53526e80 elementor-align-center elementor-widget elementor-widget-button\" data-id=\"53526e80\" data-element_type=\"widget\" data-e-type=\"widget\" data-widget_type=\"button.default\">\n\t\t\t\t<div class=\"elementor-widget-container\">\n\t\t\t\t\t\t\t\t\t<div class=\"elementor-button-wrapper\">\n\t\t\t\t\t<a class=\"elementor-button elementor-button-link elementor-size-md\" href=\"\/ca\/cuatro\/\">\n\t\t\t\t\t\t<span class=\"elementor-button-content-wrapper\">\n\t\t\t\t\t\t\t\t\t<span class=\"elementor-button-text\">QUATRE SETMANES<\/span>\n\t\t\t\t\t<\/span>\n\t\t\t\t\t<\/a>\n\t\t\t\t<\/div>\n\t\t\t\t\t\t\t\t<\/div>\n\t\t\t\t<\/div>\n\t\t\t\t\t<\/div>\n\t\t<\/div>\n\t\t\t\t<div class=\"elementor-column elementor-col-20 elementor-inner-column elementor-element elementor-element-474cb661\" data-id=\"474cb661\" data-element_type=\"column\" data-e-type=\"column\" data-settings=\"{&quot;background_background&quot;:&quot;classic&quot;}\">\n\t\t\t<div class=\"elementor-widget-wrap elementor-element-populated\">\n\t\t\t\t\t<div class=\"elementor-background-overlay\"><\/div>\n\t\t\t\t\t\t<div class=\"elementor-element elementor-element-7fb63eed elementor-align-center elementor-widget elementor-widget-button\" data-id=\"7fb63eed\" data-element_type=\"widget\" data-e-type=\"widget\" data-widget_type=\"button.default\">\n\t\t\t\t<div class=\"elementor-widget-container\">\n\t\t\t\t\t\t\t\t\t<div class=\"elementor-button-wrapper\">\n\t\t\t\t\t<a class=\"elementor-button elementor-button-link elementor-size-md\" href=\"\/ca\/guia\/\">\n\t\t\t\t\t\t<span class=\"elementor-button-content-wrapper\">\n\t\t\t\t\t\t\t\t\t<span class=\"elementor-button-text\">GUIA<\/span>\n\t\t\t\t\t<\/span>\n\t\t\t\t\t<\/a>\n\t\t\t\t<\/div>\n\t\t\t\t\t\t\t\t<\/div>\n\t\t\t\t<\/div>\n\t\t\t\t\t<\/div>\n\t\t<\/div>\n\t\t\t\t<div class=\"elementor-column elementor-col-20 elementor-inner-column elementor-element elementor-element-80c88c\" data-id=\"80c88c\" data-element_type=\"column\" data-e-type=\"column\" data-settings=\"{&quot;background_background&quot;:&quot;classic&quot;}\">\n\t\t\t<div class=\"elementor-widget-wrap elementor-element-populated\">\n\t\t\t\t\t<div class=\"elementor-background-overlay\"><\/div>\n\t\t\t\t\t\t<div class=\"elementor-element elementor-element-190581a9 elementor-align-center elementor-widget elementor-widget-button\" data-id=\"190581a9\" data-element_type=\"widget\" data-e-type=\"widget\" data-widget_type=\"button.default\">\n\t\t\t\t<div class=\"elementor-widget-container\">\n\t\t\t\t\t\t\t\t\t<div class=\"elementor-button-wrapper\">\n\t\t\t\t\t<a class=\"elementor-button elementor-button-link elementor-size-md\" href=\"\/ca\/respirando\/\">\n\t\t\t\t\t\t<span class=\"elementor-button-content-wrapper\">\n\t\t\t\t\t\t\t\t\t<span class=\"elementor-button-text\">RESPIRANT<\/span>\n\t\t\t\t\t<\/span>\n\t\t\t\t\t<\/a>\n\t\t\t\t<\/div>\n\t\t\t\t\t\t\t\t<\/div>\n\t\t\t\t<\/div>\n\t\t\t\t\t<\/div>\n\t\t<\/div>\n\t\t\t\t<div class=\"elementor-column elementor-col-20 elementor-inner-column elementor-element elementor-element-196643f2\" data-id=\"196643f2\" data-element_type=\"column\" data-e-type=\"column\" data-settings=\"{&quot;background_background&quot;:&quot;classic&quot;}\">\n\t\t\t<div class=\"elementor-widget-wrap elementor-element-populated\">\n\t\t\t\t\t<div class=\"elementor-background-overlay\"><\/div>\n\t\t\t\t\t\t<div class=\"elementor-element elementor-element-47cff81f elementor-align-center elementor-widget elementor-widget-button\" data-id=\"47cff81f\" data-element_type=\"widget\" data-e-type=\"widget\" data-widget_type=\"button.default\">\n\t\t\t\t<div class=\"elementor-widget-container\">\n\t\t\t\t\t\t\t\t\t<div class=\"elementor-button-wrapper\">\n\t\t\t\t\t<a class=\"elementor-button elementor-button-link elementor-size-md\" href=\"\/ca\/oracion-introductoria\/\">\n\t\t\t\t\t\t<span class=\"elementor-button-content-wrapper\">\n\t\t\t\t\t\t\t\t\t<span class=\"elementor-button-text\">ORACI\u00d3 INTRODUCT\u00d2RIA<\/span>\n\t\t\t\t\t<\/span>\n\t\t\t\t\t<\/a>\n\t\t\t\t<\/div>\n\t\t\t\t\t\t\t\t<\/div>\n\t\t\t\t<\/div>\n\t\t\t\t\t<\/div>\n\t\t<\/div>\n\t\t\t\t<div class=\"elementor-column elementor-col-20 elementor-inner-column elementor-element elementor-element-4947a48b\" data-id=\"4947a48b\" data-element_type=\"column\" data-e-type=\"column\" data-settings=\"{&quot;background_background&quot;:&quot;classic&quot;}\">\n\t\t\t<div class=\"elementor-widget-wrap elementor-element-populated\">\n\t\t\t\t\t<div class=\"elementor-background-overlay\"><\/div>\n\t\t\t\t\t\t<div class=\"elementor-element elementor-element-52e8689d elementor-align-center elementor-widget elementor-widget-button\" data-id=\"52e8689d\" data-element_type=\"widget\" data-e-type=\"widget\" data-widget_type=\"button.default\">\n\t\t\t\t<div class=\"elementor-widget-container\">\n\t\t\t\t\t\t\t\t\t<div class=\"elementor-button-wrapper\">\n\t\t\t\t\t<a class=\"elementor-button elementor-button-link elementor-size-md\" href=\"\/ca\/bendicion\/\">\n\t\t\t\t\t\t<span class=\"elementor-button-content-wrapper\">\n\t\t\t\t\t\t\t\t\t<span class=\"elementor-button-text\">BENEDICCI\u00d3 DEL PELEGR\u00cd<\/span>\n\t\t\t\t\t<\/span>\n\t\t\t\t\t<\/a>\n\t\t\t\t<\/div>\n\t\t\t\t\t\t\t\t<\/div>\n\t\t\t\t<\/div>\n\t\t\t\t\t<\/div>\n\t\t<\/div>\n\t\t\t\t\t<\/div>\n\t\t<\/section>\n\t\t\t\t\t<\/div>\n\t\t<\/div>\n\t\t\t\t\t<\/div>\n\t\t<\/section>\n\t\t\t\t<section class=\"elementor-section elementor-top-section elementor-element elementor-element-3907a81 elementor-section-content-middle elementor-section-boxed elementor-section-height-default elementor-section-height-default\" data-id=\"3907a81\" data-element_type=\"section\" data-e-type=\"section\">\n\t\t\t\t\t\t<div class=\"elementor-container elementor-column-gap-no\">\n\t\t\t\t\t<div class=\"elementor-column elementor-col-33 elementor-top-column elementor-element elementor-element-f0c3b11\" data-id=\"f0c3b11\" data-element_type=\"column\" data-e-type=\"column\">\n\t\t\t<div class=\"elementor-widget-wrap elementor-element-populated\">\n\t\t\t\t\t\t<div class=\"elementor-element elementor-element-274db2d elementor-widget elementor-widget-heading\" data-id=\"274db2d\" data-element_type=\"widget\" data-e-type=\"widget\" data-widget_type=\"heading.default\">\n\t\t\t\t<div class=\"elementor-widget-container\">\n\t\t\t\t\t<h4 class=\"elementor-heading-title elementor-size-default\">Consells per al Cam\u00ed<\/h4>\t\t\t\t<\/div>\n\t\t\t\t<\/div>\n\t\t\t\t<div class=\"elementor-element elementor-element-f1049e4 elementor-widget elementor-widget-text-editor\" data-id=\"f1049e4\" data-element_type=\"widget\" data-e-type=\"widget\" data-widget_type=\"text-editor.default\">\n\t\t\t\t<div class=\"elementor-widget-container\">\n\t\t\t\t\t\t\t\t\t<p>Aspectes pr\u00e0ctics, les credencials, certificats, mitjans de transport, allotjament\u2026<\/p>\n\t\t\t\t\t\t\t\t<\/div>\n\t\t\t\t<\/div>\n\t\t\t\t<div class=\"elementor-element elementor-element-c69e282 elementor-align-center elementor-widget elementor-widget-button\" data-id=\"c69e282\" data-element_type=\"widget\" data-e-type=\"widget\" data-widget_type=\"button.default\">\n\t\t\t\t<div class=\"elementor-widget-container\">\n\t\t\t\t\t\t\t\t\t<div class=\"elementor-button-wrapper\">\n\t\t\t\t\t<a class=\"elementor-button elementor-button-link elementor-size-sm elementor-animation-grow\" href=\"\/ca\/consells-practics\/\">\n\t\t\t\t\t\t<span class=\"elementor-button-content-wrapper\">\n\t\t\t\t\t\t\t\t\t<span class=\"elementor-button-text\">PREPARA'T<\/span>\n\t\t\t\t\t<\/span>\n\t\t\t\t\t<\/a>\n\t\t\t\t<\/div>\n\t\t\t\t\t\t\t\t<\/div>\n\t\t\t\t<\/div>\n\t\t\t\t\t<\/div>\n\t\t<\/div>\n\t\t\t\t<div class=\"elementor-column elementor-col-33 elementor-top-column elementor-element elementor-element-717a0518\" data-id=\"717a0518\" data-element_type=\"column\" data-e-type=\"column\">\n\t\t\t<div class=\"elementor-widget-wrap elementor-element-populated\">\n\t\t\t\t\t\t<div class=\"elementor-element elementor-element-54f8dd86 elementor-widget elementor-widget-heading\" data-id=\"54f8dd86\" data-element_type=\"widget\" data-e-type=\"widget\" data-widget_type=\"heading.default\">\n\t\t\t\t<div class=\"elementor-widget-container\">\n\t\t\t\t\t<h4 class=\"elementor-heading-title elementor-size-default\">el Cam\u00ed Ignasi\u00e0<\/h4>\t\t\t\t<\/div>\n\t\t\t\t<\/div>\n\t\t\t\t<div class=\"elementor-element elementor-element-7b8a1c94 elementor-widget elementor-widget-text-editor\" data-id=\"7b8a1c94\" data-element_type=\"widget\" data-e-type=\"widget\" data-widget_type=\"text-editor.default\">\n\t\t\t\t<div class=\"elementor-widget-container\">\n\t\t\t\t\t\t\t\t\t<p>La seva hist\u00f2ria, peregrinant pel passat, per l&#8217;Espanya Ignasiana, agra\u00efments&#8230;<\/p>\n\t\t\t\t\t\t\t\t<\/div>\n\t\t\t\t<\/div>\n\t\t\t\t<div class=\"elementor-element elementor-element-426b691e elementor-align-center elementor-widget elementor-widget-button\" data-id=\"426b691e\" data-element_type=\"widget\" data-e-type=\"widget\" data-widget_type=\"button.default\">\n\t\t\t\t<div class=\"elementor-widget-container\">\n\t\t\t\t\t\t\t\t\t<div class=\"elementor-button-wrapper\">\n\t\t\t\t\t<a class=\"elementor-button elementor-button-link elementor-size-sm elementor-animation-grow\" href=\"\/ca\/el-cami-ignasia\/\">\n\t\t\t\t\t\t<span class=\"elementor-button-content-wrapper\">\n\t\t\t\t\t\t\t\t\t<span class=\"elementor-button-text\">DESCOBREIX-HO<\/span>\n\t\t\t\t\t<\/span>\n\t\t\t\t\t<\/a>\n\t\t\t\t<\/div>\n\t\t\t\t\t\t\t\t<\/div>\n\t\t\t\t<\/div>\n\t\t\t\t\t<\/div>\n\t\t<\/div>\n\t\t\t\t<div class=\"elementor-column elementor-col-33 elementor-top-column elementor-element elementor-element-1f548499\" data-id=\"1f548499\" data-element_type=\"column\" data-e-type=\"column\">\n\t\t\t<div class=\"elementor-widget-wrap elementor-element-populated\">\n\t\t\t\t\t\t<div class=\"elementor-element elementor-element-1e6cfee6 elementor-widget elementor-widget-heading\" data-id=\"1e6cfee6\" data-element_type=\"widget\" data-e-type=\"widget\" data-widget_type=\"heading.default\">\n\t\t\t\t<div class=\"elementor-widget-container\">\n\t\t\t\t\t<h4 class=\"elementor-heading-title elementor-size-default\">L'Oficina del Pelegr\u00ed<\/h4>\t\t\t\t<\/div>\n\t\t\t\t<\/div>\n\t\t\t\t<div class=\"elementor-element elementor-element-3d97012a elementor-widget elementor-widget-text-editor\" data-id=\"3d97012a\" data-element_type=\"widget\" data-e-type=\"widget\" data-widget_type=\"text-editor.default\">\n\t\t\t\t<div class=\"elementor-widget-container\">\n\t\t\t\t\t\t\t\t\t<p>Experi\u00e8ncies, activitats, ag\u00e8ncies, credencials, associacions, cam\u00ed del respecte&#8230;<\/p>\n\t\t\t\t\t\t\t\t<\/div>\n\t\t\t\t<\/div>\n\t\t\t\t<div class=\"elementor-element elementor-element-3148d5d5 elementor-align-center elementor-widget elementor-widget-button\" data-id=\"3148d5d5\" data-element_type=\"widget\" data-e-type=\"widget\" data-widget_type=\"button.default\">\n\t\t\t\t<div class=\"elementor-widget-container\">\n\t\t\t\t\t\t\t\t\t<div class=\"elementor-button-wrapper\">\n\t\t\t\t\t<a class=\"elementor-button elementor-button-link elementor-size-sm elementor-animation-grow\" href=\"\/ca\/oficina\/\">\n\t\t\t\t\t\t<span class=\"elementor-button-content-wrapper\">\n\t\t\t\t\t\t\t\t\t<span class=\"elementor-button-text\">t'ajudem<\/span>\n\t\t\t\t\t<\/span>\n\t\t\t\t\t<\/a>\n\t\t\t\t<\/div>\n\t\t\t\t\t\t\t\t<\/div>\n\t\t\t\t<\/div>\n\t\t\t\t\t<\/div>\n\t\t<\/div>\n\t\t\t\t\t<\/div>\n\t\t<\/section>\n\t\t\t\t<\/div>\n\t\t","protected":false},"excerpt":{"rendered":"<p>Peregrinant en la nostra vida Els Exercicis Espirituals i el pelegrinatge en el Cam\u00ed Ignasi\u00e0 Sant Ignasi de Loiola ens va deixar una her\u00e8ncia espiritual de gran valor en els seus Exercicis Espirituals. Precisament \u201cExercicis\u201d perqu\u00e8 s\u00f3n per a \u201cexercitar-se\u201d i arribar a tenir una bona \u201cforma espiritual\u201d. El Cam\u00ed Ignasi\u00e0 ens ofereix oportunitats abundoses [&hellip;]<\/p>\n","protected":false},"author":1,"featured_media":0,"parent":0,"menu_order":0,"comment_status":"closed","ping_status":"closed","template":"","meta":{"_acf_changed":false,"footnotes":""},"class_list":["post-8210","page","type-page","status-publish","hentry"],"acf":[],"_links":{"self":[{"href":"https:\/\/caminoignaciano.org\/ca\/wp-json\/wp\/v2\/pages\/8210","targetHints":{"allow":["GET"]}}],"collection":[{"href":"https:\/\/caminoignaciano.org\/ca\/wp-json\/wp\/v2\/pages"}],"about":[{"href":"https:\/\/caminoignaciano.org\/ca\/wp-json\/wp\/v2\/types\/page"}],"author":[{"embeddable":true,"href":"https:\/\/caminoignaciano.org\/ca\/wp-json\/wp\/v2\/users\/1"}],"replies":[{"embeddable":true,"href":"https:\/\/caminoignaciano.org\/ca\/wp-json\/wp\/v2\/comments?post=8210"}],"version-history":[{"count":0,"href":"https:\/\/caminoignaciano.org\/ca\/wp-json\/wp\/v2\/pages\/8210\/revisions"}],"wp:attachment":[{"href":"https:\/\/caminoignaciano.org\/ca\/wp-json\/wp\/v2\/media?parent=8210"}],"curies":[{"name":"wp","href":"https:\/\/api.w.org\/{rel}","templated":true}]}}