{"id":16872,"date":"2019-03-27T08:41:20","date_gmt":"2019-03-27T07:41:20","guid":{"rendered":"http:\/\/caminoignaciano.sjdigitaldemo.ovh\/pistas-ignacianas-28\/"},"modified":"2019-03-27T08:51:50","modified_gmt":"2019-03-27T07:51:50","slug":"pistas-ignacianas-28","status":"publish","type":"page","link":"https:\/\/caminoignaciano.org\/ca\/pistas-ignacianas-28\/","title":{"rendered":"Pistas ignacianas 28"},"content":{"rendered":"\t\t<div data-elementor-type=\"wp-post\" data-elementor-id=\"16872\" class=\"elementor elementor-16872 elementor-16865\" data-elementor-post-type=\"page\">\n\t\t\t\t\t\t<section class=\"elementor-section elementor-top-section elementor-element elementor-element-4e3a03c3 elementor-section-boxed elementor-section-height-default elementor-section-height-default\" data-id=\"4e3a03c3\" data-element_type=\"section\" data-e-type=\"section\" data-settings=\"{&quot;background_background&quot;:&quot;classic&quot;,&quot;shape_divider_bottom&quot;:&quot;mountains&quot;}\">\n\t\t\t\t\t\t\t<div class=\"elementor-background-overlay\"><\/div>\n\t\t\t\t\t\t<div class=\"elementor-shape elementor-shape-bottom\" aria-hidden=\"true\" data-negative=\"false\">\n\t\t\t<svg xmlns=\"http:\/\/www.w3.org\/2000\/svg\" viewBox=\"0 0 1000 100\" preserveAspectRatio=\"none\">\n\t<path class=\"elementor-shape-fill\" opacity=\"0.33\" d=\"M473,67.3c-203.9,88.3-263.1-34-320.3,0C66,119.1,0,59.7,0,59.7V0h1000v59.7 c0,0-62.1,26.1-94.9,29.3c-32.8,3.3-62.8-12.3-75.8-22.1C806,49.6,745.3,8.7,694.9,4.7S492.4,59,473,67.3z\"\/>\n\t<path class=\"elementor-shape-fill\" opacity=\"0.66\" d=\"M734,67.3c-45.5,0-77.2-23.2-129.1-39.1c-28.6-8.7-150.3-10.1-254,39.1 s-91.7-34.4-149.2,0C115.7,118.3,0,39.8,0,39.8V0h1000v36.5c0,0-28.2-18.5-92.1-18.5C810.2,18.1,775.7,67.3,734,67.3z\"\/>\n\t<path class=\"elementor-shape-fill\" d=\"M766.1,28.9c-200-57.5-266,65.5-395.1,19.5C242,1.8,242,5.4,184.8,20.6C128,35.8,132.3,44.9,89.9,52.5C28.6,63.7,0,0,0,0 h1000c0,0-9.9,40.9-83.6,48.1S829.6,47,766.1,28.9z\"\/>\n<\/svg>\t\t<\/div>\n\t\t\t\t\t<div class=\"elementor-container elementor-column-gap-default\">\n\t\t\t\t\t<div class=\"elementor-column elementor-col-100 elementor-top-column elementor-element elementor-element-7557780d\" data-id=\"7557780d\" data-element_type=\"column\" data-e-type=\"column\">\n\t\t\t<div class=\"elementor-widget-wrap elementor-element-populated\">\n\t\t\t\t\t\t<div class=\"elementor-element elementor-element-13bc7051 elementor-widget elementor-widget-heading\" data-id=\"13bc7051\" data-element_type=\"widget\" data-e-type=\"widget\" data-widget_type=\"heading.default\">\n\t\t\t\t<div class=\"elementor-widget-container\">\n\t\t\t\t\t<h1 class=\"elementor-heading-title elementor-size-default\">Pistes ignasianes<\/h1>\t\t\t\t<\/div>\n\t\t\t\t<\/div>\n\t\t\t\t<div class=\"elementor-element elementor-element-6a6f67b elementor-widget elementor-widget-text-editor\" data-id=\"6a6f67b\" data-element_type=\"widget\" data-e-type=\"widget\" data-widget_type=\"text-editor.default\">\n\t\t\t\t<div class=\"elementor-widget-container\">\n\t\t\t\t\t\t\t\t\t<h2>\u00daltima meditaci\u00f3 dels nostres Exercicis Espirituals.<\/h2>\n<p><strong>Anotacions:<\/strong> La pr\u00e0ctica d\u2019aquests exercicis ja ens ha donat un estil personal. Cada pelegr\u00ed ha de trobar la manera de seguir avan\u00e7ant i superant etapes en el seu \u201cpelegrinatge interior.\u201d Si es desitja, a \u201cLa Cova de Manresa\u201d hi ha for\u00e7a material editat per poder seguir creixent en aquesta espiritualitat ignasiana. Sempre ser\u00e0 bo demanar consell!<\/p>\n<p><strong>Petici\u00f3:<\/strong> Demano al Pare que em doni un coneixement \u00edntim dels molts dons rebuts, i que ple de gratitud per tots ells, pugui en tot estimar i servir a la Divina Majestat. Demano que l\u2019experi\u00e8ncia de Sant Ignasi de Loiola em pugui orientar tamb\u00e9 en la meva pr\u00f2pia vida.<\/p>\n\t\t\t\t\t\t\t\t<\/div>\n\t\t\t\t<\/div>\n\t\t\t\t\t<\/div>\n\t\t<\/div>\n\t\t\t\t\t<\/div>\n\t\t<\/section>\n\t\t\t\t<section class=\"elementor-section elementor-top-section elementor-element elementor-element-57eee633 elementor-section-boxed elementor-section-height-default elementor-section-height-default\" data-id=\"57eee633\" data-element_type=\"section\" data-e-type=\"section\">\n\t\t\t\t\t\t<div class=\"elementor-container elementor-column-gap-default\">\n\t\t\t\t\t<div class=\"elementor-column elementor-col-100 elementor-top-column elementor-element elementor-element-3dceae7e\" data-id=\"3dceae7e\" data-element_type=\"column\" data-e-type=\"column\">\n\t\t\t<div class=\"elementor-widget-wrap elementor-element-populated\">\n\t\t\t\t\t\t<div class=\"elementor-element elementor-element-ceefdb1 elementor-widget elementor-widget-text-editor\" data-id=\"ceefdb1\" data-element_type=\"widget\" data-e-type=\"widget\" data-widget_type=\"text-editor.default\">\n\t\t\t\t<div class=\"elementor-widget-container\">\n\t\t\t\t\t\t\t\t\t<p><strong>Reflexiones:<\/strong> Avui reprenem la mateixa meditaci\u00f3 d\u2019ahir, per\u00f2 ens centrem en el pelegrinatge que hem acabat: tot el Cam\u00ed Ignasi\u00e0 ha estat una experi\u00e8ncia de l\u2019Amor de D\u00e9u en m\u00faltiples manifestacions. Avui dediquem el nostre temps de meditaci\u00f3 a repassar totes les etapes del nostre Cam\u00ed des d\u2019aquesta contemplaci\u00f3 de l\u2019Amor. Donem gr\u00e0cies a D\u00e9u i ens preparem per tornar al nostre m\u00f3n quotidi\u00e0.<\/p>\n<h3>CONTEMPLACI\u00d3 PER ASSOLIR AMOR<\/h3>\n<p>Primer, conv\u00e9 adonar-se de dues coses:<\/p>\n<p>La primera \u00e9s que l\u2019amor s\u2019ha de posar m\u00e9s en les obres que en les paraules.<\/p>\n<p>La segona, que l\u2019amor consisteix en comunicaci\u00f3 de les dues parts, \u00e9s a dir, en donar i comunicar l\u2019amant a l\u2019amat el que t\u00e9 o del que t\u00e9 i pot, i aix\u00ed, tamb\u00e9 al contrari, l\u2019amat a l\u2019amant; de manera que si l\u2019un t\u00e9 saviesa, la d\u00f3na al qui no la t\u00e9, o honors, o riqueses, i aix\u00ed sempre entre ells.<\/p>\n<p>Despr\u00e9s: torno a la preg\u00e0ria introduct\u00f2ria i demano que tot sigui ordenat a la voluntat de D\u00e9u.<\/p>\n<p>A continuaci\u00f3, em situo en la contemplaci\u00f3 que far\u00e9. Imagino que estic davant de D\u00e9u Pare, de Jes\u00fas el Fill, i de l\u2019Esperit d\u2019Amor que m\u2019ha creat en la meva humanitat.<\/p>\n<p>Segueixo fent conscient el desig d\u2019avui: Demano a D\u00e9u que em doni un coneixement intern dels molts dons rebuts, i que ple de gratitud per tots ells, pugui en tot estimar i servir a la Divina Majestat.<\/p>\n<p>I comen\u00e7o la contemplaci\u00f3. El primer punt \u00e9s fer mem\u00f2ria dels beneficis rebuts de part de D\u00e9u, al llarg de tot el pelegrinatge, tant els que em van semblar bons des del principi com els que ara descobreixo que no eren tan dolents. I amb aix\u00f2 reflexionar sobre mi mateix, considerant amb molta ra\u00f3 i just\u00edcia el que jo haig d\u2019oferir de mi i donar a sa divina Majestat, \u00e9s a dir, totes les meves coses i a mi mateix amb elles.<\/p>\n<p>A m\u00e9s, si ho desitjo, podria considerar que aquell que desitgi ser m\u00e9s conseq\u00fcent far\u00e0 l\u2019oferiment seg\u00fcent: Preneu, Senyor, i rebeu tota la meva llibertat, la meva mem\u00f2ria, el meu enteniment i tota la meva voluntat, tot el meu haver i el meu posseir; V\u00f3s m\u2019ho don\u00e0reu, a V\u00f3s, Senyor, us ho torno; tot \u00e9s vostre, disposeu-ho a tota la vostra voluntat; doneu-me el vostre amor i la vostra gr\u00e0cia, que aquesta em basta.<\/p>\n<p>Acabat el primer punt, Ignasi ens proposa un segon: mirar com D\u00e9u era present en cadascuna de les trobades, en les coses, en el que m\u2019envoltava, dintre meu; igualment, pensant en mi mateix, la manera com habito en all\u00f2 que faig i al servei de qui ho poso. En acabar aquest punt, tornar a l\u2019oferiment del punt anterior: Preneu, Seny i rebeu\u2026<\/p>\n<p>El tercer consisteix en considerar com D\u00e9u treballa i malda per mi en totes les coses i \u00e9ssers que he descobert en el Cam\u00ed. Despr\u00e9s pensar en mi mateix i en el que jo puc fer a canvi d\u2019aquest amor. Acabar tamb\u00e9 aquest punt tornant a l\u2019oferiment del punt anterior: Preneu. Senyor, i rebeu\u2026<\/p>\n<p>El quart: mirar com tots els b\u00e9ns i dons rebuts al llarg del meu pelegrinatge han descendit de dalt, aix\u00ed com les meves forces provenien del poder infinit de D\u00e9u, i aix\u00ed tamb\u00e9 la just\u00edcia, la bondat, la pietat, la miseric\u00f2rdia, i totes les altres coses bones que s\u00f3c capa\u00e7 de percebre en mi, tal i com del sol descendeixen els raigs, de la font les aig\u00fces, etc. Despr\u00e9s de considerar l\u2019origen de tots els b\u00e9ns, acabar pensant en mi mateix, la forma com jo retorno tot el que he rebut en el pelegrinatge. Acabar aquest punt tornant a l\u2019oferiment del punt anterior: Preneu, Senyor, i rebeu\u2026<\/p>\n<p>Acabar amb l\u2019habitual col\u00b7loqui i un Parenostre. Col\u00b7loqui final: Fer un resum del meditat en l\u2019estona de preg\u00e0ria, parlant amb Jes\u00fas com un amic ho fa amb un altre. Sincerar-se amb ell sobre els punts trobats en aquest temps de preg\u00e0ria. Acabar amb el Parenostre.<\/p>\n\t\t\t\t\t\t\t\t<\/div>\n\t\t\t\t<\/div>\n\t\t\t\t\t<\/div>\n\t\t<\/div>\n\t\t\t\t\t<\/div>\n\t\t<\/section>\n\t\t\t\t<\/div>\n\t\t","protected":false},"excerpt":{"rendered":"<p>Pistes ignasianes \u00daltima meditaci\u00f3 dels nostres Exercicis Espirituals. Anotacions: La pr\u00e0ctica d\u2019aquests exercicis ja ens ha donat un estil personal. Cada pelegr\u00ed ha de trobar la manera de seguir avan\u00e7ant i superant etapes en el seu \u201cpelegrinatge interior.\u201d Si es desitja, a \u201cLa Cova de Manresa\u201d hi ha for\u00e7a material editat per poder seguir creixent [&hellip;]<\/p>\n","protected":false},"author":1,"featured_media":0,"parent":0,"menu_order":0,"comment_status":"closed","ping_status":"closed","template":"","meta":{"_acf_changed":false,"footnotes":""},"class_list":["post-16872","page","type-page","status-publish","hentry"],"acf":[],"_links":{"self":[{"href":"https:\/\/caminoignaciano.org\/ca\/wp-json\/wp\/v2\/pages\/16872","targetHints":{"allow":["GET"]}}],"collection":[{"href":"https:\/\/caminoignaciano.org\/ca\/wp-json\/wp\/v2\/pages"}],"about":[{"href":"https:\/\/caminoignaciano.org\/ca\/wp-json\/wp\/v2\/types\/page"}],"author":[{"embeddable":true,"href":"https:\/\/caminoignaciano.org\/ca\/wp-json\/wp\/v2\/users\/1"}],"replies":[{"embeddable":true,"href":"https:\/\/caminoignaciano.org\/ca\/wp-json\/wp\/v2\/comments?post=16872"}],"version-history":[{"count":0,"href":"https:\/\/caminoignaciano.org\/ca\/wp-json\/wp\/v2\/pages\/16872\/revisions"}],"wp:attachment":[{"href":"https:\/\/caminoignaciano.org\/ca\/wp-json\/wp\/v2\/media?parent=16872"}],"curies":[{"name":"wp","href":"https:\/\/api.w.org\/{rel}","templated":true}]}}